{"id":23,"date":"2016-03-17T16:51:35","date_gmt":"2016-03-17T16:51:35","guid":{"rendered":"http:\/\/hotellancelot.lztic.com\/?page_id=23"},"modified":"2020-08-21T08:57:38","modified_gmt":"2020-08-21T08:57:38","slug":"hotel-playa-arrecife-lanzarote-la-ciudad-de-arrecife-y-la-playa-del-reducto","status":"publish","type":"page","link":"https:\/\/hotellancelot.com\/de\/hotel-playa-arrecife-lanzarote-la-ciudad-de-arrecife-y-la-playa-del-reducto\/","title":{"rendered":"Lanzarote"},"content":{"rendered":"<div class=\"wpb-content-wrapper\"><p>[vc_row row_type=&#8220;row&#8220; use_row_as_full_screen_section=&#8220;no&#8220; type=&#8220;grid&#8220; angled_section=&#8220;no&#8220; text_align=&#8220;left&#8220; background_image_as_pattern=&#8220;without_pattern&#8220; css_animation=&#8220;&#8220; z_index=&#8220;&#8220;][vc_column][vc_column_text]<\/p>\n<h2>Die Stadt Arrecife und Playa del Redoubt<\/h2>\n<p>[\/vc_column_text][layerslider_vc id=&#8220;2&#8243;][\/vc_column][\/vc_row][vc_row row_type=&#8220;row&#8220; use_row_as_full_screen_section=&#8220;no&#8220; type=&#8220;grid&#8220; angled_section=&#8220;no&#8220; text_align=&#8220;left&#8220; background_image_as_pattern=&#8220;without_pattern&#8220; css_animation=&#8220;&#8220; z_index=&#8220;&#8220;][vc_column width=&#8220;1\/2&#8243;][vc_column_text css=&#8220;.vc_custom_1460141736908{margin-top: 30px !important;}&#8220;]<\/p>\n<h2>Lanzarote<\/h2>\n<p>Lanzarote, ist die eigenwilligste der Kanarischen Inseln, fremdartig, bizarre und vergleichbar mit einer Mondlandschaft. Wenige Gr\u00fcnfl\u00e4chen, kaum B\u00e4ume, viel schwarze Lavamasse.<\/p>\n<p>Die Gruppe der Kanarischen Inseln besteht aus 7 gr\u00f6sseren Haupt- und 6 Nebeninseln bzw. Felsenriffen, und erstreckt sich mit einer Gesamtgr\u00f6sse von 7499 qkm ca. 500 km von Ost nach West (13\u00ba 20\u00b4 und 18\u00ba 9\u00b4 westlicher L\u00e4nge) und mehr als 200 km von S\u00fcd nach Nord (27\u00ba 38\u00b4 und 29\u00ba 25\u00b4 n\u00f6rdlicher Breite) Lanzarote, ist die am weitesten nord\u00f6stlich gelegene Insel des Archipels, nur rund 125 km vom afrikanischen Festland entfernt und mit einer Gesamtfl\u00e4che von rund 800 qkm die viertgr\u00f6sste der Kanarischen Inseln.<br \/>\nLanzarote ist eine der Inseln \u00e4ltesten und vulkanischen Kanarischen Inseln, ein Land der Kontraste, reine Geologie, Unterwasser- und Mondslandsch\u00e4ften, klares Wasser und Palmen-Oase. Der Architekt C\u00e9sar Manrique hat auf die Insel eine Erbe mit perfekcter Harmonie von Mensch und Natur f\u00fcr die zuk\u00fcnftige Generationen verlassen.<br \/>\nLanzarote Klima ist durch die mildere Temperaturen, mit einem j\u00e4hrlichen Durchschnitt rund 22 \u00ba C und die st\u00e4ndige Anwesenheit von Alisioswinde bekannt. Die Alisios erlauben die Praxis der verschiedenen Sportarten, darunter auch Tauchen, Surfen , Windsurfen und andere Wassersportarten Modalit\u00e4ten, Geniessen Sie ein Bad in einem von vielen wundersch\u00f6nen Str\u00e4nden, wie Playas del Papagayo (Playa Mujeres, Playa de Papagayo, Playa Playa Port gut und Molaren), alle mit goldenen Sand, ruhigen Wasser und mit Blick auf die Insel Lobos und Fuerteventura.[\/vc_column_text][vc_separator type=&#8220;transparent&#8220; up=&#8220;30&#8243; down=&#8220;30&#8243;]<div class=\"call_to_action normal\" style=\"\"><div class=\"container_inner\"><div class=\"two_columns_75_25 clearfix\"><div class=\"text_wrapper column1\"><div class=\"call_to_action_text \" style=\"\">\n<div class=\"wpb_column vc_column_container vc_col-sm-6\">\n<div class=\"vc_column-inner \">\n<div class=\"wpb_wrapper\">\n<div class=\"wpb_text_column wpb_content_element \">\n<div class=\"wpb_wrapper\">\n<p>F\u00fcr weitere Informationen besuchen Sie die offizielle Website des<\/p>\n<\/div>\n<\/div>\n<\/div>\n<\/div>\n<\/div>\n<div class=\"wpb_column vc_column_container vc_col-sm-6\">&nbsp;<\/div>\n<\/div><\/div><div class=\"button_wrapper column2\"><a itemprop=\"url\" href=\"http:\/\/www.turismolanzarote.com\" class=\"qbutton white small\" target=\"_blank\" style=\"color: #545454;background-color:#ffffff;\" > Tourismus Lanzarote<\/a><\/div><\/div><\/div><\/div>[vc_separator type=&#8220;transparent&#8220; up=&#8220;30&#8243; down=&#8220;30&#8243;][vc_single_image image=&#8220;363&#8243; img_size=&#8220;full&#8220; alignment=&#8220;center&#8220; qode_css_animation=&#8220;&#8220; css=&#8220;.vc_custom_1460143102344{margin-top: 30px !important;margin-bottom: 30px !important;}&#8220;][\/vc_column][vc_column width=&#8220;1\/2&#8243;][vc_column_text css=&#8220;.vc_custom_1460142923535{margin-top: 30px !important;}&#8220;]<\/p>\n<h2>Das Hotel Lancelot<\/h2>\n<p>Seit dem Jahre 1853 ist Arrecife (die Riffe) Hauptstadt der Insel Lanzarote.<br \/>\nArchitektonisch gesehen ist sie nicht besonders interessant, hat aber geschichtlich gesehen durchaus einiges vorzuweisen. Wir bieten Ihnen eine Kombination zwischen der Vergangenheit und der Gegenwart, zwischen Kultur und Shopping.<\/p>\n<blockquote><p><strong>Unter anderen sehen Sie das Castillo San Gabriel, die Kugelbr\u00fccke, das Charco San Gines.<br \/>\nSie stoppen am Hungerkastell, dem Castillo San Jose. Erbaut in den Jahren 1776 bis 1779 im Auftrage des K\u00f6nigs Carlos III. Geniessen Sie den Blick auf den Hafen, auf Arrecife bis zur Costa Teguise. Im Castillo San Jose befindet sich das Museum f\u00fcr zeitgen\u00f6ssische Kunst, welches von C. Manrique mitgestaltet wurde..<\/strong><\/p>\n<p>Geniessen Sie die freie Zeit zum preiswerten Shopping in der Inselhauptstadt. Zahlreiche Einkaufsm\u00f6glichkeiten bietet die Haupteinkaufsstrasse &#8222;Calle Leon y Castillo&#8220; oder auch Calle Real, wie sie die Einheimischen nennen. Machen Sie Abschliessend eine Kaffeepause an der Lagune von &#8222;San Gines&#8220;, Heute sind diese und andere Denkm\u00e4ler als Ausstellungshallen und Museen f\u00fcr zeitgen\u00f6ssische Kunst gesetz. Sie bieten ein interessantes kulturelles Leben an.<\/p>\n<p><strong>F\u00fcr diejenigen, die Wassersport w\u00fcnschen, bietet Arrecife eines der hervorragenden und vielen Segeleigenschaften, wo Sie Sportarten wie Windsurfen und Segeln \u00fcben k\u00f6nnen, an. Und diejenigen, die Golf spielen wollen, haben einen nahe gelegenen Feld in einer atemberaubenden vulkanischen Ursprungs in Costa Teguise.<\/strong><\/p>\n<p>Das Hotel Lancelot liegt an der Prominade von Playa del Reducto, der mit allen Annehmlichkeiten wie Duschen, Umkleider\u00e4ume, Toiletten, Abfallbeh\u00e4lter, usw eingerichtet ist. Es ist ein nat\u00fcrlicher Strand, der mit einer breiten Palette von Dienstleistungen zur Verf\u00fcgung ausgestattet ist und ruhiges Wasser durch das Riff, das es sch\u00fctzt, hat. Es ist ideal f\u00fcr einen ruhigen Bad, sogar mit Kindern zu gehen.<\/p>\n<p>Der Strand hat eine au\u00dfergew\u00f6hnliche Prominade, perfekt ausgeleuchteten Stra\u00dfe, die in den verschiedenen Gesch\u00e4ften, Restaurants und Caf\u00e9s entstehen. Hier befindet sich das Hotel Lancelot.<\/p>\n<h2>&nbsp;<\/h2>\n<p>[\/vc_column_text][vc_single_image image=&#8220;282&#8243; img_size=&#8220;large&#8220; alignment=&#8220;center&#8220; onclick=&#8220;img_link_large&#8220; qode_css_animation=&#8220;&#8220; css=&#8220;.vc_custom_1460142754349{margin-top: 30px !important;margin-bottom: 30px !important;}&#8220;][\/vc_column][\/vc_row][vc_row row_type=&#8220;row&#8220; use_row_as_full_screen_section=&#8220;yes&#8220; type=&#8220;grid&#8220; angled_section=&#8220;no&#8220; text_align=&#8220;left&#8220; background_image_as_pattern=&#8220;without_pattern&#8220; css_animation=&#8220;&#8220; css=&#8220;.vc_custom_1594725567820{margin-top: 60px !important;padding-top: 40px !important;padding-bottom: 40px !important;background-color: #ffffff !important;}&#8220; z_index=&#8220;&#8220;][vc_column width=&#8220;1\/2&#8243;][vc_column_text]<\/p>\n<h3><strong>Entfernungen:<\/strong><\/h3>\n<ul class=\"list\">\n<li>Arrecife (ACE) <strong>6.0 km<\/strong><\/li>\n<li>T\u00edas<strong> 12.4 km<\/strong><\/li>\n<li>San Bartolom\u00e9 <strong>15.1 km<\/strong><\/li>\n<li>Puerto del Carmen<strong> 16.5 km<\/strong><\/li>\n<li>Puerto Calero<strong> 18.8 km<\/strong><\/li>\n<li>Costa Teguise <strong>12.2 km<\/strong><\/li>\n<li>Yaiza <strong>24.1 km<\/strong><\/li>\n<li>Playa Blanca <strong>30.6 km<\/strong><\/li>\n<li>Har\u00eda<strong> 26.0 km<\/strong><\/li>\n<\/ul>\n<p>&nbsp;[\/vc_column_text][\/vc_column][vc_column width=&#8220;1\/2&#8243;][vc_column_text]<\/p>\n<h3><strong>Wie erreichbar?<\/strong><\/h3>\n<p>Um ins Hotel anzukommen, k\u00f6nnen Sie ein Auto am Flughafen mieten, und in der Stadt Arrecife auf den Spuren LZ-2, LZ-20, LZ-1-oder LZ-101 einzufahren. Einmal in der Stadt sollten Sie Fred Olsen Avenue suchen, genau an der Prominade entlang.<\/p>\n<p>.[\/vc_column_text][vc_single_image image=&#8220;738&#8243; img_size=&#8220;full&#8220; onclick=&#8220;custom_link&#8220; img_link_target=&#8220;_blank&#8220; qode_css_animation=&#8220;&#8220; qode_hover_animation=&#8220;zoom_in&#8220; title=&#8220;Download karte&#8220; link=&#8220;https:\/\/hotellancelot.com\/wp-content\/uploads\/2016\/04\/mapa_lanzarote.pdf&#8220; css=&#8220;.vc_custom_1594734790922{margin-top: 30px !important;}&#8220;][\/vc_column][\/vc_row][vc_row row_type=&#8220;row&#8220; use_row_as_full_screen_section=&#8220;no&#8220; type=&#8220;full_width&#8220; angled_section=&#8220;no&#8220; text_align=&#8220;left&#8220; background_image_as_pattern=&#8220;without_pattern&#8220; css_animation=&#8220;&#8220;][vc_column][vc_column_text]<\/p><\/blockquote>\n<p>[\/vc_column_text][\/vc_column][\/vc_row]<\/p>\n<\/div>","protected":false},"excerpt":{"rendered":"<p>[vc_row row_type=&#8220;row&#8220; use_row_as_full_screen_section=&#8220;no&#8220; type=&#8220;grid&#8220; angled_section=&#8220;no&#8220; text_align=&#8220;left&#8220; background_image_as_pattern=&#8220;without_pattern&#8220; css_animation=&#8220;&#8220; z_index=&#8220;&#8220;][vc_column][vc_column_text] Die Stadt Arrecife und Playa del Redoubt [\/vc_column_text][layerslider_vc id=&#8220;2&#8243;][\/vc_column][\/vc_row][vc_row row_type=&#8220;row&#8220; use_row_as_full_screen_section=&#8220;no&#8220; type=&#8220;grid&#8220; angled_section=&#8220;no&#8220; text_align=&#8220;left&#8220; background_image_as_pattern=&#8220;without_pattern&#8220; css_animation=&#8220;&#8220; z_index=&#8220;&#8220;][vc_column width=&#8220;1\/2&#8243;][vc_column_text css=&#8220;.vc_custom_1460141736908{margin-top: 30px !important;}&#8220;] Lanzarote Lanzarote, ist die eigenwilligste der Kanarischen Inseln, fremdartig, bizarre und vergleichbar mit einer Mondlandschaft&#8230;.<\/p>\n","protected":false},"author":1,"featured_media":0,"parent":0,"menu_order":0,"comment_status":"closed","ping_status":"closed","template":"full_width.php","meta":{"ngg_post_thumbnail":0,"footnotes":""},"class_list":["post-23","page","type-page","status-publish","hentry"],"yoast_head":"<!-- This site is optimized with the Yoast SEO plugin v27.4 - https:\/\/yoast.com\/product\/yoast-seo-wordpress\/ -->\n<title>Lanzarote - Hotel Lancelot<\/title>\n<meta name=\"robots\" content=\"index, follow, max-snippet:-1, max-image-preview:large, max-video-preview:-1\" \/>\n<link rel=\"canonical\" href=\"https:\/\/hotellancelot.com\/hotel-playa-arrecife-lanzarote-la-ciudad-de-arrecife-y-la-playa-del-reducto\/\" \/>\n<meta property=\"og:locale\" content=\"de_DE\" \/>\n<meta property=\"og:type\" content=\"article\" \/>\n<meta property=\"og:title\" content=\"Lanzarote - Hotel Lancelot\" \/>\n<meta property=\"og:description\" content=\"[vc_row row_type=&#8220;row&#8220; use_row_as_full_screen_section=&#8220;no&#8220; type=&#8220;grid&#8220; angled_section=&#8220;no&#8220; text_align=&#8220;left&#8220; background_image_as_pattern=&#8220;without_pattern&#8220; css_animation=&#8220;&#8220; z_index=&#8220;&#8220;][vc_column][vc_column_text] Die Stadt Arrecife und Playa del Redoubt [\/vc_column_text][layerslider_vc id=&#8220;2&#8243;][\/vc_column][\/vc_row][vc_row row_type=&#8220;row&#8220; use_row_as_full_screen_section=&#8220;no&#8220; type=&#8220;grid&#8220; angled_section=&#8220;no&#8220; text_align=&#8220;left&#8220; background_image_as_pattern=&#8220;without_pattern&#8220; css_animation=&#8220;&#8220; z_index=&#8220;&#8220;][vc_column width=&#8220;1\/2&#8243;][vc_column_text css=&#8220;.vc_custom_1460141736908{margin-top: 30px !important;}&#8220;] Lanzarote Lanzarote, ist die eigenwilligste der Kanarischen Inseln, fremdartig, bizarre und vergleichbar mit einer Mondlandschaft....\" \/>\n<meta property=\"og:url\" content=\"https:\/\/hotellancelot.com\/hotel-playa-arrecife-lanzarote-la-ciudad-de-arrecife-y-la-playa-del-reducto\/\" \/>\n<meta property=\"og:site_name\" content=\"Hotel Lancelot\" \/>\n<meta property=\"article:modified_time\" content=\"2020-08-21T08:57:38+00:00\" \/>\n<meta name=\"twitter:card\" content=\"summary_large_image\" \/>\n<meta name=\"twitter:label1\" content=\"Gesch\u00e4tzte Lesezeit\" \/>\n\t<meta name=\"twitter:data1\" content=\"5\u00a0Minuten\" \/>\n<script type=\"application\/ld+json\" class=\"yoast-schema-graph\">{\"@context\":\"https:\\\/\\\/schema.org\",\"@graph\":[{\"@type\":\"WebPage\",\"@id\":\"https:\\\/\\\/hotellancelot.com\\\/hotel-playa-arrecife-lanzarote-la-ciudad-de-arrecife-y-la-playa-del-reducto\\\/\",\"url\":\"https:\\\/\\\/hotellancelot.com\\\/hotel-playa-arrecife-lanzarote-la-ciudad-de-arrecife-y-la-playa-del-reducto\\\/\",\"name\":\"Lanzarote - Hotel Lancelot\",\"isPartOf\":{\"@id\":\"https:\\\/\\\/hotellancelot.com\\\/#website\"},\"datePublished\":\"2016-03-17T16:51:35+00:00\",\"dateModified\":\"2020-08-21T08:57:38+00:00\",\"breadcrumb\":{\"@id\":\"https:\\\/\\\/hotellancelot.com\\\/hotel-playa-arrecife-lanzarote-la-ciudad-de-arrecife-y-la-playa-del-reducto\\\/#breadcrumb\"},\"inLanguage\":\"de\",\"potentialAction\":[{\"@type\":\"ReadAction\",\"target\":[\"https:\\\/\\\/hotellancelot.com\\\/hotel-playa-arrecife-lanzarote-la-ciudad-de-arrecife-y-la-playa-del-reducto\\\/\"]}]},{\"@type\":\"BreadcrumbList\",\"@id\":\"https:\\\/\\\/hotellancelot.com\\\/hotel-playa-arrecife-lanzarote-la-ciudad-de-arrecife-y-la-playa-del-reducto\\\/#breadcrumb\",\"itemListElement\":[{\"@type\":\"ListItem\",\"position\":1,\"name\":\"Portada\",\"item\":\"https:\\\/\\\/hotellancelot.com\\\/\"},{\"@type\":\"ListItem\",\"position\":2,\"name\":\"Lanzarote\"}]},{\"@type\":\"WebSite\",\"@id\":\"https:\\\/\\\/hotellancelot.com\\\/#website\",\"url\":\"https:\\\/\\\/hotellancelot.com\\\/\",\"name\":\"Hotel Lancelot\",\"description\":\"Su Hotel el Arrecife - Lanzarote\",\"potentialAction\":[{\"@type\":\"SearchAction\",\"target\":{\"@type\":\"EntryPoint\",\"urlTemplate\":\"https:\\\/\\\/hotellancelot.com\\\/?s={search_term_string}\"},\"query-input\":{\"@type\":\"PropertyValueSpecification\",\"valueRequired\":true,\"valueName\":\"search_term_string\"}}],\"inLanguage\":\"de\"}]}<\/script>\n<!-- \/ Yoast SEO plugin. -->","yoast_head_json":{"title":"Lanzarote - Hotel Lancelot","robots":{"index":"index","follow":"follow","max-snippet":"max-snippet:-1","max-image-preview":"max-image-preview:large","max-video-preview":"max-video-preview:-1"},"canonical":"https:\/\/hotellancelot.com\/hotel-playa-arrecife-lanzarote-la-ciudad-de-arrecife-y-la-playa-del-reducto\/","og_locale":"de_DE","og_type":"article","og_title":"Lanzarote - Hotel Lancelot","og_description":"[vc_row row_type=&#8220;row&#8220; use_row_as_full_screen_section=&#8220;no&#8220; type=&#8220;grid&#8220; angled_section=&#8220;no&#8220; text_align=&#8220;left&#8220; background_image_as_pattern=&#8220;without_pattern&#8220; css_animation=&#8220;&#8220; z_index=&#8220;&#8220;][vc_column][vc_column_text] Die Stadt Arrecife und Playa del Redoubt [\/vc_column_text][layerslider_vc id=&#8220;2&#8243;][\/vc_column][\/vc_row][vc_row row_type=&#8220;row&#8220; use_row_as_full_screen_section=&#8220;no&#8220; type=&#8220;grid&#8220; angled_section=&#8220;no&#8220; text_align=&#8220;left&#8220; background_image_as_pattern=&#8220;without_pattern&#8220; css_animation=&#8220;&#8220; z_index=&#8220;&#8220;][vc_column width=&#8220;1\/2&#8243;][vc_column_text css=&#8220;.vc_custom_1460141736908{margin-top: 30px !important;}&#8220;] Lanzarote Lanzarote, ist die eigenwilligste der Kanarischen Inseln, fremdartig, bizarre und vergleichbar mit einer Mondlandschaft....","og_url":"https:\/\/hotellancelot.com\/hotel-playa-arrecife-lanzarote-la-ciudad-de-arrecife-y-la-playa-del-reducto\/","og_site_name":"Hotel Lancelot","article_modified_time":"2020-08-21T08:57:38+00:00","twitter_card":"summary_large_image","twitter_misc":{"Gesch\u00e4tzte Lesezeit":"5\u00a0Minuten"},"schema":{"@context":"https:\/\/schema.org","@graph":[{"@type":"WebPage","@id":"https:\/\/hotellancelot.com\/hotel-playa-arrecife-lanzarote-la-ciudad-de-arrecife-y-la-playa-del-reducto\/","url":"https:\/\/hotellancelot.com\/hotel-playa-arrecife-lanzarote-la-ciudad-de-arrecife-y-la-playa-del-reducto\/","name":"Lanzarote - Hotel Lancelot","isPartOf":{"@id":"https:\/\/hotellancelot.com\/#website"},"datePublished":"2016-03-17T16:51:35+00:00","dateModified":"2020-08-21T08:57:38+00:00","breadcrumb":{"@id":"https:\/\/hotellancelot.com\/hotel-playa-arrecife-lanzarote-la-ciudad-de-arrecife-y-la-playa-del-reducto\/#breadcrumb"},"inLanguage":"de","potentialAction":[{"@type":"ReadAction","target":["https:\/\/hotellancelot.com\/hotel-playa-arrecife-lanzarote-la-ciudad-de-arrecife-y-la-playa-del-reducto\/"]}]},{"@type":"BreadcrumbList","@id":"https:\/\/hotellancelot.com\/hotel-playa-arrecife-lanzarote-la-ciudad-de-arrecife-y-la-playa-del-reducto\/#breadcrumb","itemListElement":[{"@type":"ListItem","position":1,"name":"Portada","item":"https:\/\/hotellancelot.com\/"},{"@type":"ListItem","position":2,"name":"Lanzarote"}]},{"@type":"WebSite","@id":"https:\/\/hotellancelot.com\/#website","url":"https:\/\/hotellancelot.com\/","name":"Hotel Lancelot","description":"Su Hotel el Arrecife - Lanzarote","potentialAction":[{"@type":"SearchAction","target":{"@type":"EntryPoint","urlTemplate":"https:\/\/hotellancelot.com\/?s={search_term_string}"},"query-input":{"@type":"PropertyValueSpecification","valueRequired":true,"valueName":"search_term_string"}}],"inLanguage":"de"}]}},"_links":{"self":[{"href":"https:\/\/hotellancelot.com\/de\/wp-json\/wp\/v2\/pages\/23","targetHints":{"allow":["GET"]}}],"collection":[{"href":"https:\/\/hotellancelot.com\/de\/wp-json\/wp\/v2\/pages"}],"about":[{"href":"https:\/\/hotellancelot.com\/de\/wp-json\/wp\/v2\/types\/page"}],"author":[{"embeddable":true,"href":"https:\/\/hotellancelot.com\/de\/wp-json\/wp\/v2\/users\/1"}],"replies":[{"embeddable":true,"href":"https:\/\/hotellancelot.com\/de\/wp-json\/wp\/v2\/comments?post=23"}],"version-history":[{"count":64,"href":"https:\/\/hotellancelot.com\/de\/wp-json\/wp\/v2\/pages\/23\/revisions"}],"predecessor-version":[{"id":1123,"href":"https:\/\/hotellancelot.com\/de\/wp-json\/wp\/v2\/pages\/23\/revisions\/1123"}],"wp:attachment":[{"href":"https:\/\/hotellancelot.com\/de\/wp-json\/wp\/v2\/media?parent=23"}],"curies":[{"name":"wp","href":"https:\/\/api.w.org\/{rel}","templated":true}]}}