{"id":230,"date":"2016-03-21T16:55:11","date_gmt":"2016-03-21T16:55:11","guid":{"rendered":"http:\/\/hotellancelot.lztic.com\/?page_id=230"},"modified":"2018-12-14T17:24:38","modified_gmt":"2018-12-14T17:24:38","slug":"aviso-legal","status":"publish","type":"page","link":"https:\/\/hotellancelot.com\/de\/aviso-legal\/","title":{"rendered":"Impressum"},"content":{"rendered":"<h3>1. <strong>UNTERNEHMENSDATEN<\/strong><\/h3>\n<p>In \u00dcbereinstimmung mit dem Artikel 10 des Gesetzes 34\/2002 vom 11. Juli \u00fcber Dienstleistungen der Informationsgesellschaft und des elektronischen Handels sind die Identifikationsdaten der Gesellschaft folgende:<\/p>\n<ul>\n<li>Firmenname: <strong>Juan Rosa e Hijos S.A. &#8211; Hotel Lancelot<\/strong><\/li>\n<li>Steuernummer: <strong>A-35221621<\/strong><\/li>\n<\/ul>\n<p>&nbsp;<\/p>\n<h3>2. <strong>GEISTIGES EIGENTUM<\/strong><\/h3>\n<p>Der Quellcode, die grafischen Entw\u00fcrfe, Bilder, Fotos, T\u00f6ne, Animationen, Software, Texte, sowie die in dieser Website enthaltenen Informationen und Inhalte sind durch spanische Rechtsvorschriften gesch\u00fctzt und Inhalt des geistigen und gewerblichen Eigentums zugunsten der Firma: Juan Rosa e Hijos SA und die vollst\u00e4ndige oder teilweise Vervielf\u00e4ltigung und \/ oder Ver\u00f6ffentlichung der Website, ihre Computerverarbeitung, ihre Verbreitung, ihre \u00c4nderung, Umwandlung oder das Kopieren, sowie andere gesetzlich anerkannte Rechte ohne Erlaubnis m\u00fcssen vorher schriftlich an die Firma Juan Rosa e Hijos SA gehen. Der Benutzer kann ausschlie\u00dflich das Material verwenden, das auf dieser Website f\u00fcr seinen pers\u00f6nlichen und privaten Gebrauch erscheint, dessen Verwendung zu kommerziellen Zwecken verboten ist oder illegale Aktivit\u00e4ten aus\u00fcbt. Alle Rechte aus geistigem Eigentum sind ausdr\u00fccklich von Juan Rosa und Hijos S.A. vorbehalten. Wird die Einhaltung der oben genannten Bedingungen sowie die ordnungsgem\u00e4\u00dfe Verwendung der Inhalte in ihren Webseiten nicht eingehalten, drohen zivil-und strafrechtliche Ma\u00dfnahmen, bei einer Verletzung dieser Rechte durch den Benutzer.<\/p>\n<p>&nbsp;<\/p>\n<h3>3. <strong>VERSCHIEDENES<\/strong><\/h3>\n<ul>\n<li>Die Firma Juan Rosa und Hijos S.A. k\u00f6nnen ohne vorherige Ank\u00fcndigung, die auf Ihrer Website enthaltenen Informationen sowie deren Konfiguration und Pr\u00e4sentation \u00e4ndern.<\/li>\n<li>Juan Rosa und Hijos S.A. verpflichte sich hiermit keine irref\u00fchrenden Werbeaussagen zu t\u00e4tigen. F\u00fcr diese Zwecke sind daher die formalen oder numerischen Fehler, die sich \u00fcber den Inhalt der verschiedenen Abschnitte der Website von Juan Rosa e Hijos SA, die durch eine Wartung und \/ oder unvollst\u00e4ndige oder mangelhafte Aktualisierung der in diesen Abschnitten enthaltenen Informationen. Die Firma Juan Rosa und Hijos S.A., verpflichtet sich als Folge, auftretende Fehler sofort bei Kenntnis zu korrigieren.<\/li>\n<li>Juan Rosa und Hijos S.A. verpflichtet sich keine Werbung zu senden, ohne diese als solche zu kennzeichnen, gem\u00e4\u00df den Bestimmungen des Gesetzes 34\/2002 \u00fcber die Dienste der Informationsgesellschaft und des elektronischen Gesch\u00e4 Zu diesem Zweck werden alle Informationen, die an die Interessenten des Hotel Lancelot gesendet werden, nicht als kommerzielle Kommunikation angesehen, sofern es darum geht, das bestehende Vertragsverh\u00e4ltnis zwischen dem Gast und der Firma Juan Rosa e Hijos SA zu wahren sowie die Erf\u00fcllung der Aufgaben von Informationen, Schulungen und sonstige T\u00e4tigkeiten des Dienstes, den der Auftraggeber mit dem Unternehmen abgeschlossen hat.<\/li>\n<li>Juan Rosa und Hijos S.A. ist nicht verantwortlich f\u00fcr die Verletzung von anwendbaren Regeln, die dem Nutzer in seinem Zugriff auf die Website und \/ oder in der Nutzung der darin enthaltenen Informationen entstehen k\u00f6<\/li>\n<li>Juan Rosa und Hijos S.A. haftet nicht f\u00fcr Sch\u00e4den und Verluste, die aufgrund der Benutzung der Informationen, der in dieser Website enthaltenen Materialien und der darin enthaltenen Programme entstehen. Die Links und Hypertext, die es erlauben, \u00fcber die Website den Zugang zu den Diensten zug\u00e4nglich zu machen, sind nicht unter der Kontrolle von Juan Rosa und Hijos S.A; diese Stelle ist nicht verantwortlich f\u00fcr die darin enthaltenen Informationen oder f\u00fcr irgendwelche Auswirkungen, die sich aus diesen Informationen ergeben k\u00f6<\/li>\n<li>Juan Rosa und Hijos S.A. ist nicht verantwortlich f\u00fcr die unehrliche Verwendung; sollten Dritte den Markennamen, Produktnamen, Handelsnamen verwenden und auf dieser Website erscheinen. Das Unternehmen ist auch nicht verantwortlich f\u00fcr die Integrit\u00e4t, Richtigkeit und Rechtm\u00e4\u00dfigkeit des Inhalts der Links zu den Webseiten, auf die von dieser Website aus zugegriffen werden kann.<\/li>\n<li>Der Benutzer ist allein verantwortlich f\u00fcr die Nutzung der auf der Website enthaltenen Dienste, Inhalte, Links und Hypertexte.<\/li>\n<\/ul>\n<p>&nbsp;<\/p>\n","protected":false},"excerpt":{"rendered":"<p>1. UNTERNEHMENSDATEN In \u00dcbereinstimmung mit dem Artikel 10 des Gesetzes 34\/2002 vom 11. Juli \u00fcber Dienstleistungen der Informationsgesellschaft und des elektronischen Handels sind die Identifikationsdaten der Gesellschaft folgende: Firmenname: Juan Rosa e Hijos S.A. &#8211; Hotel Lancelot Steuernummer: A-35221621 &nbsp; 2. GEISTIGES EIGENTUM Der Quellcode,&#8230;<\/p>\n","protected":false},"author":1,"featured_media":0,"parent":0,"menu_order":0,"comment_status":"closed","ping_status":"closed","template":"","meta":{"ngg_post_thumbnail":0,"footnotes":""},"class_list":["post-230","page","type-page","status-publish","hentry"],"yoast_head":"<!-- This site is optimized with the Yoast SEO plugin v27.4 - https:\/\/yoast.com\/product\/yoast-seo-wordpress\/ -->\n<title>Impressum - Hotel Lancelot<\/title>\n<meta name=\"robots\" content=\"index, follow, max-snippet:-1, max-image-preview:large, max-video-preview:-1\" \/>\n<link rel=\"canonical\" href=\"https:\/\/hotellancelot.com\/aviso-legal\/\" \/>\n<meta property=\"og:locale\" content=\"de_DE\" \/>\n<meta property=\"og:type\" content=\"article\" \/>\n<meta property=\"og:title\" content=\"Impressum - Hotel Lancelot\" \/>\n<meta property=\"og:description\" content=\"1. UNTERNEHMENSDATEN In \u00dcbereinstimmung mit dem Artikel 10 des Gesetzes 34\/2002 vom 11. Juli \u00fcber Dienstleistungen der Informationsgesellschaft und des elektronischen Handels sind die Identifikationsdaten der Gesellschaft folgende: Firmenname: Juan Rosa e Hijos S.A. &#8211; Hotel Lancelot Steuernummer: A-35221621 &nbsp; 2. GEISTIGES EIGENTUM Der Quellcode,...\" \/>\n<meta property=\"og:url\" content=\"https:\/\/hotellancelot.com\/aviso-legal\/\" \/>\n<meta property=\"og:site_name\" content=\"Hotel Lancelot\" \/>\n<meta property=\"article:modified_time\" content=\"2018-12-14T17:24:38+00:00\" \/>\n<meta name=\"twitter:card\" content=\"summary_large_image\" \/>\n<meta name=\"twitter:label1\" content=\"Gesch\u00e4tzte Lesezeit\" \/>\n\t<meta name=\"twitter:data1\" content=\"3\u00a0Minuten\" \/>\n<script type=\"application\/ld+json\" class=\"yoast-schema-graph\">{\"@context\":\"https:\\\/\\\/schema.org\",\"@graph\":[{\"@type\":\"WebPage\",\"@id\":\"https:\\\/\\\/hotellancelot.com\\\/aviso-legal\\\/\",\"url\":\"https:\\\/\\\/hotellancelot.com\\\/aviso-legal\\\/\",\"name\":\"Impressum - Hotel Lancelot\",\"isPartOf\":{\"@id\":\"https:\\\/\\\/hotellancelot.com\\\/#website\"},\"datePublished\":\"2016-03-21T16:55:11+00:00\",\"dateModified\":\"2018-12-14T17:24:38+00:00\",\"breadcrumb\":{\"@id\":\"https:\\\/\\\/hotellancelot.com\\\/aviso-legal\\\/#breadcrumb\"},\"inLanguage\":\"de\",\"potentialAction\":[{\"@type\":\"ReadAction\",\"target\":[\"https:\\\/\\\/hotellancelot.com\\\/aviso-legal\\\/\"]}]},{\"@type\":\"BreadcrumbList\",\"@id\":\"https:\\\/\\\/hotellancelot.com\\\/aviso-legal\\\/#breadcrumb\",\"itemListElement\":[{\"@type\":\"ListItem\",\"position\":1,\"name\":\"Portada\",\"item\":\"https:\\\/\\\/hotellancelot.com\\\/\"},{\"@type\":\"ListItem\",\"position\":2,\"name\":\"Aviso Legal\"}]},{\"@type\":\"WebSite\",\"@id\":\"https:\\\/\\\/hotellancelot.com\\\/#website\",\"url\":\"https:\\\/\\\/hotellancelot.com\\\/\",\"name\":\"Hotel Lancelot\",\"description\":\"Su Hotel el Arrecife - Lanzarote\",\"potentialAction\":[{\"@type\":\"SearchAction\",\"target\":{\"@type\":\"EntryPoint\",\"urlTemplate\":\"https:\\\/\\\/hotellancelot.com\\\/?s={search_term_string}\"},\"query-input\":{\"@type\":\"PropertyValueSpecification\",\"valueRequired\":true,\"valueName\":\"search_term_string\"}}],\"inLanguage\":\"de\"}]}<\/script>\n<!-- \/ Yoast SEO plugin. -->","yoast_head_json":{"title":"Impressum - Hotel Lancelot","robots":{"index":"index","follow":"follow","max-snippet":"max-snippet:-1","max-image-preview":"max-image-preview:large","max-video-preview":"max-video-preview:-1"},"canonical":"https:\/\/hotellancelot.com\/aviso-legal\/","og_locale":"de_DE","og_type":"article","og_title":"Impressum - Hotel Lancelot","og_description":"1. UNTERNEHMENSDATEN In \u00dcbereinstimmung mit dem Artikel 10 des Gesetzes 34\/2002 vom 11. Juli \u00fcber Dienstleistungen der Informationsgesellschaft und des elektronischen Handels sind die Identifikationsdaten der Gesellschaft folgende: Firmenname: Juan Rosa e Hijos S.A. &#8211; Hotel Lancelot Steuernummer: A-35221621 &nbsp; 2. GEISTIGES EIGENTUM Der Quellcode,...","og_url":"https:\/\/hotellancelot.com\/aviso-legal\/","og_site_name":"Hotel Lancelot","article_modified_time":"2018-12-14T17:24:38+00:00","twitter_card":"summary_large_image","twitter_misc":{"Gesch\u00e4tzte Lesezeit":"3\u00a0Minuten"},"schema":{"@context":"https:\/\/schema.org","@graph":[{"@type":"WebPage","@id":"https:\/\/hotellancelot.com\/aviso-legal\/","url":"https:\/\/hotellancelot.com\/aviso-legal\/","name":"Impressum - Hotel Lancelot","isPartOf":{"@id":"https:\/\/hotellancelot.com\/#website"},"datePublished":"2016-03-21T16:55:11+00:00","dateModified":"2018-12-14T17:24:38+00:00","breadcrumb":{"@id":"https:\/\/hotellancelot.com\/aviso-legal\/#breadcrumb"},"inLanguage":"de","potentialAction":[{"@type":"ReadAction","target":["https:\/\/hotellancelot.com\/aviso-legal\/"]}]},{"@type":"BreadcrumbList","@id":"https:\/\/hotellancelot.com\/aviso-legal\/#breadcrumb","itemListElement":[{"@type":"ListItem","position":1,"name":"Portada","item":"https:\/\/hotellancelot.com\/"},{"@type":"ListItem","position":2,"name":"Aviso Legal"}]},{"@type":"WebSite","@id":"https:\/\/hotellancelot.com\/#website","url":"https:\/\/hotellancelot.com\/","name":"Hotel Lancelot","description":"Su Hotel el Arrecife - Lanzarote","potentialAction":[{"@type":"SearchAction","target":{"@type":"EntryPoint","urlTemplate":"https:\/\/hotellancelot.com\/?s={search_term_string}"},"query-input":{"@type":"PropertyValueSpecification","valueRequired":true,"valueName":"search_term_string"}}],"inLanguage":"de"}]}},"_links":{"self":[{"href":"https:\/\/hotellancelot.com\/de\/wp-json\/wp\/v2\/pages\/230","targetHints":{"allow":["GET"]}}],"collection":[{"href":"https:\/\/hotellancelot.com\/de\/wp-json\/wp\/v2\/pages"}],"about":[{"href":"https:\/\/hotellancelot.com\/de\/wp-json\/wp\/v2\/types\/page"}],"author":[{"embeddable":true,"href":"https:\/\/hotellancelot.com\/de\/wp-json\/wp\/v2\/users\/1"}],"replies":[{"embeddable":true,"href":"https:\/\/hotellancelot.com\/de\/wp-json\/wp\/v2\/comments?post=230"}],"version-history":[{"count":10,"href":"https:\/\/hotellancelot.com\/de\/wp-json\/wp\/v2\/pages\/230\/revisions"}],"predecessor-version":[{"id":807,"href":"https:\/\/hotellancelot.com\/de\/wp-json\/wp\/v2\/pages\/230\/revisions\/807"}],"wp:attachment":[{"href":"https:\/\/hotellancelot.com\/de\/wp-json\/wp\/v2\/media?parent=230"}],"curies":[{"name":"wp","href":"https:\/\/api.w.org\/{rel}","templated":true}]}}