{"id":578,"date":"2016-12-14T09:49:48","date_gmt":"2016-12-14T09:49:48","guid":{"rendered":"http:\/\/www.hotellancelot.com\/?page_id=578"},"modified":"2023-03-29T11:24:39","modified_gmt":"2023-03-29T11:24:39","slug":"suites","status":"publish","type":"page","link":"https:\/\/hotellancelot.com\/de\/suites\/","title":{"rendered":"Suites"},"content":{"rendered":"<div class=\"wpb-content-wrapper\"><p>[vc_row css_animation=&#8220;&#8220; row_type=&#8220;row&#8220; use_row_as_full_screen_section=&#8220;no&#8220; type=&#8220;full_width&#8220; angled_section=&#8220;no&#8220; text_align=&#8220;left&#8220; background_image_as_pattern=&#8220;without_pattern&#8220;][vc_column][layerslider_vc id=&#8220;7&#8243;][\/vc_column][\/vc_row][vc_row css_animation=&#8220;&#8220; row_type=&#8220;row&#8220; use_row_as_full_screen_section=&#8220;no&#8220; type=&#8220;full_width&#8220; angled_section=&#8220;no&#8220; text_align=&#8220;left&#8220; background_image_as_pattern=&#8220;without_pattern&#8220;][vc_column width=&#8220;1\/2&#8243;][vc_column_text css=&#8220;.vc_custom_1481715351401{margin-top: 30px !important;margin-bottom: 17px !important;}&#8220;]<\/p>\n<h2>New Suites<\/h2>\n<p>Unsere neuen Suites verf\u00fcgen \u00fcber<strong>zwei komplett voneinander getrennte, unabh\u00e4ngige Doppelzimmer und ein gro\u00dfes Wohnzimmer und ein gro\u00dfes Wohnzimmer mit K\u00fcche<\/strong> und s\u00e4mtlichen Annehmlichkeiten.<\/p>\n<p>Die Suites befinden sich im <strong>oberen Teil des Hotels und haben eine wunderbare Terrasse mit traumhaftem Meeresblick.<\/strong>[\/vc_column_text]<div class='service_table_holder'><ul class='service_table_inner'><li class='service_table_title_holder background_color_type' style=''><div class='service_table_title_inner'><div class='service_table_title_inner2'><h2 class='service_title' style='color: #1e73be;'>Suites<\/h2><i class=\"qode_icon_font_awesome fa fa-star fa-2x\" style=\"\" ><\/i><\/div><\/div><\/li><li class='service_table_content' style=''><\/p>\n<ul>\n<li>zwei komplett voneinander getrennte, unabh\u00e4ngige Doppelzimmer<\/li>\n<li>ein gro\u00dfes Wohnzimmer<\/li>\n<li>ein K\u00fcche<\/li>\n<li>eine wunderbare Terrasse<\/li>\n<\/ul>\n<p><\/li><\/ul><\/div>[\/vc_column][vc_column width=&#8220;1\/2&#8243; css=&#8220;.vc_custom_1460488340653{margin-top: 30px !important;margin-bottom: 30px !important;}&#8220;]<div class='service_table_holder'><ul class='service_table_inner'><li class='service_table_title_holder background_color_type' style=''><div class='service_table_title_inner'><div class='service_table_title_inner2'><h2 class='service_title' style='color: #1e73be;'>Zimmerleistungen<\/h2><i class=\"qode_icon_font_awesome fa fa-university fa-2x\" style=\"\" ><\/i><\/div><\/div><\/li><li class='service_table_content' style=''><\/p>\n<ul>\n<li>Telefon<\/li>\n<li>Klimaanlage<\/li>\n<li>Minibar<\/li>\n<li>Frei Anschluss f\u00fcr Wi-Fi<\/li>\n<li>Mietsafe<\/li>\n<li>TV\/Radio mit PayTV Kanalen<\/li>\n<li>F\u00f6n<\/li>\n<li>Tieren sind nicht erlaubt<\/li>\n<\/ul>\n<p><\/li><\/ul><\/div>[\/vc_column][\/vc_row][vc_row css_animation=&#8220;&#8220; row_type=&#8220;row&#8220; use_row_as_full_screen_section=&#8220;no&#8220; type=&#8220;full_width&#8220; angled_section=&#8220;no&#8220; text_align=&#8220;left&#8220; background_image_as_pattern=&#8220;without_pattern&#8220;][vc_column][vc_gallery type=&#8220;nivo&#8220; interval=&#8220;3&#8243; images=&#8220;588,587,584,585,586,583,582,596&#8243; img_size=&#8220;full&#8220; onclick=&#8220;&#8220; css=&#8220;.vc_custom_1481711912275{margin-top: 20px !important;margin-bottom: 20px !important;}&#8220;][vc_separator type=&#8220;normal&#8220; up=&#8220;20px&#8220; down=&#8220;20px&#8220;][vc_column_text css=&#8220;.vc_custom_1460488408931{margin-top: 30px !important;margin-bottom: 30px !important;padding-top: 20px !important;padding-right: 20px !important;padding-bottom: 20px !important;padding-left: 20px !important;background-color: #eaeaea !important;}&#8220;]Kredit-Karten: American Express, Visa, Euro\/Mastercard, Dinners Club, Red, Maestro.<br \/>\n<em>Das Hotel beh\u00e4lt sich das Recht vor, eine Vorautorisierung von Kreditkarten bevor Ankunft am Hotel abzuziehen.<\/em>[\/vc_column_text][\/vc_column][\/vc_row]<\/p>\n<\/div>","protected":false},"excerpt":{"rendered":"<p>[vc_row css_animation=&#8220;&#8220; row_type=&#8220;row&#8220; use_row_as_full_screen_section=&#8220;no&#8220; type=&#8220;full_width&#8220; angled_section=&#8220;no&#8220; text_align=&#8220;left&#8220; background_image_as_pattern=&#8220;without_pattern&#8220;][vc_column][layerslider_vc id=&#8220;7&#8243;][\/vc_column][\/vc_row][vc_row css_animation=&#8220;&#8220; row_type=&#8220;row&#8220; use_row_as_full_screen_section=&#8220;no&#8220; type=&#8220;full_width&#8220; angled_section=&#8220;no&#8220; text_align=&#8220;left&#8220; background_image_as_pattern=&#8220;without_pattern&#8220;][vc_column width=&#8220;1\/2&#8243;][vc_column_text css=&#8220;.vc_custom_1481715351401{margin-top: 30px !important;margin-bottom: 17px !important;}&#8220;] New Suites Unsere neuen Suites verf\u00fcgen \u00fcberzwei komplett voneinander getrennte, unabh\u00e4ngige Doppelzimmer und ein gro\u00dfes Wohnzimmer und ein gro\u00dfes Wohnzimmer mit K\u00fcche und&#8230;<\/p>\n","protected":false},"author":2,"featured_media":0,"parent":0,"menu_order":0,"comment_status":"closed","ping_status":"closed","template":"","meta":{"ngg_post_thumbnail":0,"footnotes":""},"class_list":["post-578","page","type-page","status-publish","hentry"],"yoast_head":"<!-- This site is optimized with the Yoast SEO plugin v27.3 - https:\/\/yoast.com\/product\/yoast-seo-wordpress\/ -->\n<title>Suites - Hotel Lancelot<\/title>\n<meta name=\"robots\" content=\"index, follow, max-snippet:-1, max-image-preview:large, max-video-preview:-1\" \/>\n<link rel=\"canonical\" href=\"https:\/\/hotellancelot.com\/suites\/\" \/>\n<meta property=\"og:locale\" content=\"de_DE\" \/>\n<meta property=\"og:type\" content=\"article\" \/>\n<meta property=\"og:title\" content=\"Suites - Hotel Lancelot\" \/>\n<meta property=\"og:description\" content=\"[vc_row css_animation=&#8220;&#8220; row_type=&#8220;row&#8220; use_row_as_full_screen_section=&#8220;no&#8220; type=&#8220;full_width&#8220; angled_section=&#8220;no&#8220; text_align=&#8220;left&#8220; background_image_as_pattern=&#8220;without_pattern&#8220;][vc_column][layerslider_vc id=&#8220;7&#8243;][\/vc_column][\/vc_row][vc_row css_animation=&#8220;&#8220; row_type=&#8220;row&#8220; use_row_as_full_screen_section=&#8220;no&#8220; type=&#8220;full_width&#8220; angled_section=&#8220;no&#8220; text_align=&#8220;left&#8220; background_image_as_pattern=&#8220;without_pattern&#8220;][vc_column width=&#8220;1\/2&#8243;][vc_column_text css=&#8220;.vc_custom_1481715351401{margin-top: 30px !important;margin-bottom: 17px !important;}&#8220;] New Suites Unsere neuen Suites verf\u00fcgen \u00fcberzwei komplett voneinander getrennte, unabh\u00e4ngige Doppelzimmer und ein gro\u00dfes Wohnzimmer und ein gro\u00dfes Wohnzimmer mit K\u00fcche und...\" \/>\n<meta property=\"og:url\" content=\"https:\/\/hotellancelot.com\/suites\/\" \/>\n<meta property=\"og:site_name\" content=\"Hotel Lancelot\" \/>\n<meta property=\"article:modified_time\" content=\"2023-03-29T11:24:39+00:00\" \/>\n<meta name=\"twitter:card\" content=\"summary_large_image\" \/>\n<meta name=\"twitter:label1\" content=\"Gesch\u00e4tzte Lesezeit\" \/>\n\t<meta name=\"twitter:data1\" content=\"1\u00a0Minute\" \/>\n<script type=\"application\/ld+json\" class=\"yoast-schema-graph\">{\"@context\":\"https:\\\/\\\/schema.org\",\"@graph\":[{\"@type\":\"WebPage\",\"@id\":\"https:\\\/\\\/hotellancelot.com\\\/suites\\\/\",\"url\":\"https:\\\/\\\/hotellancelot.com\\\/suites\\\/\",\"name\":\"Suites - Hotel Lancelot\",\"isPartOf\":{\"@id\":\"https:\\\/\\\/hotellancelot.com\\\/#website\"},\"datePublished\":\"2016-12-14T09:49:48+00:00\",\"dateModified\":\"2023-03-29T11:24:39+00:00\",\"breadcrumb\":{\"@id\":\"https:\\\/\\\/hotellancelot.com\\\/suites\\\/#breadcrumb\"},\"inLanguage\":\"de\",\"potentialAction\":[{\"@type\":\"ReadAction\",\"target\":[\"https:\\\/\\\/hotellancelot.com\\\/suites\\\/\"]}]},{\"@type\":\"BreadcrumbList\",\"@id\":\"https:\\\/\\\/hotellancelot.com\\\/suites\\\/#breadcrumb\",\"itemListElement\":[{\"@type\":\"ListItem\",\"position\":1,\"name\":\"Portada\",\"item\":\"https:\\\/\\\/hotellancelot.com\\\/\"},{\"@type\":\"ListItem\",\"position\":2,\"name\":\"Suites\"}]},{\"@type\":\"WebSite\",\"@id\":\"https:\\\/\\\/hotellancelot.com\\\/#website\",\"url\":\"https:\\\/\\\/hotellancelot.com\\\/\",\"name\":\"Hotel Lancelot\",\"description\":\"Su Hotel el Arrecife - Lanzarote\",\"potentialAction\":[{\"@type\":\"SearchAction\",\"target\":{\"@type\":\"EntryPoint\",\"urlTemplate\":\"https:\\\/\\\/hotellancelot.com\\\/?s={search_term_string}\"},\"query-input\":{\"@type\":\"PropertyValueSpecification\",\"valueRequired\":true,\"valueName\":\"search_term_string\"}}],\"inLanguage\":\"de\"}]}<\/script>\n<!-- \/ Yoast SEO plugin. -->","yoast_head_json":{"title":"Suites - Hotel Lancelot","robots":{"index":"index","follow":"follow","max-snippet":"max-snippet:-1","max-image-preview":"max-image-preview:large","max-video-preview":"max-video-preview:-1"},"canonical":"https:\/\/hotellancelot.com\/suites\/","og_locale":"de_DE","og_type":"article","og_title":"Suites - Hotel Lancelot","og_description":"[vc_row css_animation=&#8220;&#8220; row_type=&#8220;row&#8220; use_row_as_full_screen_section=&#8220;no&#8220; type=&#8220;full_width&#8220; angled_section=&#8220;no&#8220; text_align=&#8220;left&#8220; background_image_as_pattern=&#8220;without_pattern&#8220;][vc_column][layerslider_vc id=&#8220;7&#8243;][\/vc_column][\/vc_row][vc_row css_animation=&#8220;&#8220; row_type=&#8220;row&#8220; use_row_as_full_screen_section=&#8220;no&#8220; type=&#8220;full_width&#8220; angled_section=&#8220;no&#8220; text_align=&#8220;left&#8220; background_image_as_pattern=&#8220;without_pattern&#8220;][vc_column width=&#8220;1\/2&#8243;][vc_column_text css=&#8220;.vc_custom_1481715351401{margin-top: 30px !important;margin-bottom: 17px !important;}&#8220;] New Suites Unsere neuen Suites verf\u00fcgen \u00fcberzwei komplett voneinander getrennte, unabh\u00e4ngige Doppelzimmer und ein gro\u00dfes Wohnzimmer und ein gro\u00dfes Wohnzimmer mit K\u00fcche und...","og_url":"https:\/\/hotellancelot.com\/suites\/","og_site_name":"Hotel Lancelot","article_modified_time":"2023-03-29T11:24:39+00:00","twitter_card":"summary_large_image","twitter_misc":{"Gesch\u00e4tzte Lesezeit":"1\u00a0Minute"},"schema":{"@context":"https:\/\/schema.org","@graph":[{"@type":"WebPage","@id":"https:\/\/hotellancelot.com\/suites\/","url":"https:\/\/hotellancelot.com\/suites\/","name":"Suites - Hotel Lancelot","isPartOf":{"@id":"https:\/\/hotellancelot.com\/#website"},"datePublished":"2016-12-14T09:49:48+00:00","dateModified":"2023-03-29T11:24:39+00:00","breadcrumb":{"@id":"https:\/\/hotellancelot.com\/suites\/#breadcrumb"},"inLanguage":"de","potentialAction":[{"@type":"ReadAction","target":["https:\/\/hotellancelot.com\/suites\/"]}]},{"@type":"BreadcrumbList","@id":"https:\/\/hotellancelot.com\/suites\/#breadcrumb","itemListElement":[{"@type":"ListItem","position":1,"name":"Portada","item":"https:\/\/hotellancelot.com\/"},{"@type":"ListItem","position":2,"name":"Suites"}]},{"@type":"WebSite","@id":"https:\/\/hotellancelot.com\/#website","url":"https:\/\/hotellancelot.com\/","name":"Hotel Lancelot","description":"Su Hotel el Arrecife - Lanzarote","potentialAction":[{"@type":"SearchAction","target":{"@type":"EntryPoint","urlTemplate":"https:\/\/hotellancelot.com\/?s={search_term_string}"},"query-input":{"@type":"PropertyValueSpecification","valueRequired":true,"valueName":"search_term_string"}}],"inLanguage":"de"}]}},"_links":{"self":[{"href":"https:\/\/hotellancelot.com\/de\/wp-json\/wp\/v2\/pages\/578","targetHints":{"allow":["GET"]}}],"collection":[{"href":"https:\/\/hotellancelot.com\/de\/wp-json\/wp\/v2\/pages"}],"about":[{"href":"https:\/\/hotellancelot.com\/de\/wp-json\/wp\/v2\/types\/page"}],"author":[{"embeddable":true,"href":"https:\/\/hotellancelot.com\/de\/wp-json\/wp\/v2\/users\/2"}],"replies":[{"embeddable":true,"href":"https:\/\/hotellancelot.com\/de\/wp-json\/wp\/v2\/comments?post=578"}],"version-history":[{"count":14,"href":"https:\/\/hotellancelot.com\/de\/wp-json\/wp\/v2\/pages\/578\/revisions"}],"predecessor-version":[{"id":1384,"href":"https:\/\/hotellancelot.com\/de\/wp-json\/wp\/v2\/pages\/578\/revisions\/1384"}],"wp:attachment":[{"href":"https:\/\/hotellancelot.com\/de\/wp-json\/wp\/v2\/media?parent=578"}],"curies":[{"name":"wp","href":"https:\/\/api.w.org\/{rel}","templated":true}]}}