{"id":6,"date":"2016-03-17T16:32:40","date_gmt":"2016-03-17T16:32:40","guid":{"rendered":"http:\/\/hotellancelot.lztic.com\/?page_id=6"},"modified":"2020-04-17T09:17:30","modified_gmt":"2020-04-17T09:17:30","slug":"hoteles-en-arrecife-lanzarote-el-hotel","status":"publish","type":"page","link":"https:\/\/hotellancelot.com\/de\/hoteles-en-arrecife-lanzarote-el-hotel\/","title":{"rendered":"Das Hotel"},"content":{"rendered":"<div class=\"wpb-content-wrapper\"><p>[vc_row row_type=&#8220;row&#8220; use_row_as_full_screen_section=&#8220;no&#8220; type=&#8220;full_width&#8220; angled_section=&#8220;no&#8220; text_align=&#8220;left&#8220; background_image_as_pattern=&#8220;without_pattern&#8220; css_animation=&#8220;&#8220;][vc_column][layerslider_vc id=&#8220;3&#8243;][\/vc_column][\/vc_row][vc_row row_type=&#8220;row&#8220; use_row_as_full_screen_section=&#8220;no&#8220; type=&#8220;full_width&#8220; angled_section=&#8220;no&#8220; text_align=&#8220;left&#8220; background_image_as_pattern=&#8220;without_pattern&#8220; css_animation=&#8220;&#8220;][vc_column width=&#8220;1\/2&#8243;][vc_column_text css=&#8220;.vc_custom_1460484801732{margin-top: 40px !important;}&#8220;]<strong>Das Hotel hat 110 Zimmerm, davon sind 33 Einzelzimmern , 77 Doppelzimmern und 2 Suiten.<\/strong><\/p>\n<p>Die Einrichtung den Zimmern ist modern, komfortabel und funktional. Unter anderen Leistungen des Hotels geh\u00f6ren ein Swimmingpool und eine Sonnenterrasse, von der aus Sie eine herrliche Aussicht auf die Stadt genie\u00dfen k\u00f6nnen. Sowie Cafeteria, Restaurant und Fitnessraum.[\/vc_column_text][vc_column_text css=&#8220;.vc_custom_1460485470612{margin-top: 20px !important;margin-bottom: 20px !important;padding-top: 20px !important;padding-right: 20px !important;padding-bottom: 20px !important;padding-left: 20px !important;background-color: #1e73be !important;}&#8220;]<\/p>\n<h3><span style=\"color: #ffffff;\"><strong>Einschecken vom 14 Uhr<\/strong><\/span><br \/>\n<span style=\"color: #ffffff;\"><strong>Ausschecken bis 12 Uhr<\/strong><\/span><\/h3>\n<p>[\/vc_column_text][vc_column_text css=&#8220;.vc_custom_1460485143428{margin-top: 20px !important;margin-bottom: 20px !important;padding-top: 10px !important;padding-bottom: 10px !important;padding-left: 20px !important;background-color: #e2e2e2 !important;}&#8220;]<em>Kredit-Karten: American Express, Visa, Euro\/Mastercard, Dinners Club, Red, Maestro.<\/em><br \/>\n<span style=\"color: #999999;\"><em>Das Hotel beh\u00e4lt sich das Recht vor, eine Vorautorisierung von Kreditkarten bevor Ankunft am Hotel abzuziehen.<\/em><\/span>[\/vc_column_text][vc_single_image image=&#8220;282&#8243; img_size=&#8220;full&#8220; qode_css_animation=&#8220;&#8220; css=&#8220;.vc_custom_1561104471489{margin-top: 30px !important;margin-bottom: 30px !important;}&#8220;][\/vc_column][vc_column width=&#8220;1\/2&#8243; css=&#8220;.vc_custom_1460485173445{margin-top: 30px !important;margin-bottom: 30px !important;}&#8220;]<div class='service_table_holder'><ul class='service_table_inner'><li class='service_table_title_holder background_color_type' style=''><div class='service_table_title_inner'><div class='service_table_title_inner2'><h2 class='service_title' style='color: #1e73be;'>Hoteldienste<\/h2><i class=\"qode_icon_font_awesome fa fa-star fa-3x\" style=\"color: #1e73be !important;\" ><\/i><\/div><\/div><\/li><li class='service_table_content' style=''><\/p>\n<ul>\n<li>Freie Wifi Anschluss \u00fcberall im Hotel<\/li>\n<li>WLAN ist im gesamten Hotel kostenlos zur Verf\u00fcgung<\/li>\n<li>W\u00e4scherei<\/li>\n<li>Gep\u00e4ckraum<\/li>\n<li>Fax\/Email Sendung \/Empfang<\/li>\n<li>Nationale Presse<\/li>\n<li>Restaurant<\/li>\n<li>Hall Bar<\/li>\n<li>Parking wegen verabredung<\/li>\n<li>Autovermiettung \/ Ausfl\u00fcge<\/li>\n<li>Fr\u00fchst\u00fcck buffet<\/li>\n<li>Snack Bar<\/li>\n<li>Minibar gegen Geb\u00fchr<\/li>\n<\/ul>\n<p><\/li><\/ul><\/div>[\/vc_column][\/vc_row]<\/p>\n<\/div>","protected":false},"excerpt":{"rendered":"<p>[vc_row row_type=&#8220;row&#8220; use_row_as_full_screen_section=&#8220;no&#8220; type=&#8220;full_width&#8220; angled_section=&#8220;no&#8220; text_align=&#8220;left&#8220; background_image_as_pattern=&#8220;without_pattern&#8220; css_animation=&#8220;&#8220;][vc_column][layerslider_vc id=&#8220;3&#8243;][\/vc_column][\/vc_row][vc_row row_type=&#8220;row&#8220; use_row_as_full_screen_section=&#8220;no&#8220; type=&#8220;full_width&#8220; angled_section=&#8220;no&#8220; text_align=&#8220;left&#8220; background_image_as_pattern=&#8220;without_pattern&#8220; css_animation=&#8220;&#8220;][vc_column width=&#8220;1\/2&#8243;][vc_column_text css=&#8220;.vc_custom_1460484801732{margin-top: 40px !important;}&#8220;]Das Hotel hat 110 Zimmerm, davon sind 33 Einzelzimmern , 77 Doppelzimmern und 2 Suiten. Die Einrichtung den Zimmern ist modern, komfortabel und funktional. Unter anderen&#8230;<\/p>\n","protected":false},"author":1,"featured_media":0,"parent":0,"menu_order":0,"comment_status":"closed","ping_status":"closed","template":"","meta":{"ngg_post_thumbnail":0,"footnotes":""},"class_list":["post-6","page","type-page","status-publish","hentry"],"yoast_head":"<!-- This site is optimized with the Yoast SEO plugin v27.3 - https:\/\/yoast.com\/product\/yoast-seo-wordpress\/ -->\n<title>El Hotel - Hoteles en Arrecife - Lanzarote<\/title>\n<meta name=\"robots\" content=\"index, follow, max-snippet:-1, max-image-preview:large, max-video-preview:-1\" \/>\n<link rel=\"canonical\" href=\"https:\/\/hotellancelot.com\/hoteles-en-arrecife-lanzarote-el-hotel\/\" \/>\n<meta property=\"og:locale\" content=\"de_DE\" \/>\n<meta property=\"og:type\" content=\"article\" \/>\n<meta property=\"og:title\" content=\"El Hotel - Hoteles en Arrecife - Lanzarote\" \/>\n<meta property=\"og:description\" content=\"[vc_row row_type=&#8220;row&#8220; use_row_as_full_screen_section=&#8220;no&#8220; type=&#8220;full_width&#8220; angled_section=&#8220;no&#8220; text_align=&#8220;left&#8220; background_image_as_pattern=&#8220;without_pattern&#8220; css_animation=&#8220;&#8220;][vc_column][layerslider_vc id=&#8220;3&#8243;][\/vc_column][\/vc_row][vc_row row_type=&#8220;row&#8220; use_row_as_full_screen_section=&#8220;no&#8220; type=&#8220;full_width&#8220; angled_section=&#8220;no&#8220; text_align=&#8220;left&#8220; background_image_as_pattern=&#8220;without_pattern&#8220; css_animation=&#8220;&#8220;][vc_column width=&#8220;1\/2&#8243;][vc_column_text css=&#8220;.vc_custom_1460484801732{margin-top: 40px !important;}&#8220;]Das Hotel hat 110 Zimmerm, davon sind 33 Einzelzimmern , 77 Doppelzimmern und 2 Suiten. Die Einrichtung den Zimmern ist modern, komfortabel und funktional. Unter anderen...\" \/>\n<meta property=\"og:url\" content=\"https:\/\/hotellancelot.com\/hoteles-en-arrecife-lanzarote-el-hotel\/\" \/>\n<meta property=\"og:site_name\" content=\"Hotel Lancelot\" \/>\n<meta property=\"article:modified_time\" content=\"2020-04-17T09:17:30+00:00\" \/>\n<meta name=\"twitter:card\" content=\"summary_large_image\" \/>\n<meta name=\"twitter:label1\" content=\"Gesch\u00e4tzte Lesezeit\" \/>\n\t<meta name=\"twitter:data1\" content=\"2\u00a0Minuten\" \/>\n<script type=\"application\/ld+json\" class=\"yoast-schema-graph\">{\"@context\":\"https:\\\/\\\/schema.org\",\"@graph\":[{\"@type\":\"WebPage\",\"@id\":\"https:\\\/\\\/hotellancelot.com\\\/hoteles-en-arrecife-lanzarote-el-hotel\\\/\",\"url\":\"https:\\\/\\\/hotellancelot.com\\\/hoteles-en-arrecife-lanzarote-el-hotel\\\/\",\"name\":\"El Hotel - Hoteles en Arrecife - Lanzarote\",\"isPartOf\":{\"@id\":\"https:\\\/\\\/hotellancelot.com\\\/#website\"},\"datePublished\":\"2016-03-17T16:32:40+00:00\",\"dateModified\":\"2020-04-17T09:17:30+00:00\",\"breadcrumb\":{\"@id\":\"https:\\\/\\\/hotellancelot.com\\\/hoteles-en-arrecife-lanzarote-el-hotel\\\/#breadcrumb\"},\"inLanguage\":\"de\",\"potentialAction\":[{\"@type\":\"ReadAction\",\"target\":[\"https:\\\/\\\/hotellancelot.com\\\/hoteles-en-arrecife-lanzarote-el-hotel\\\/\"]}]},{\"@type\":\"BreadcrumbList\",\"@id\":\"https:\\\/\\\/hotellancelot.com\\\/hoteles-en-arrecife-lanzarote-el-hotel\\\/#breadcrumb\",\"itemListElement\":[{\"@type\":\"ListItem\",\"position\":1,\"name\":\"Portada\",\"item\":\"https:\\\/\\\/hotellancelot.com\\\/\"},{\"@type\":\"ListItem\",\"position\":2,\"name\":\"Hoteles en Arrecife Lanzarote &#8211; El Hotel\"}]},{\"@type\":\"WebSite\",\"@id\":\"https:\\\/\\\/hotellancelot.com\\\/#website\",\"url\":\"https:\\\/\\\/hotellancelot.com\\\/\",\"name\":\"Hotel Lancelot\",\"description\":\"Su Hotel el Arrecife - Lanzarote\",\"potentialAction\":[{\"@type\":\"SearchAction\",\"target\":{\"@type\":\"EntryPoint\",\"urlTemplate\":\"https:\\\/\\\/hotellancelot.com\\\/?s={search_term_string}\"},\"query-input\":{\"@type\":\"PropertyValueSpecification\",\"valueRequired\":true,\"valueName\":\"search_term_string\"}}],\"inLanguage\":\"de\"}]}<\/script>\n<!-- \/ Yoast SEO plugin. -->","yoast_head_json":{"title":"El Hotel - Hoteles en Arrecife - Lanzarote","robots":{"index":"index","follow":"follow","max-snippet":"max-snippet:-1","max-image-preview":"max-image-preview:large","max-video-preview":"max-video-preview:-1"},"canonical":"https:\/\/hotellancelot.com\/hoteles-en-arrecife-lanzarote-el-hotel\/","og_locale":"de_DE","og_type":"article","og_title":"El Hotel - Hoteles en Arrecife - Lanzarote","og_description":"[vc_row row_type=&#8220;row&#8220; use_row_as_full_screen_section=&#8220;no&#8220; type=&#8220;full_width&#8220; angled_section=&#8220;no&#8220; text_align=&#8220;left&#8220; background_image_as_pattern=&#8220;without_pattern&#8220; css_animation=&#8220;&#8220;][vc_column][layerslider_vc id=&#8220;3&#8243;][\/vc_column][\/vc_row][vc_row row_type=&#8220;row&#8220; use_row_as_full_screen_section=&#8220;no&#8220; type=&#8220;full_width&#8220; angled_section=&#8220;no&#8220; text_align=&#8220;left&#8220; background_image_as_pattern=&#8220;without_pattern&#8220; css_animation=&#8220;&#8220;][vc_column width=&#8220;1\/2&#8243;][vc_column_text css=&#8220;.vc_custom_1460484801732{margin-top: 40px !important;}&#8220;]Das Hotel hat 110 Zimmerm, davon sind 33 Einzelzimmern , 77 Doppelzimmern und 2 Suiten. Die Einrichtung den Zimmern ist modern, komfortabel und funktional. Unter anderen...","og_url":"https:\/\/hotellancelot.com\/hoteles-en-arrecife-lanzarote-el-hotel\/","og_site_name":"Hotel Lancelot","article_modified_time":"2020-04-17T09:17:30+00:00","twitter_card":"summary_large_image","twitter_misc":{"Gesch\u00e4tzte Lesezeit":"2\u00a0Minuten"},"schema":{"@context":"https:\/\/schema.org","@graph":[{"@type":"WebPage","@id":"https:\/\/hotellancelot.com\/hoteles-en-arrecife-lanzarote-el-hotel\/","url":"https:\/\/hotellancelot.com\/hoteles-en-arrecife-lanzarote-el-hotel\/","name":"El Hotel - Hoteles en Arrecife - Lanzarote","isPartOf":{"@id":"https:\/\/hotellancelot.com\/#website"},"datePublished":"2016-03-17T16:32:40+00:00","dateModified":"2020-04-17T09:17:30+00:00","breadcrumb":{"@id":"https:\/\/hotellancelot.com\/hoteles-en-arrecife-lanzarote-el-hotel\/#breadcrumb"},"inLanguage":"de","potentialAction":[{"@type":"ReadAction","target":["https:\/\/hotellancelot.com\/hoteles-en-arrecife-lanzarote-el-hotel\/"]}]},{"@type":"BreadcrumbList","@id":"https:\/\/hotellancelot.com\/hoteles-en-arrecife-lanzarote-el-hotel\/#breadcrumb","itemListElement":[{"@type":"ListItem","position":1,"name":"Portada","item":"https:\/\/hotellancelot.com\/"},{"@type":"ListItem","position":2,"name":"Hoteles en Arrecife Lanzarote &#8211; El Hotel"}]},{"@type":"WebSite","@id":"https:\/\/hotellancelot.com\/#website","url":"https:\/\/hotellancelot.com\/","name":"Hotel Lancelot","description":"Su Hotel el Arrecife - Lanzarote","potentialAction":[{"@type":"SearchAction","target":{"@type":"EntryPoint","urlTemplate":"https:\/\/hotellancelot.com\/?s={search_term_string}"},"query-input":{"@type":"PropertyValueSpecification","valueRequired":true,"valueName":"search_term_string"}}],"inLanguage":"de"}]}},"_links":{"self":[{"href":"https:\/\/hotellancelot.com\/de\/wp-json\/wp\/v2\/pages\/6","targetHints":{"allow":["GET"]}}],"collection":[{"href":"https:\/\/hotellancelot.com\/de\/wp-json\/wp\/v2\/pages"}],"about":[{"href":"https:\/\/hotellancelot.com\/de\/wp-json\/wp\/v2\/types\/page"}],"author":[{"embeddable":true,"href":"https:\/\/hotellancelot.com\/de\/wp-json\/wp\/v2\/users\/1"}],"replies":[{"embeddable":true,"href":"https:\/\/hotellancelot.com\/de\/wp-json\/wp\/v2\/comments?post=6"}],"version-history":[{"count":34,"href":"https:\/\/hotellancelot.com\/de\/wp-json\/wp\/v2\/pages\/6\/revisions"}],"predecessor-version":[{"id":981,"href":"https:\/\/hotellancelot.com\/de\/wp-json\/wp\/v2\/pages\/6\/revisions\/981"}],"wp:attachment":[{"href":"https:\/\/hotellancelot.com\/de\/wp-json\/wp\/v2\/media?parent=6"}],"curies":[{"name":"wp","href":"https:\/\/api.w.org\/{rel}","templated":true}]}}