{"id":23,"date":"2016-03-17T16:51:35","date_gmt":"2016-03-17T16:51:35","guid":{"rendered":"http:\/\/hotellancelot.lztic.com\/?page_id=23"},"modified":"2020-08-21T08:57:38","modified_gmt":"2020-08-21T08:57:38","slug":"hotel-playa-arrecife-lanzarote-la-ciudad-de-arrecife-y-la-playa-del-reducto","status":"publish","type":"page","link":"https:\/\/hotellancelot.com\/fr\/hotel-playa-arrecife-lanzarote-la-ciudad-de-arrecife-y-la-playa-del-reducto\/","title":{"rendered":"Lanzarote"},"content":{"rendered":"<div class=\"wpb-content-wrapper\"><p>[vc_row row_type=\u00a0\u00bbrow\u00a0\u00bb use_row_as_full_screen_section=\u00a0\u00bbno\u00a0\u00bb type=\u00a0\u00bbgrid\u00a0\u00bb angled_section=\u00a0\u00bbno\u00a0\u00bb text_align=\u00a0\u00bbleft\u00a0\u00bb background_image_as_pattern=\u00a0\u00bbwithout_pattern\u00a0\u00bb css_animation=\u00a0\u00bb\u00a0\u00bb z_index=\u00a0\u00bb\u00a0\u00bb][vc_column][vc_column_text]<\/p>\n<h2>Lanzarote h\u00f4tel sur mer Arrecife Lanzarote Reducto &#8211; la ville d\u00b4Arrecife et la Plage du Reducto.<\/h2>\n<p>[\/vc_column_text][layerslider_vc id=\u00a0\u00bb2&Prime;][\/vc_column][\/vc_row][vc_row row_type=\u00a0\u00bbrow\u00a0\u00bb use_row_as_full_screen_section=\u00a0\u00bbno\u00a0\u00bb type=\u00a0\u00bbgrid\u00a0\u00bb angled_section=\u00a0\u00bbno\u00a0\u00bb text_align=\u00a0\u00bbleft\u00a0\u00bb background_image_as_pattern=\u00a0\u00bbwithout_pattern\u00a0\u00bb css_animation=\u00a0\u00bb\u00a0\u00bb z_index=\u00a0\u00bb\u00a0\u00bb][vc_column width=\u00a0\u00bb1\/2&Prime;][vc_column_text css=\u00a0\u00bb.vc_custom_1587118180923{margin-top: 30px !important;}\u00a0\u00bb]<\/p>\n<h2>Lanzarote<\/h2>\n<p>Lanzarote est une des \u00eeles les plus anciennes et la plus volcanique des \u00eeles Canaries, terre de contrastes, g\u00e9ologie, paysages sous-marins et lunaires, eaux transparentes et oasis de palmiers o\u00f9, principalement par l\u00b4h\u00e9ritage que l\u00b4architecte C\u00e9sar Manrique \u00e0 laiss\u00e9 dans l\u00b4\u00eele, on b\u00e9n\u00e9ficie d\u00b4une parfaite harmonie de l\u00b4homme et la nature.<\/p>\n<p>Le climat de Lanzarote se caract\u00e9rise par la douceur des temp\u00e9ratures, moyenne proche aux 22 degr\u00e9s et la constante pr\u00e9sence des vents aliz\u00e9s , ce qui nous permet la pratique de plusieurs activit\u00e9s sportives, \u00e0 souligner la plong\u00e9e sous-marine, surf, wind surf et d\u00b4autres modalit\u00e9s nautiques, ou tout simplement se baigner dans une des nombreuses et splendides plages, quelques-unes d\u00e9clar\u00e9es Patrimoine de l\u00b4humanit\u00e9, comme les plages de Papagayo ( Playa Mujeres, Playa de Papagayo, Playa del Pozo) toutes avec un sable blond et dor\u00e9, eaux calmes bleu turquoise, et une vue magnifique des \u00eeles de Lobos et Fuerteventura.[\/vc_column_text][vc_separator type=\u00a0\u00bbtransparent\u00a0\u00bb up=\u00a0\u00bb30&Prime; down=\u00a0\u00bb30&Prime;]<div class=\"call_to_action normal\" style=\"\"><div class=\"container_inner\"><div class=\"two_columns_75_25 clearfix\"><div class=\"text_wrapper column1\"><div class=\"call_to_action_text \" style=\"\">\n<div class=\"wpb_column vc_column_container vc_col-sm-6\">\n<div class=\"vc_column-inner \">\n<div class=\"wpb_wrapper\">\n<div class=\"wpb_text_column wpb_content_element \">\n<div class=\"wpb_wrapper\">\n<p>Plus d&rsquo;informations sur le site officiel de<\/p>\n<\/div>\n<\/div>\n<\/div>\n<\/div>\n<\/div>\n<div class=\"wpb_column vc_column_container vc_col-sm-6\">&nbsp;<\/div>\n<\/div><\/div><div class=\"button_wrapper column2\"><a itemprop=\"url\" href=\"http:\/\/www.turismolanzarote.com\" class=\"qbutton white small\" target=\"_blank\" style=\"color: #545454;background-color:#ffffff;\" > Tourisme \u00e0 Lanzarote<\/a><\/div><\/div><\/div><\/div>[vc_separator type=\u00a0\u00bbtransparent\u00a0\u00bb up=\u00a0\u00bb30&Prime; down=\u00a0\u00bb30&Prime;][vc_single_image image=\u00a0\u00bb363&Prime; img_size=\u00a0\u00bbfull\u00a0\u00bb alignment=\u00a0\u00bbcenter\u00a0\u00bb qode_css_animation=\u00a0\u00bb\u00a0\u00bb css=\u00a0\u00bb.vc_custom_1460143102344{margin-top: 30px !important;margin-bottom: 30px !important;}\u00a0\u00bb][\/vc_column][vc_column width=\u00a0\u00bb1\/2&Prime;][vc_column_text css=\u00a0\u00bb.vc_custom_1587118401480{margin-top: 30px !important;}\u00a0\u00bb]<\/p>\n<h2>Hotel Lancelot<\/h2>\n<p>L\u00b4h\u00f4tel Lancelot se trouve dans la plage du Reducto. Arrecife, capitale de Lanzarote est une ville tranquille et portuaire situ\u00e9e dans la c\u00f4te orientale de l\u00b4\u00eele, tr\u00e8s prochaine \u00e0 l\u00b4a\u00e9roport. La ville s\u00b4est d\u00e9velopp\u00e9 autour du quartier de San Gin\u00e9s, centre historique de p\u00eacheurs, avec ses ruelles d\u00b4atmosph\u00e8re marine.<\/p>\n<blockquote><p><strong>Il y a dans la ville plusieurs monuments \u00e0 visiter, comme le ch\u00e2teau de San Gabriel, du XVIe si\u00e8cle, d\u00e9clar\u00e9 avec le pont de la Bolas, monument d\u00b4int\u00e9r\u00eat touristique.<br \/>\nAujourd\u00b4hui, ces monuments et autres sont am\u00e9nag\u00e9s comme salles d\u00b4expositions ou mus\u00e9e d\u00b4art contemporain, qui donnent \u00e0 la ville une int\u00e9ressante vie culturelle.<br \/>\n<\/strong><\/p><\/blockquote>\n<p>Si vous d\u00e9sirez pratiquer des sports nautiques vous pouvez approcher aux excellentes installations nautiques qu\u00b4offre Arrecife, pour pratiquer le windsurf ou la voile. Si vous pr\u00e9f\u00e9rez le golf, vous disposez d\u00b4un terrain de golf voisin, entour\u00e9 d\u00b4un incroyable paysage volcanique.<\/p>\n<p><strong>L\u00b4H\u00f4tel Lancelot se situe dans le centre-ville, mais aussi sur la plage du Reducto, une des plages de la ville, situ\u00e9e entre la Punta del Camello et l\u00b4\u00eelot de La Fermina.<\/strong><\/p>\n<p>La plage du Reducto est bien \u00e9quip\u00e9e et compte avec tout genre de services : Douches, vestiaires, poubelles, t\u00e9l\u00e9phone et toilettes.<br \/>\nIl s\u00b4agit d\u00b4une plage naturelle d\u00b4eaux tranquilles \u00e0 cause du r\u00e9cif qui la prot\u00e8ge, parfaite pour un bain d\u00e9tendu, m\u00eame avec les enfants. Dans l\u00b4avenue qui longe la plage, vous trouverez des boutiques, des restaurants et cafeterias et, bien s\u00fbr, l\u00b4H\u00f4tel Lancelot.<\/p>\n<h2>&nbsp;<\/h2>\n<p>[\/vc_column_text][vc_single_image image=\u00a0\u00bb282&Prime; img_size=\u00a0\u00bblarge\u00a0\u00bb alignment=\u00a0\u00bbcenter\u00a0\u00bb onclick=\u00a0\u00bbimg_link_large\u00a0\u00bb qode_css_animation=\u00a0\u00bb\u00a0\u00bb css=\u00a0\u00bb.vc_custom_1460142754349{margin-top: 30px !important;margin-bottom: 30px !important;}\u00a0\u00bb][\/vc_column][\/vc_row][vc_row row_type=\u00a0\u00bbrow\u00a0\u00bb use_row_as_full_screen_section=\u00a0\u00bbyes\u00a0\u00bb type=\u00a0\u00bbgrid\u00a0\u00bb angled_section=\u00a0\u00bbno\u00a0\u00bb text_align=\u00a0\u00bbleft\u00a0\u00bb background_image_as_pattern=\u00a0\u00bbwithout_pattern\u00a0\u00bb css_animation=\u00a0\u00bb\u00a0\u00bb css=\u00a0\u00bb.vc_custom_1594725660807{margin-top: 60px !important;padding-top: 40px !important;padding-bottom: 40px !important;background-color: #ffffff !important;}\u00a0\u00bb z_index=\u00a0\u00bb\u00a0\u00bb][vc_column width=\u00a0\u00bb1\/2&Prime;][vc_column_text]<\/p>\n<h3><strong>Distances:<\/strong><\/h3>\n<ul class=\"list\">\n<li>Arrecife A\u00e9roport(ACE) <strong>6.0 km<\/strong><\/li>\n<li>T\u00edas<strong> 12.4 km<\/strong><\/li>\n<li>San Bartolom\u00e9 <strong>15.1 km<\/strong><\/li>\n<li>Puerto del Carmen<strong> 16.5 km<\/strong><\/li>\n<li>Puerto Calero<strong> 18.8 km<\/strong><\/li>\n<li>Costa Teguise <strong>12.2 km<\/strong><\/li>\n<li>Yaiza <strong>24.1 km<\/strong><\/li>\n<li>Playa Blanca <strong>30.6 km<\/strong><\/li>\n<li>Har\u00eda<strong> 26.0 km<\/strong><\/li>\n<\/ul>\n<p>&nbsp;[\/vc_column_text][\/vc_column][vc_column width=\u00a0\u00bb1\/2&Prime;][vc_column_text]<\/p>\n<h3><strong>Comment s&rsquo;y rendre:<\/strong><\/h3>\n<p>Pour vous rendre \u00e0 l&rsquo;h\u00f4tel Lancelot, vous pouvez louer une voiture \u00e0 l&rsquo;a\u00e9roport, et vous diriger vers la ville d&rsquo;Arrecife sur les voies LZ-2, LZ-20, LZ-1 ou LZ-101. Une fois \u00e0 l&rsquo;int\u00e9rieur de la ville, nous devons nous rendre sur l&rsquo;avenue Fred Olsen, qui est parfaitement signalis\u00e9e.<\/p>\n<p>&nbsp;[\/vc_column_text][vc_single_image image=\u00a0\u00bb738&Prime; img_size=\u00a0\u00bbfull\u00a0\u00bb onclick=\u00a0\u00bbcustom_link\u00a0\u00bb img_link_target=\u00a0\u00bb_blank\u00a0\u00bb qode_css_animation=\u00a0\u00bb\u00a0\u00bb qode_hover_animation=\u00a0\u00bbzoom_in\u00a0\u00bb title=\u00a0\u00bbT\u00e9l\u00e9charger la carte\u00a0\u00bb link=\u00a0\u00bbhttps:\/\/hotellancelot.com\/wp-content\/uploads\/2016\/04\/mapa_lanzarote.pdf\u00a0\u00bb css=\u00a0\u00bb.vc_custom_1594734825355{margin-top: 30px !important;}\u00a0\u00bb][\/vc_column][\/vc_row]<\/p>\n<\/div>","protected":false},"excerpt":{"rendered":"<p>[vc_row row_type=\u00a0\u00bbrow\u00a0\u00bb use_row_as_full_screen_section=\u00a0\u00bbno\u00a0\u00bb type=\u00a0\u00bbgrid\u00a0\u00bb angled_section=\u00a0\u00bbno\u00a0\u00bb text_align=\u00a0\u00bbleft\u00a0\u00bb background_image_as_pattern=\u00a0\u00bbwithout_pattern\u00a0\u00bb css_animation=\u00a0\u00bb\u00a0\u00bb z_index=\u00a0\u00bb\u00a0\u00bb][vc_column][vc_column_text] Lanzarote h\u00f4tel sur mer Arrecife Lanzarote Reducto &#8211; la ville d\u00b4Arrecife et la Plage du Reducto. [\/vc_column_text][layerslider_vc id=\u00a0\u00bb2&Prime;][\/vc_column][\/vc_row][vc_row row_type=\u00a0\u00bbrow\u00a0\u00bb use_row_as_full_screen_section=\u00a0\u00bbno\u00a0\u00bb type=\u00a0\u00bbgrid\u00a0\u00bb angled_section=\u00a0\u00bbno\u00a0\u00bb text_align=\u00a0\u00bbleft\u00a0\u00bb background_image_as_pattern=\u00a0\u00bbwithout_pattern\u00a0\u00bb css_animation=\u00a0\u00bb\u00a0\u00bb z_index=\u00a0\u00bb\u00a0\u00bb][vc_column width=\u00a0\u00bb1\/2&Prime;][vc_column_text css=\u00a0\u00bb.vc_custom_1587118180923{margin-top: 30px !important;}\u00a0\u00bb] Lanzarote Lanzarote est une des \u00eeles&#8230;<\/p>\n","protected":false},"author":1,"featured_media":0,"parent":0,"menu_order":0,"comment_status":"closed","ping_status":"closed","template":"full_width.php","meta":{"ngg_post_thumbnail":0,"footnotes":""},"class_list":["post-23","page","type-page","status-publish","hentry"],"yoast_head":"<!-- This site is optimized with the Yoast SEO plugin v27.3 - https:\/\/yoast.com\/product\/yoast-seo-wordpress\/ -->\n<title>Lanzarote - (Espa\u00f1ol) Hotel Lancelot<\/title>\n<meta name=\"robots\" content=\"index, follow, max-snippet:-1, max-image-preview:large, max-video-preview:-1\" \/>\n<link rel=\"canonical\" href=\"https:\/\/hotellancelot.com\/hotel-playa-arrecife-lanzarote-la-ciudad-de-arrecife-y-la-playa-del-reducto\/\" \/>\n<meta property=\"og:locale\" content=\"fr_FR\" \/>\n<meta property=\"og:type\" content=\"article\" \/>\n<meta property=\"og:title\" content=\"Lanzarote - (Espa\u00f1ol) Hotel Lancelot\" \/>\n<meta property=\"og:description\" content=\"[vc_row row_type=\u00a0\u00bbrow\u00a0\u00bb use_row_as_full_screen_section=\u00a0\u00bbno\u00a0\u00bb type=\u00a0\u00bbgrid\u00a0\u00bb angled_section=\u00a0\u00bbno\u00a0\u00bb text_align=\u00a0\u00bbleft\u00a0\u00bb background_image_as_pattern=\u00a0\u00bbwithout_pattern\u00a0\u00bb css_animation=\u00a0\u00bb\u00a0\u00bb z_index=\u00a0\u00bb\u00a0\u00bb][vc_column][vc_column_text] Lanzarote h\u00f4tel sur mer Arrecife Lanzarote Reducto &#8211; la ville d\u00b4Arrecife et la Plage du Reducto. [\/vc_column_text][layerslider_vc id=\u00a0\u00bb2&Prime;][\/vc_column][\/vc_row][vc_row row_type=\u00a0\u00bbrow\u00a0\u00bb use_row_as_full_screen_section=\u00a0\u00bbno\u00a0\u00bb type=\u00a0\u00bbgrid\u00a0\u00bb angled_section=\u00a0\u00bbno\u00a0\u00bb text_align=\u00a0\u00bbleft\u00a0\u00bb background_image_as_pattern=\u00a0\u00bbwithout_pattern\u00a0\u00bb css_animation=\u00a0\u00bb\u00a0\u00bb z_index=\u00a0\u00bb\u00a0\u00bb][vc_column width=\u00a0\u00bb1\/2&Prime;][vc_column_text css=\u00a0\u00bb.vc_custom_1587118180923{margin-top: 30px !important;}\u00a0\u00bb] Lanzarote Lanzarote est une des \u00eeles...\" \/>\n<meta property=\"og:url\" content=\"https:\/\/hotellancelot.com\/hotel-playa-arrecife-lanzarote-la-ciudad-de-arrecife-y-la-playa-del-reducto\/\" \/>\n<meta property=\"og:site_name\" content=\"(Espa\u00f1ol) Hotel Lancelot\" \/>\n<meta property=\"article:modified_time\" content=\"2020-08-21T08:57:38+00:00\" \/>\n<meta name=\"twitter:card\" content=\"summary_large_image\" \/>\n<meta name=\"twitter:label1\" content=\"Dur\u00e9e de lecture estim\u00e9e\" \/>\n\t<meta name=\"twitter:data1\" content=\"4 minutes\" \/>\n<script type=\"application\/ld+json\" class=\"yoast-schema-graph\">{\"@context\":\"https:\\\/\\\/schema.org\",\"@graph\":[{\"@type\":\"WebPage\",\"@id\":\"https:\\\/\\\/hotellancelot.com\\\/hotel-playa-arrecife-lanzarote-la-ciudad-de-arrecife-y-la-playa-del-reducto\\\/\",\"url\":\"https:\\\/\\\/hotellancelot.com\\\/hotel-playa-arrecife-lanzarote-la-ciudad-de-arrecife-y-la-playa-del-reducto\\\/\",\"name\":\"Lanzarote - (Espa\u00f1ol) Hotel Lancelot\",\"isPartOf\":{\"@id\":\"https:\\\/\\\/hotellancelot.com\\\/#website\"},\"datePublished\":\"2016-03-17T16:51:35+00:00\",\"dateModified\":\"2020-08-21T08:57:38+00:00\",\"breadcrumb\":{\"@id\":\"https:\\\/\\\/hotellancelot.com\\\/hotel-playa-arrecife-lanzarote-la-ciudad-de-arrecife-y-la-playa-del-reducto\\\/#breadcrumb\"},\"inLanguage\":\"fr-FR\",\"potentialAction\":[{\"@type\":\"ReadAction\",\"target\":[\"https:\\\/\\\/hotellancelot.com\\\/hotel-playa-arrecife-lanzarote-la-ciudad-de-arrecife-y-la-playa-del-reducto\\\/\"]}]},{\"@type\":\"BreadcrumbList\",\"@id\":\"https:\\\/\\\/hotellancelot.com\\\/hotel-playa-arrecife-lanzarote-la-ciudad-de-arrecife-y-la-playa-del-reducto\\\/#breadcrumb\",\"itemListElement\":[{\"@type\":\"ListItem\",\"position\":1,\"name\":\"Portada\",\"item\":\"https:\\\/\\\/hotellancelot.com\\\/\"},{\"@type\":\"ListItem\",\"position\":2,\"name\":\"Lanzarote\"}]},{\"@type\":\"WebSite\",\"@id\":\"https:\\\/\\\/hotellancelot.com\\\/#website\",\"url\":\"https:\\\/\\\/hotellancelot.com\\\/\",\"name\":\"(Espa\u00f1ol) Hotel Lancelot\",\"description\":\"(Espa\u00f1ol) Los mejores recuerdos comienzan aqu\u00ed\",\"potentialAction\":[{\"@type\":\"SearchAction\",\"target\":{\"@type\":\"EntryPoint\",\"urlTemplate\":\"https:\\\/\\\/hotellancelot.com\\\/?s={search_term_string}\"},\"query-input\":{\"@type\":\"PropertyValueSpecification\",\"valueRequired\":true,\"valueName\":\"search_term_string\"}}],\"inLanguage\":\"fr-FR\"}]}<\/script>\n<!-- \/ Yoast SEO plugin. -->","yoast_head_json":{"title":"Lanzarote - (Espa\u00f1ol) Hotel Lancelot","robots":{"index":"index","follow":"follow","max-snippet":"max-snippet:-1","max-image-preview":"max-image-preview:large","max-video-preview":"max-video-preview:-1"},"canonical":"https:\/\/hotellancelot.com\/hotel-playa-arrecife-lanzarote-la-ciudad-de-arrecife-y-la-playa-del-reducto\/","og_locale":"fr_FR","og_type":"article","og_title":"Lanzarote - (Espa\u00f1ol) Hotel Lancelot","og_description":"[vc_row row_type=\u00a0\u00bbrow\u00a0\u00bb use_row_as_full_screen_section=\u00a0\u00bbno\u00a0\u00bb type=\u00a0\u00bbgrid\u00a0\u00bb angled_section=\u00a0\u00bbno\u00a0\u00bb text_align=\u00a0\u00bbleft\u00a0\u00bb background_image_as_pattern=\u00a0\u00bbwithout_pattern\u00a0\u00bb css_animation=\u00a0\u00bb\u00a0\u00bb z_index=\u00a0\u00bb\u00a0\u00bb][vc_column][vc_column_text] Lanzarote h\u00f4tel sur mer Arrecife Lanzarote Reducto &#8211; la ville d\u00b4Arrecife et la Plage du Reducto. [\/vc_column_text][layerslider_vc id=\u00a0\u00bb2&Prime;][\/vc_column][\/vc_row][vc_row row_type=\u00a0\u00bbrow\u00a0\u00bb use_row_as_full_screen_section=\u00a0\u00bbno\u00a0\u00bb type=\u00a0\u00bbgrid\u00a0\u00bb angled_section=\u00a0\u00bbno\u00a0\u00bb text_align=\u00a0\u00bbleft\u00a0\u00bb background_image_as_pattern=\u00a0\u00bbwithout_pattern\u00a0\u00bb css_animation=\u00a0\u00bb\u00a0\u00bb z_index=\u00a0\u00bb\u00a0\u00bb][vc_column width=\u00a0\u00bb1\/2&Prime;][vc_column_text css=\u00a0\u00bb.vc_custom_1587118180923{margin-top: 30px !important;}\u00a0\u00bb] Lanzarote Lanzarote est une des \u00eeles...","og_url":"https:\/\/hotellancelot.com\/hotel-playa-arrecife-lanzarote-la-ciudad-de-arrecife-y-la-playa-del-reducto\/","og_site_name":"(Espa\u00f1ol) Hotel Lancelot","article_modified_time":"2020-08-21T08:57:38+00:00","twitter_card":"summary_large_image","twitter_misc":{"Dur\u00e9e de lecture estim\u00e9e":"4 minutes"},"schema":{"@context":"https:\/\/schema.org","@graph":[{"@type":"WebPage","@id":"https:\/\/hotellancelot.com\/hotel-playa-arrecife-lanzarote-la-ciudad-de-arrecife-y-la-playa-del-reducto\/","url":"https:\/\/hotellancelot.com\/hotel-playa-arrecife-lanzarote-la-ciudad-de-arrecife-y-la-playa-del-reducto\/","name":"Lanzarote - (Espa\u00f1ol) Hotel Lancelot","isPartOf":{"@id":"https:\/\/hotellancelot.com\/#website"},"datePublished":"2016-03-17T16:51:35+00:00","dateModified":"2020-08-21T08:57:38+00:00","breadcrumb":{"@id":"https:\/\/hotellancelot.com\/hotel-playa-arrecife-lanzarote-la-ciudad-de-arrecife-y-la-playa-del-reducto\/#breadcrumb"},"inLanguage":"fr-FR","potentialAction":[{"@type":"ReadAction","target":["https:\/\/hotellancelot.com\/hotel-playa-arrecife-lanzarote-la-ciudad-de-arrecife-y-la-playa-del-reducto\/"]}]},{"@type":"BreadcrumbList","@id":"https:\/\/hotellancelot.com\/hotel-playa-arrecife-lanzarote-la-ciudad-de-arrecife-y-la-playa-del-reducto\/#breadcrumb","itemListElement":[{"@type":"ListItem","position":1,"name":"Portada","item":"https:\/\/hotellancelot.com\/"},{"@type":"ListItem","position":2,"name":"Lanzarote"}]},{"@type":"WebSite","@id":"https:\/\/hotellancelot.com\/#website","url":"https:\/\/hotellancelot.com\/","name":"(Espa\u00f1ol) Hotel Lancelot","description":"(Espa\u00f1ol) Los mejores recuerdos comienzan aqu\u00ed","potentialAction":[{"@type":"SearchAction","target":{"@type":"EntryPoint","urlTemplate":"https:\/\/hotellancelot.com\/?s={search_term_string}"},"query-input":{"@type":"PropertyValueSpecification","valueRequired":true,"valueName":"search_term_string"}}],"inLanguage":"fr-FR"}]}},"_links":{"self":[{"href":"https:\/\/hotellancelot.com\/fr\/wp-json\/wp\/v2\/pages\/23","targetHints":{"allow":["GET"]}}],"collection":[{"href":"https:\/\/hotellancelot.com\/fr\/wp-json\/wp\/v2\/pages"}],"about":[{"href":"https:\/\/hotellancelot.com\/fr\/wp-json\/wp\/v2\/types\/page"}],"author":[{"embeddable":true,"href":"https:\/\/hotellancelot.com\/fr\/wp-json\/wp\/v2\/users\/1"}],"replies":[{"embeddable":true,"href":"https:\/\/hotellancelot.com\/fr\/wp-json\/wp\/v2\/comments?post=23"}],"version-history":[{"count":30,"href":"https:\/\/hotellancelot.com\/fr\/wp-json\/wp\/v2\/pages\/23\/revisions"}],"predecessor-version":[{"id":1123,"href":"https:\/\/hotellancelot.com\/fr\/wp-json\/wp\/v2\/pages\/23\/revisions\/1123"}],"wp:attachment":[{"href":"https:\/\/hotellancelot.com\/fr\/wp-json\/wp\/v2\/media?parent=23"}],"curies":[{"name":"wp","href":"https:\/\/api.w.org\/{rel}","templated":true}]}}