{"id":578,"date":"2016-12-14T09:49:48","date_gmt":"2016-12-14T09:49:48","guid":{"rendered":"http:\/\/www.hotellancelot.com\/?page_id=578"},"modified":"2023-03-29T11:24:39","modified_gmt":"2023-03-29T11:24:39","slug":"suites","status":"publish","type":"page","link":"https:\/\/hotellancelot.com\/fr\/suites\/","title":{"rendered":"Suites"},"content":{"rendered":"<div class=\"wpb-content-wrapper\"><p>[vc_row css_animation=\u00a0\u00bb\u00a0\u00bb row_type=\u00a0\u00bbrow\u00a0\u00bb use_row_as_full_screen_section=\u00a0\u00bbno\u00a0\u00bb type=\u00a0\u00bbfull_width\u00a0\u00bb angled_section=\u00a0\u00bbno\u00a0\u00bb text_align=\u00a0\u00bbleft\u00a0\u00bb background_image_as_pattern=\u00a0\u00bbwithout_pattern\u00a0\u00bb][vc_column][layerslider_vc id=\u00a0\u00bb7&Prime;][\/vc_column][\/vc_row][vc_row css_animation=\u00a0\u00bb\u00a0\u00bb row_type=\u00a0\u00bbrow\u00a0\u00bb use_row_as_full_screen_section=\u00a0\u00bbno\u00a0\u00bb type=\u00a0\u00bbfull_width\u00a0\u00bb angled_section=\u00a0\u00bbno\u00a0\u00bb text_align=\u00a0\u00bbleft\u00a0\u00bb background_image_as_pattern=\u00a0\u00bbwithout_pattern\u00a0\u00bb][vc_column width=\u00a0\u00bb1\/2&Prime;][vc_column_text css=\u00a0\u00bb.vc_custom_1587115989246{margin-top: 30px !important;margin-bottom: 30px !important;}\u00a0\u00bb]<\/p>\n<h2>Nouvelles Suites<\/h2>\n<p>Nos nouvelles suites pr\u00e9sentent deux chambres doubles ind\u00e9pendantes et un spacieux salon avec cuisine et toutes les commodit\u00e9s.<\/p>\n<p>Les suites se trouvent dans l\u00b4\u00e9tage sup\u00e9rieur et disposent d\u00b4une magnifique terrasse avec vue panoramique sur la mer.[\/vc_column_text]<div class='service_table_holder'><ul class='service_table_inner'><li class='service_table_title_holder background_color_type' style=''><div class='service_table_title_inner'><div class='service_table_title_inner2'><h2 class='service_title' style='color: #1e73be;'>Suites<\/h2><i class=\"qode_icon_font_awesome fa fa-star fa-2x\" style=\"\" ><\/i><\/div><\/div><\/li><li class='service_table_content' style=''><\/p>\n<ul>\n<li>2 Chambres doubles<\/li>\n<li>Salon spacieux<\/li>\n<li>Cuisine<\/li>\n<li>Magnifique terrasse<\/li>\n<\/ul>\n<p><\/li><\/ul><\/div>[\/vc_column][vc_column width=\u00a0\u00bb1\/2&Prime; css=\u00a0\u00bb.vc_custom_1460488340653{margin-top: 30px !important;margin-bottom: 30px !important;}\u00a0\u00bb]<div class='service_table_holder'><ul class='service_table_inner'><li class='service_table_title_holder background_color_type' style=''><div class='service_table_title_inner'><div class='service_table_title_inner2'><h2 class='service_title' style='color: #1e73be;'>SERVICES<\/h2><i class=\"qode_icon_font_awesome fa fa-university fa-lg\" style=\"\" ><\/i><\/div><\/div><\/li><li class='service_table_content' style=''><\/p>\n<ul>\n<li>T\u00e9l\u00e9phone<\/li>\n<li>Climatisation<\/li>\n<li>Mini bar<\/li>\n<li>Internet WiFi gratuit<\/li>\n<li>Coffre Fort<\/li>\n<li>T\u00e9l\u00e9vision\/Radio interactive<\/li>\n<li>Ch\u00e8che cheveux<\/li>\n<li>Animaux non accept\u00e9s<\/li>\n<\/ul>\n<p><\/li><\/ul><\/div>[\/vc_column][\/vc_row][vc_row css_animation=\u00a0\u00bb\u00a0\u00bb row_type=\u00a0\u00bbrow\u00a0\u00bb use_row_as_full_screen_section=\u00a0\u00bbno\u00a0\u00bb type=\u00a0\u00bbfull_width\u00a0\u00bb angled_section=\u00a0\u00bbno\u00a0\u00bb text_align=\u00a0\u00bbleft\u00a0\u00bb background_image_as_pattern=\u00a0\u00bbwithout_pattern\u00a0\u00bb][vc_column][vc_gallery type=\u00a0\u00bbnivo\u00a0\u00bb interval=\u00a0\u00bb3&Prime; images=\u00a0\u00bb588,587,584,585,586,583,582,596&Prime; img_size=\u00a0\u00bbfull\u00a0\u00bb onclick=\u00a0\u00bb\u00a0\u00bb css=\u00a0\u00bb.vc_custom_1481711912275{margin-top: 20px !important;margin-bottom: 20px !important;}\u00a0\u00bb][vc_separator type=\u00a0\u00bbnormal\u00a0\u00bb up=\u00a0\u00bb20px\u00a0\u00bb down=\u00a0\u00bb20px\u00a0\u00bb][vc_column_text css=\u00a0\u00bb.vc_custom_1587115928509{margin-top: 30px !important;margin-bottom: 30px !important;padding-top: 20px !important;padding-right: 20px !important;padding-bottom: 20px !important;padding-left: 20px !important;background-color: #eaeaea !important;}\u00a0\u00bb]Cartes de cr\u00e9dit accept\u00e9es: American Express, Visa, Euro\/Mastercard, Dinners Club, red, Maestro.<br \/>\n<em>L\u00b4\u00e9tablissement se r\u00e9serve le droit de v\u00e9rifier la validit\u00e9 des cartes de cr\u00e9dit avant la date d\u00b4arriv\u00e9e.<\/em>[\/vc_column_text][\/vc_column][\/vc_row]<\/p>\n<\/div>","protected":false},"excerpt":{"rendered":"<p>[vc_row css_animation=\u00a0\u00bb\u00a0\u00bb row_type=\u00a0\u00bbrow\u00a0\u00bb use_row_as_full_screen_section=\u00a0\u00bbno\u00a0\u00bb type=\u00a0\u00bbfull_width\u00a0\u00bb angled_section=\u00a0\u00bbno\u00a0\u00bb text_align=\u00a0\u00bbleft\u00a0\u00bb background_image_as_pattern=\u00a0\u00bbwithout_pattern\u00a0\u00bb][vc_column][layerslider_vc id=\u00a0\u00bb7&Prime;][\/vc_column][\/vc_row][vc_row css_animation=\u00a0\u00bb\u00a0\u00bb row_type=\u00a0\u00bbrow\u00a0\u00bb use_row_as_full_screen_section=\u00a0\u00bbno\u00a0\u00bb type=\u00a0\u00bbfull_width\u00a0\u00bb angled_section=\u00a0\u00bbno\u00a0\u00bb text_align=\u00a0\u00bbleft\u00a0\u00bb background_image_as_pattern=\u00a0\u00bbwithout_pattern\u00a0\u00bb][vc_column width=\u00a0\u00bb1\/2&Prime;][vc_column_text css=\u00a0\u00bb.vc_custom_1587115989246{margin-top: 30px !important;margin-bottom: 30px !important;}\u00a0\u00bb] Nouvelles Suites Nos nouvelles suites pr\u00e9sentent deux chambres doubles ind\u00e9pendantes et un spacieux salon avec cuisine et toutes les commodit\u00e9s. Les suites se&#8230;<\/p>\n","protected":false},"author":2,"featured_media":0,"parent":0,"menu_order":0,"comment_status":"closed","ping_status":"closed","template":"","meta":{"ngg_post_thumbnail":0,"footnotes":""},"class_list":["post-578","page","type-page","status-publish","hentry"],"yoast_head":"<!-- This site is optimized with the Yoast SEO plugin v27.3 - https:\/\/yoast.com\/product\/yoast-seo-wordpress\/ -->\n<title>Suites - Hotel Lancelot<\/title>\n<meta name=\"robots\" content=\"index, follow, max-snippet:-1, max-image-preview:large, max-video-preview:-1\" \/>\n<link rel=\"canonical\" href=\"https:\/\/hotellancelot.com\/suites\/\" \/>\n<meta property=\"og:locale\" content=\"fr_FR\" \/>\n<meta property=\"og:type\" content=\"article\" \/>\n<meta property=\"og:title\" content=\"Suites - Hotel Lancelot\" \/>\n<meta property=\"og:description\" content=\"[vc_row css_animation=\u00a0\u00bb\u00a0\u00bb row_type=\u00a0\u00bbrow\u00a0\u00bb use_row_as_full_screen_section=\u00a0\u00bbno\u00a0\u00bb type=\u00a0\u00bbfull_width\u00a0\u00bb angled_section=\u00a0\u00bbno\u00a0\u00bb text_align=\u00a0\u00bbleft\u00a0\u00bb background_image_as_pattern=\u00a0\u00bbwithout_pattern\u00a0\u00bb][vc_column][layerslider_vc id=\u00a0\u00bb7&Prime;][\/vc_column][\/vc_row][vc_row css_animation=\u00a0\u00bb\u00a0\u00bb row_type=\u00a0\u00bbrow\u00a0\u00bb use_row_as_full_screen_section=\u00a0\u00bbno\u00a0\u00bb type=\u00a0\u00bbfull_width\u00a0\u00bb angled_section=\u00a0\u00bbno\u00a0\u00bb text_align=\u00a0\u00bbleft\u00a0\u00bb background_image_as_pattern=\u00a0\u00bbwithout_pattern\u00a0\u00bb][vc_column width=\u00a0\u00bb1\/2&Prime;][vc_column_text css=\u00a0\u00bb.vc_custom_1587115989246{margin-top: 30px !important;margin-bottom: 30px !important;}\u00a0\u00bb] Nouvelles Suites Nos nouvelles suites pr\u00e9sentent deux chambres doubles ind\u00e9pendantes et un spacieux salon avec cuisine et toutes les commodit\u00e9s. Les suites se...\" \/>\n<meta property=\"og:url\" content=\"https:\/\/hotellancelot.com\/suites\/\" \/>\n<meta property=\"og:site_name\" content=\"(Espa\u00f1ol) Hotel Lancelot\" \/>\n<meta property=\"article:modified_time\" content=\"2023-03-29T11:24:39+00:00\" \/>\n<meta name=\"twitter:card\" content=\"summary_large_image\" \/>\n<meta name=\"twitter:label1\" content=\"Dur\u00e9e de lecture estim\u00e9e\" \/>\n\t<meta name=\"twitter:data1\" content=\"1 minute\" \/>\n<script type=\"application\/ld+json\" class=\"yoast-schema-graph\">{\"@context\":\"https:\\\/\\\/schema.org\",\"@graph\":[{\"@type\":\"WebPage\",\"@id\":\"https:\\\/\\\/hotellancelot.com\\\/suites\\\/\",\"url\":\"https:\\\/\\\/hotellancelot.com\\\/suites\\\/\",\"name\":\"Suites - Hotel Lancelot\",\"isPartOf\":{\"@id\":\"https:\\\/\\\/hotellancelot.com\\\/#website\"},\"datePublished\":\"2016-12-14T09:49:48+00:00\",\"dateModified\":\"2023-03-29T11:24:39+00:00\",\"breadcrumb\":{\"@id\":\"https:\\\/\\\/hotellancelot.com\\\/suites\\\/#breadcrumb\"},\"inLanguage\":\"fr-FR\",\"potentialAction\":[{\"@type\":\"ReadAction\",\"target\":[\"https:\\\/\\\/hotellancelot.com\\\/suites\\\/\"]}]},{\"@type\":\"BreadcrumbList\",\"@id\":\"https:\\\/\\\/hotellancelot.com\\\/suites\\\/#breadcrumb\",\"itemListElement\":[{\"@type\":\"ListItem\",\"position\":1,\"name\":\"Portada\",\"item\":\"https:\\\/\\\/hotellancelot.com\\\/\"},{\"@type\":\"ListItem\",\"position\":2,\"name\":\"Suites\"}]},{\"@type\":\"WebSite\",\"@id\":\"https:\\\/\\\/hotellancelot.com\\\/#website\",\"url\":\"https:\\\/\\\/hotellancelot.com\\\/\",\"name\":\"(Espa\u00f1ol) Hotel Lancelot\",\"description\":\"(Espa\u00f1ol) Los mejores recuerdos comienzan aqu\u00ed\",\"potentialAction\":[{\"@type\":\"SearchAction\",\"target\":{\"@type\":\"EntryPoint\",\"urlTemplate\":\"https:\\\/\\\/hotellancelot.com\\\/?s={search_term_string}\"},\"query-input\":{\"@type\":\"PropertyValueSpecification\",\"valueRequired\":true,\"valueName\":\"search_term_string\"}}],\"inLanguage\":\"fr-FR\"}]}<\/script>\n<!-- \/ Yoast SEO plugin. -->","yoast_head_json":{"title":"Suites - Hotel Lancelot","robots":{"index":"index","follow":"follow","max-snippet":"max-snippet:-1","max-image-preview":"max-image-preview:large","max-video-preview":"max-video-preview:-1"},"canonical":"https:\/\/hotellancelot.com\/suites\/","og_locale":"fr_FR","og_type":"article","og_title":"Suites - Hotel Lancelot","og_description":"[vc_row css_animation=\u00a0\u00bb\u00a0\u00bb row_type=\u00a0\u00bbrow\u00a0\u00bb use_row_as_full_screen_section=\u00a0\u00bbno\u00a0\u00bb type=\u00a0\u00bbfull_width\u00a0\u00bb angled_section=\u00a0\u00bbno\u00a0\u00bb text_align=\u00a0\u00bbleft\u00a0\u00bb background_image_as_pattern=\u00a0\u00bbwithout_pattern\u00a0\u00bb][vc_column][layerslider_vc id=\u00a0\u00bb7&Prime;][\/vc_column][\/vc_row][vc_row css_animation=\u00a0\u00bb\u00a0\u00bb row_type=\u00a0\u00bbrow\u00a0\u00bb use_row_as_full_screen_section=\u00a0\u00bbno\u00a0\u00bb type=\u00a0\u00bbfull_width\u00a0\u00bb angled_section=\u00a0\u00bbno\u00a0\u00bb text_align=\u00a0\u00bbleft\u00a0\u00bb background_image_as_pattern=\u00a0\u00bbwithout_pattern\u00a0\u00bb][vc_column width=\u00a0\u00bb1\/2&Prime;][vc_column_text css=\u00a0\u00bb.vc_custom_1587115989246{margin-top: 30px !important;margin-bottom: 30px !important;}\u00a0\u00bb] Nouvelles Suites Nos nouvelles suites pr\u00e9sentent deux chambres doubles ind\u00e9pendantes et un spacieux salon avec cuisine et toutes les commodit\u00e9s. Les suites se...","og_url":"https:\/\/hotellancelot.com\/suites\/","og_site_name":"(Espa\u00f1ol) Hotel Lancelot","article_modified_time":"2023-03-29T11:24:39+00:00","twitter_card":"summary_large_image","twitter_misc":{"Dur\u00e9e de lecture estim\u00e9e":"1 minute"},"schema":{"@context":"https:\/\/schema.org","@graph":[{"@type":"WebPage","@id":"https:\/\/hotellancelot.com\/suites\/","url":"https:\/\/hotellancelot.com\/suites\/","name":"Suites - Hotel Lancelot","isPartOf":{"@id":"https:\/\/hotellancelot.com\/#website"},"datePublished":"2016-12-14T09:49:48+00:00","dateModified":"2023-03-29T11:24:39+00:00","breadcrumb":{"@id":"https:\/\/hotellancelot.com\/suites\/#breadcrumb"},"inLanguage":"fr-FR","potentialAction":[{"@type":"ReadAction","target":["https:\/\/hotellancelot.com\/suites\/"]}]},{"@type":"BreadcrumbList","@id":"https:\/\/hotellancelot.com\/suites\/#breadcrumb","itemListElement":[{"@type":"ListItem","position":1,"name":"Portada","item":"https:\/\/hotellancelot.com\/"},{"@type":"ListItem","position":2,"name":"Suites"}]},{"@type":"WebSite","@id":"https:\/\/hotellancelot.com\/#website","url":"https:\/\/hotellancelot.com\/","name":"(Espa\u00f1ol) Hotel Lancelot","description":"(Espa\u00f1ol) Los mejores recuerdos comienzan aqu\u00ed","potentialAction":[{"@type":"SearchAction","target":{"@type":"EntryPoint","urlTemplate":"https:\/\/hotellancelot.com\/?s={search_term_string}"},"query-input":{"@type":"PropertyValueSpecification","valueRequired":true,"valueName":"search_term_string"}}],"inLanguage":"fr-FR"}]}},"_links":{"self":[{"href":"https:\/\/hotellancelot.com\/fr\/wp-json\/wp\/v2\/pages\/578","targetHints":{"allow":["GET"]}}],"collection":[{"href":"https:\/\/hotellancelot.com\/fr\/wp-json\/wp\/v2\/pages"}],"about":[{"href":"https:\/\/hotellancelot.com\/fr\/wp-json\/wp\/v2\/types\/page"}],"author":[{"embeddable":true,"href":"https:\/\/hotellancelot.com\/fr\/wp-json\/wp\/v2\/users\/2"}],"replies":[{"embeddable":true,"href":"https:\/\/hotellancelot.com\/fr\/wp-json\/wp\/v2\/comments?post=578"}],"version-history":[{"count":5,"href":"https:\/\/hotellancelot.com\/fr\/wp-json\/wp\/v2\/pages\/578\/revisions"}],"predecessor-version":[{"id":1384,"href":"https:\/\/hotellancelot.com\/fr\/wp-json\/wp\/v2\/pages\/578\/revisions\/1384"}],"wp:attachment":[{"href":"https:\/\/hotellancelot.com\/fr\/wp-json\/wp\/v2\/media?parent=578"}],"curies":[{"name":"wp","href":"https:\/\/api.w.org\/{rel}","templated":true}]}}