{"id":6,"date":"2016-03-17T16:32:40","date_gmt":"2016-03-17T16:32:40","guid":{"rendered":"http:\/\/hotellancelot.lztic.com\/?page_id=6"},"modified":"2020-04-17T09:17:30","modified_gmt":"2020-04-17T09:17:30","slug":"hoteles-en-arrecife-lanzarote-el-hotel","status":"publish","type":"page","link":"https:\/\/hotellancelot.com\/fr\/hoteles-en-arrecife-lanzarote-el-hotel\/","title":{"rendered":"(Espa\u00f1ol) Hoteles en Arrecife Lanzarote &#8211; El Hotel"},"content":{"rendered":"<div class=\"wpb-content-wrapper\"><p>[vc_row row_type=\u00a0\u00bbrow\u00a0\u00bb use_row_as_full_screen_section=\u00a0\u00bbno\u00a0\u00bb type=\u00a0\u00bbfull_width\u00a0\u00bb angled_section=\u00a0\u00bbno\u00a0\u00bb text_align=\u00a0\u00bbleft\u00a0\u00bb background_image_as_pattern=\u00a0\u00bbwithout_pattern\u00a0\u00bb css_animation=\u00a0\u00bb\u00a0\u00bb][vc_column][layerslider_vc id=\u00a0\u00bb3&Prime;][\/vc_column][\/vc_row][vc_row row_type=\u00a0\u00bbrow\u00a0\u00bb use_row_as_full_screen_section=\u00a0\u00bbno\u00a0\u00bb type=\u00a0\u00bbfull_width\u00a0\u00bb angled_section=\u00a0\u00bbno\u00a0\u00bb text_align=\u00a0\u00bbleft\u00a0\u00bb background_image_as_pattern=\u00a0\u00bbwithout_pattern\u00a0\u00bb css_animation=\u00a0\u00bb\u00a0\u00bb][vc_column width=\u00a0\u00bb1\/2&Prime;][vc_column_text css=\u00a0\u00bb.vc_custom_1587114661380{margin-top: 40px !important;}\u00a0\u00bb]<strong>L\u00b4H\u00f4tel Lancelot est un des h\u00f4tels situ\u00e9s \u00e0 Arrecife, Lanzarote, \u00e9tablissement avec 110 chambres, desquelles 33 individuelles, 77 doubles et 2 suites.<\/strong><\/p>\n<p>Les chambres sont spacieuses et confortables avec une d\u00e9coration moderne et fonctionnelle.<br \/>\nCet h\u00e9bergement offre aussi une piscine ext\u00e9rieure et solarium pour jouir d\u00b4une vue panoramique sur la ville, restaurant, caf\u00e9t\u00e9ria et salle de fitness.<br \/>\n[\/vc_column_text][vc_column_text css=\u00a0\u00bb.vc_custom_1587115000459{margin-top: 20px !important;margin-bottom: 20px !important;padding-top: 20px !important;padding-right: 20px !important;padding-bottom: 20px !important;padding-left: 20px !important;background-color: #1e73be !important;}\u00a0\u00bb]<\/p>\n<h3><span style=\"color: #ffffff;\"><strong>ARRIV\u00c9E, CHECK IN : \u00c0 partir de 14:00hrs.<\/strong><\/span><br \/>\n<span style=\"color: #ffffff;\"><strong>D\u00c9PART, CHECK OUT: Jusqu\u00b4\u00e0 12:00hrs.<\/strong><\/span><\/h3>\n<p>[\/vc_column_text][vc_column_text css=\u00a0\u00bb.vc_custom_1587115047382{margin-top: 20px !important;margin-bottom: 20px !important;padding-top: 10px !important;padding-bottom: 10px !important;padding-left: 20px !important;background-color: #e2e2e2 !important;}\u00a0\u00bb]<em>Cartes de cr\u00e9dit accept\u00e9es: American Express, Visa, Euro\/Mastercard, Dinners Club, red, Maestro.<\/em><br \/>\n<span style=\"color: #999999;\"><em>L\u00b4\u00e9tablissement se r\u00e9serve le droit de v\u00e9rifier la validit\u00e9 des cartes de cr\u00e9dit avant la date d\u00b4arriv\u00e9e.<\/em><\/span>[\/vc_column_text][vc_single_image image=\u00a0\u00bb282&Prime; img_size=\u00a0\u00bbfull\u00a0\u00bb qode_css_animation=\u00a0\u00bb\u00a0\u00bb css=\u00a0\u00bb.vc_custom_1561104430330{margin-top: 30px !important;margin-bottom: 30px !important;}\u00a0\u00bb][\/vc_column][vc_column width=\u00a0\u00bb1\/2&Prime; css=\u00a0\u00bb.vc_custom_1460485173445{margin-top: 30px !important;margin-bottom: 30px !important;}\u00a0\u00bb]<div class='service_table_holder'><ul class='service_table_inner'><li class='service_table_title_holder background_color_type' style=''><div class='service_table_title_inner'><div class='service_table_title_inner2'><h2 class='service_title' style='color: #1e73be;'>SERVICES DE L\u00b4H\u00d4TEL<\/h2><i class=\"qode_icon_font_awesome fa fa-star fa-3x\" style=\"color: #1e73be !important;\" ><\/i><\/div><\/div><\/li><li class='service_table_content' style=''><\/p>\n<ul>\n<li>Acc\u00e9s wifi gratuit dans tout l\u00b4\u00e9tablissement<\/li>\n<li>Laverie<\/li>\n<li>Consigne \u00e0 bagages<\/li>\n<li>Envoie\/r\u00e9ception d\u00b4email<\/li>\n<li>Presse nationale<\/li>\n<li>Restaurant<\/li>\n<li>Hall Bar<\/li>\n<li>Parking \u00e0 proximit\u00e9<\/li>\n<li>Location de voitures\/excursions<\/li>\n<li>Petit d\u00e9jeuner buffet<\/li>\n<li>Snack bar<\/li>\n<li>Minibar (Payant)<\/li>\n<\/ul>\n<p><\/li><\/ul><\/div>[\/vc_column][\/vc_row]<\/p>\n<\/div>","protected":false},"excerpt":{"rendered":"<p>[vc_row row_type=\u00a0\u00bbrow\u00a0\u00bb use_row_as_full_screen_section=\u00a0\u00bbno\u00a0\u00bb type=\u00a0\u00bbfull_width\u00a0\u00bb angled_section=\u00a0\u00bbno\u00a0\u00bb text_align=\u00a0\u00bbleft\u00a0\u00bb background_image_as_pattern=\u00a0\u00bbwithout_pattern\u00a0\u00bb css_animation=\u00a0\u00bb\u00a0\u00bb][vc_column][layerslider_vc id=\u00a0\u00bb3&Prime;][\/vc_column][\/vc_row][vc_row row_type=\u00a0\u00bbrow\u00a0\u00bb use_row_as_full_screen_section=\u00a0\u00bbno\u00a0\u00bb type=\u00a0\u00bbfull_width\u00a0\u00bb angled_section=\u00a0\u00bbno\u00a0\u00bb text_align=\u00a0\u00bbleft\u00a0\u00bb background_image_as_pattern=\u00a0\u00bbwithout_pattern\u00a0\u00bb css_animation=\u00a0\u00bb\u00a0\u00bb][vc_column width=\u00a0\u00bb1\/2&Prime;][vc_column_text css=\u00a0\u00bb.vc_custom_1587114661380{margin-top: 40px !important;}\u00a0\u00bb]L\u00b4H\u00f4tel Lancelot est un des h\u00f4tels situ\u00e9s \u00e0 Arrecife, Lanzarote, \u00e9tablissement avec 110 chambres, desquelles 33 individuelles, 77 doubles et 2 suites. Les chambres sont spacieuses&#8230;<\/p>\n","protected":false},"author":1,"featured_media":0,"parent":0,"menu_order":0,"comment_status":"closed","ping_status":"closed","template":"","meta":{"ngg_post_thumbnail":0,"footnotes":""},"class_list":["post-6","page","type-page","status-publish","hentry"],"yoast_head":"<!-- This site is optimized with the Yoast SEO plugin v27.5 - https:\/\/yoast.com\/product\/yoast-seo-wordpress\/ -->\n<title>El Hotel - Hoteles en Arrecife - Lanzarote<\/title>\n<meta name=\"robots\" content=\"index, follow, max-snippet:-1, max-image-preview:large, max-video-preview:-1\" \/>\n<link rel=\"canonical\" href=\"https:\/\/hotellancelot.com\/hoteles-en-arrecife-lanzarote-el-hotel\/\" \/>\n<meta property=\"og:locale\" content=\"fr_FR\" \/>\n<meta property=\"og:type\" content=\"article\" \/>\n<meta property=\"og:title\" content=\"El Hotel - Hoteles en Arrecife - Lanzarote\" \/>\n<meta property=\"og:description\" content=\"[vc_row row_type=\u00a0\u00bbrow\u00a0\u00bb use_row_as_full_screen_section=\u00a0\u00bbno\u00a0\u00bb type=\u00a0\u00bbfull_width\u00a0\u00bb angled_section=\u00a0\u00bbno\u00a0\u00bb text_align=\u00a0\u00bbleft\u00a0\u00bb background_image_as_pattern=\u00a0\u00bbwithout_pattern\u00a0\u00bb css_animation=\u00a0\u00bb\u00a0\u00bb][vc_column][layerslider_vc id=\u00a0\u00bb3&Prime;][\/vc_column][\/vc_row][vc_row row_type=\u00a0\u00bbrow\u00a0\u00bb use_row_as_full_screen_section=\u00a0\u00bbno\u00a0\u00bb type=\u00a0\u00bbfull_width\u00a0\u00bb angled_section=\u00a0\u00bbno\u00a0\u00bb text_align=\u00a0\u00bbleft\u00a0\u00bb background_image_as_pattern=\u00a0\u00bbwithout_pattern\u00a0\u00bb css_animation=\u00a0\u00bb\u00a0\u00bb][vc_column width=\u00a0\u00bb1\/2&Prime;][vc_column_text css=\u00a0\u00bb.vc_custom_1587114661380{margin-top: 40px !important;}\u00a0\u00bb]L\u00b4H\u00f4tel Lancelot est un des h\u00f4tels situ\u00e9s \u00e0 Arrecife, Lanzarote, \u00e9tablissement avec 110 chambres, desquelles 33 individuelles, 77 doubles et 2 suites. Les chambres sont spacieuses...\" \/>\n<meta property=\"og:url\" content=\"https:\/\/hotellancelot.com\/hoteles-en-arrecife-lanzarote-el-hotel\/\" \/>\n<meta property=\"og:site_name\" content=\"(Espa\u00f1ol) Hotel Lancelot\" \/>\n<meta property=\"article:modified_time\" content=\"2020-04-17T09:17:30+00:00\" \/>\n<meta name=\"twitter:card\" content=\"summary_large_image\" \/>\n<meta name=\"twitter:label1\" content=\"Dur\u00e9e de lecture estim\u00e9e\" \/>\n\t<meta name=\"twitter:data1\" content=\"2 minutes\" \/>\n<script type=\"application\/ld+json\" class=\"yoast-schema-graph\">{\"@context\":\"https:\\\/\\\/schema.org\",\"@graph\":[{\"@type\":\"WebPage\",\"@id\":\"https:\\\/\\\/hotellancelot.com\\\/hoteles-en-arrecife-lanzarote-el-hotel\\\/\",\"url\":\"https:\\\/\\\/hotellancelot.com\\\/hoteles-en-arrecife-lanzarote-el-hotel\\\/\",\"name\":\"El Hotel - Hoteles en Arrecife - Lanzarote\",\"isPartOf\":{\"@id\":\"https:\\\/\\\/hotellancelot.com\\\/#website\"},\"datePublished\":\"2016-03-17T16:32:40+00:00\",\"dateModified\":\"2020-04-17T09:17:30+00:00\",\"breadcrumb\":{\"@id\":\"https:\\\/\\\/hotellancelot.com\\\/hoteles-en-arrecife-lanzarote-el-hotel\\\/#breadcrumb\"},\"inLanguage\":\"fr-FR\",\"potentialAction\":[{\"@type\":\"ReadAction\",\"target\":[\"https:\\\/\\\/hotellancelot.com\\\/hoteles-en-arrecife-lanzarote-el-hotel\\\/\"]}]},{\"@type\":\"BreadcrumbList\",\"@id\":\"https:\\\/\\\/hotellancelot.com\\\/hoteles-en-arrecife-lanzarote-el-hotel\\\/#breadcrumb\",\"itemListElement\":[{\"@type\":\"ListItem\",\"position\":1,\"name\":\"Portada\",\"item\":\"https:\\\/\\\/hotellancelot.com\\\/\"},{\"@type\":\"ListItem\",\"position\":2,\"name\":\"Hoteles en Arrecife Lanzarote &#8211; El Hotel\"}]},{\"@type\":\"WebSite\",\"@id\":\"https:\\\/\\\/hotellancelot.com\\\/#website\",\"url\":\"https:\\\/\\\/hotellancelot.com\\\/\",\"name\":\"(Espa\u00f1ol) Hotel Lancelot\",\"description\":\"(Espa\u00f1ol) Los mejores recuerdos comienzan aqu\u00ed\",\"potentialAction\":[{\"@type\":\"SearchAction\",\"target\":{\"@type\":\"EntryPoint\",\"urlTemplate\":\"https:\\\/\\\/hotellancelot.com\\\/?s={search_term_string}\"},\"query-input\":{\"@type\":\"PropertyValueSpecification\",\"valueRequired\":true,\"valueName\":\"search_term_string\"}}],\"inLanguage\":\"fr-FR\"}]}<\/script>\n<!-- \/ Yoast SEO plugin. -->","yoast_head_json":{"title":"El Hotel - Hoteles en Arrecife - Lanzarote","robots":{"index":"index","follow":"follow","max-snippet":"max-snippet:-1","max-image-preview":"max-image-preview:large","max-video-preview":"max-video-preview:-1"},"canonical":"https:\/\/hotellancelot.com\/hoteles-en-arrecife-lanzarote-el-hotel\/","og_locale":"fr_FR","og_type":"article","og_title":"El Hotel - Hoteles en Arrecife - Lanzarote","og_description":"[vc_row row_type=\u00a0\u00bbrow\u00a0\u00bb use_row_as_full_screen_section=\u00a0\u00bbno\u00a0\u00bb type=\u00a0\u00bbfull_width\u00a0\u00bb angled_section=\u00a0\u00bbno\u00a0\u00bb text_align=\u00a0\u00bbleft\u00a0\u00bb background_image_as_pattern=\u00a0\u00bbwithout_pattern\u00a0\u00bb css_animation=\u00a0\u00bb\u00a0\u00bb][vc_column][layerslider_vc id=\u00a0\u00bb3&Prime;][\/vc_column][\/vc_row][vc_row row_type=\u00a0\u00bbrow\u00a0\u00bb use_row_as_full_screen_section=\u00a0\u00bbno\u00a0\u00bb type=\u00a0\u00bbfull_width\u00a0\u00bb angled_section=\u00a0\u00bbno\u00a0\u00bb text_align=\u00a0\u00bbleft\u00a0\u00bb background_image_as_pattern=\u00a0\u00bbwithout_pattern\u00a0\u00bb css_animation=\u00a0\u00bb\u00a0\u00bb][vc_column width=\u00a0\u00bb1\/2&Prime;][vc_column_text css=\u00a0\u00bb.vc_custom_1587114661380{margin-top: 40px !important;}\u00a0\u00bb]L\u00b4H\u00f4tel Lancelot est un des h\u00f4tels situ\u00e9s \u00e0 Arrecife, Lanzarote, \u00e9tablissement avec 110 chambres, desquelles 33 individuelles, 77 doubles et 2 suites. Les chambres sont spacieuses...","og_url":"https:\/\/hotellancelot.com\/hoteles-en-arrecife-lanzarote-el-hotel\/","og_site_name":"(Espa\u00f1ol) Hotel Lancelot","article_modified_time":"2020-04-17T09:17:30+00:00","twitter_card":"summary_large_image","twitter_misc":{"Dur\u00e9e de lecture estim\u00e9e":"2 minutes"},"schema":{"@context":"https:\/\/schema.org","@graph":[{"@type":"WebPage","@id":"https:\/\/hotellancelot.com\/hoteles-en-arrecife-lanzarote-el-hotel\/","url":"https:\/\/hotellancelot.com\/hoteles-en-arrecife-lanzarote-el-hotel\/","name":"El Hotel - Hoteles en Arrecife - Lanzarote","isPartOf":{"@id":"https:\/\/hotellancelot.com\/#website"},"datePublished":"2016-03-17T16:32:40+00:00","dateModified":"2020-04-17T09:17:30+00:00","breadcrumb":{"@id":"https:\/\/hotellancelot.com\/hoteles-en-arrecife-lanzarote-el-hotel\/#breadcrumb"},"inLanguage":"fr-FR","potentialAction":[{"@type":"ReadAction","target":["https:\/\/hotellancelot.com\/hoteles-en-arrecife-lanzarote-el-hotel\/"]}]},{"@type":"BreadcrumbList","@id":"https:\/\/hotellancelot.com\/hoteles-en-arrecife-lanzarote-el-hotel\/#breadcrumb","itemListElement":[{"@type":"ListItem","position":1,"name":"Portada","item":"https:\/\/hotellancelot.com\/"},{"@type":"ListItem","position":2,"name":"Hoteles en Arrecife Lanzarote &#8211; El Hotel"}]},{"@type":"WebSite","@id":"https:\/\/hotellancelot.com\/#website","url":"https:\/\/hotellancelot.com\/","name":"(Espa\u00f1ol) Hotel Lancelot","description":"(Espa\u00f1ol) Los mejores recuerdos comienzan aqu\u00ed","potentialAction":[{"@type":"SearchAction","target":{"@type":"EntryPoint","urlTemplate":"https:\/\/hotellancelot.com\/?s={search_term_string}"},"query-input":{"@type":"PropertyValueSpecification","valueRequired":true,"valueName":"search_term_string"}}],"inLanguage":"fr-FR"}]}},"_links":{"self":[{"href":"https:\/\/hotellancelot.com\/fr\/wp-json\/wp\/v2\/pages\/6","targetHints":{"allow":["GET"]}}],"collection":[{"href":"https:\/\/hotellancelot.com\/fr\/wp-json\/wp\/v2\/pages"}],"about":[{"href":"https:\/\/hotellancelot.com\/fr\/wp-json\/wp\/v2\/types\/page"}],"author":[{"embeddable":true,"href":"https:\/\/hotellancelot.com\/fr\/wp-json\/wp\/v2\/users\/1"}],"replies":[{"embeddable":true,"href":"https:\/\/hotellancelot.com\/fr\/wp-json\/wp\/v2\/comments?post=6"}],"version-history":[{"count":3,"href":"https:\/\/hotellancelot.com\/fr\/wp-json\/wp\/v2\/pages\/6\/revisions"}],"predecessor-version":[{"id":981,"href":"https:\/\/hotellancelot.com\/fr\/wp-json\/wp\/v2\/pages\/6\/revisions\/981"}],"wp:attachment":[{"href":"https:\/\/hotellancelot.com\/fr\/wp-json\/wp\/v2\/media?parent=6"}],"curies":[{"name":"wp","href":"https:\/\/api.w.org\/{rel}","templated":true}]}}