{"id":23,"date":"2016-03-17T16:51:35","date_gmt":"2016-03-17T16:51:35","guid":{"rendered":"http:\/\/hotellancelot.lztic.com\/?page_id=23"},"modified":"2020-08-21T08:57:38","modified_gmt":"2020-08-21T08:57:38","slug":"hotel-playa-arrecife-lanzarote-la-ciudad-de-arrecife-y-la-playa-del-reducto","status":"publish","type":"page","link":"https:\/\/hotellancelot.com\/it\/hotel-playa-arrecife-lanzarote-la-ciudad-de-arrecife-y-la-playa-del-reducto\/","title":{"rendered":"Lanzarote"},"content":{"rendered":"<div class=\"wpb-content-wrapper\"><p>[vc_row row_type=&#8221;row&#8221; use_row_as_full_screen_section=&#8221;no&#8221; type=&#8221;grid&#8221; angled_section=&#8221;no&#8221; text_align=&#8221;left&#8221; background_image_as_pattern=&#8221;without_pattern&#8221; css_animation=&#8221;&#8221; z_index=&#8221;&#8221;][vc_column][vc_column_text]<\/p>\n<h2>Hotel Playa Arrecife Lanzarote &#8211; La Citt\u00e0 di Arrecife e Playa del Reducto.<\/h2>\n<p>[\/vc_column_text][layerslider_vc id=&#8221;2&#8243;][\/vc_column][\/vc_row][vc_row row_type=&#8221;row&#8221; use_row_as_full_screen_section=&#8221;no&#8221; type=&#8221;grid&#8221; angled_section=&#8221;no&#8221; text_align=&#8221;left&#8221; background_image_as_pattern=&#8221;without_pattern&#8221; css_animation=&#8221;&#8221; z_index=&#8221;&#8221;][vc_column width=&#8221;1\/2&#8243;][vc_column_text css=&#8221;.vc_custom_1460141736908{margin-top: 30px !important;}&#8221;]<\/p>\n<h2>Lanzarote<\/h2>\n<p>Lanzarote \u00e8 una delle isole pi\u00f9 antiche e vulcaniche tra le Isole Canarie, una terra dai forti contrasti, geologia pura, paesaggi subacquei, acque trasparenti ed oasi di palme. Qui soprattutto grazie all&#8217;eredit\u00e0 lasciataci dall&#8217;architetto C\u00e9sar Manrique, nella parte sinistra dell&#8217;isola si gode di una perfetta armonia tra uomo e natura.<br \/>\nIl clima di Lanzarote \u00e8 temperato, con una media annua di circa 22 \u00ba C e la presenza costante dei venti Alisei, che permette la pratica di varie attivit\u00e0 sportive, tra le quali immersioni, surf, windsurf e altri sport acquatici. Altrimenti \u00e8 possibile fare il bagno nelle numerose e fantastiche spiagge, alcune tra le quali dichiarate patrimonio dell&#8217;umanit\u00e0 come las Playas del Papagayo (Playa Mujeres, Playa de Papagayo, Playa del Pozo y Playa Puerto Muelas); tutte caratterizzate da spiagge dorate, acque cristalline e vista su Isla de Lobos e Fuerteventura.<br \/>\n[\/vc_column_text][vc_separator type=&#8221;transparent&#8221; up=&#8221;30&#8243; down=&#8221;30&#8243;]<div class=\"call_to_action normal\" style=\"\"><div class=\"container_inner\"><div class=\"two_columns_75_25 clearfix\"><div class=\"text_wrapper column1\"><div class=\"call_to_action_text \" style=\"\">\n<div class=\"wpb_column vc_column_container vc_col-sm-6\">\n<div class=\"vc_column-inner \">\n<div class=\"wpb_wrapper\">\n<div class=\"wpb_text_column wpb_content_element \">\n<div class=\"wpb_wrapper\">\n<p>Maggiori informazioni sul sito ufficiale di<\/p>\n<\/div>\n<\/div>\n<\/div>\n<\/div>\n<\/div>\n<div class=\"wpb_column vc_column_container vc_col-sm-6\">&nbsp;<\/div>\n<\/div><\/div><div class=\"button_wrapper column2\"><a itemprop=\"url\" href=\"http:\/\/www.turismolanzarote.com\" class=\"qbutton white small\" target=\"_blank\" style=\"color: #545454;background-color:#ffffff;\" > Turismo de Lanzarote<\/a><\/div><\/div><\/div><\/div>[vc_separator type=&#8221;transparent&#8221; up=&#8221;30&#8243; down=&#8221;30&#8243;][vc_single_image image=&#8221;363&#8243; img_size=&#8221;full&#8221; alignment=&#8221;center&#8221; qode_css_animation=&#8221;&#8221; css=&#8221;.vc_custom_1460143102344{margin-top: 30px !important;margin-bottom: 30px !important;}&#8221;][\/vc_column][vc_column width=&#8221;1\/2&#8243;][vc_column_text css=&#8221;.vc_custom_1460142923535{margin-top: 30px !important;}&#8221;]<\/p>\n<h2>Hotel Lancelot<\/h2>\n<p>L\u2019hotel Lancelot si trova sulla Playa del Reducto, a Arrecife capitale di Lazaronte. Si tratta di una tranquilla citt\u00e0 portuale situata sulla costa orientale e in vicinanza dell\u2019aeroporto. La citt\u00e0 \u00e8 stata sviluppata intorno al quartiere di San Gin\u00e9s, un centro storico di pescatori con tipiche vie dall\u2019atmosfera marittima.<\/p>\n<blockquote><p><strong>In citt\u00e0 ci sono diversi monumenti da visitare, come il Castello di San Gabriel del XVI secolo, un monumento d\u2019 interesse turistico situato nei pressi del Ponte di Las Bolas.<\/strong><\/p>\n<p><strong>Oggi, questi e altri monumenti sono stati allestiti come sale espositive o musei d\u2019arte contemporanea che offrono alla citt\u00e0 un\u2019interessante vita culturale.<\/strong><\/p><\/blockquote>\n<p>Gli amanti di sport aquatici si possono recare presso le numerose ed eccellenti strutture nautiche offerte da Arrecife, dove \u00e8 possibile praticare attivit\u00e0 sportive come il windsurf o la vela. Invece, per gli amanti del golf il campo pi\u00f9 vicino \u00e8 situato in un incredibile paesaggio vulcanico.<\/p>\n<p><strong>L&#8217;Hotel Lancelot si trova al centro della citt\u00e0 di Arrecife e allo stesso tempo di fronte la playa del Reducto. Quest\u2019ultima \u00e8 una delle migliori spiagge della citt\u00e0 che si trova tra Punta del Camello e Islote de Fermina.<\/strong><\/p>\n<p>La Playa del Reducto \u00e8 ben attrezzata e dispone di tutti i tipi di servizi come docce, spogliatoi, servizi igienici, pattumiere e telefoni. Si tratta di una spiaggia naturale dotata di molti servizi messi a nostra disposizione e un mare poco mosso grazie alla presenza della barriera corallina, che lo rende perfetto per un bagno tranquillo anche in compagnia di bambini.<\/p>\n<p>La Playa del Reducto gode di un viale ben illuminato, nella quale si trovano diversi negozi, ristoranti e caffetterie. Sul lungomare si trova l&#8217;Hotel Lancelot, accanto ad altri alberghi e ristoranti.<\/p>\n<h2>&nbsp;<\/h2>\n<p>[\/vc_column_text][vc_single_image image=&#8221;282&#8243; img_size=&#8221;large&#8221; alignment=&#8221;center&#8221; onclick=&#8221;img_link_large&#8221; qode_css_animation=&#8221;&#8221; css=&#8221;.vc_custom_1460142754349{margin-top: 30px !important;margin-bottom: 30px !important;}&#8221;][\/vc_column][\/vc_row][vc_row row_type=&#8221;row&#8221; use_row_as_full_screen_section=&#8221;yes&#8221; type=&#8221;grid&#8221; angled_section=&#8221;no&#8221; text_align=&#8221;left&#8221; background_image_as_pattern=&#8221;without_pattern&#8221; css_animation=&#8221;&#8221; css=&#8221;.vc_custom_1594725688951{margin-top: 60px !important;padding-top: 40px !important;padding-bottom: 40px !important;background-color: #ffffff !important;}&#8221; z_index=&#8221;&#8221;][vc_column width=&#8221;1\/2&#8243;][vc_column_text]<\/p>\n<h3><strong>Dove Siamo:<\/strong><\/h3>\n<ul class=\"list\">\n<li>Aeroporto di Arrecife (ACE): 6.0 km<\/li>\n<li>TIAS: 12.4 km<\/li>\n<li>San Bartolom\u00e9: 15.1 km<\/li>\n<li>Puerto del Carmen: 16.5 km<\/li>\n<li>Puerto Calero: 18.8 km<\/li>\n<li>Costa Teguise 12.2 km<\/li>\n<li>Yaiza: 24.1 km<\/li>\n<li>Playa Blanca: 30.6 km<\/li>\n<li>Har\u00eda: &nbsp;26.0 km<\/li>\n<\/ul>\n<p>&nbsp;[\/vc_column_text][\/vc_column][vc_column width=&#8221;1\/2&#8243;][vc_column_text]<\/p>\n<h3><strong>Come arrivare:<\/strong><\/h3>\n<p>Per raggiungere l&#8217;Hotel Lancelot, \u00e8 possibile noleggiare un&#8217;auto in aeroporto, e dirigersi verso la citt\u00e0 di Arrecife sulle strade LZ-2, LZ-20, LZ-1 o LZ-101. Una volta entrati nel comune bisogna dirigersi verso il viale Fred Olsen, che \u00e8 perfettamente segnalato.<\/p>\n<p>.[\/vc_column_text][vc_single_image image=&#8221;738&#8243; img_size=&#8221;full&#8221; onclick=&#8221;custom_link&#8221; img_link_target=&#8221;_blank&#8221; qode_css_animation=&#8221;&#8221; qode_hover_animation=&#8221;zoom_in&#8221; title=&#8221;Scarica la mappa&#8221; link=&#8221;https:\/\/hotellancelot.com\/wp-content\/uploads\/2016\/04\/mapa_lanzarote.pdf&#8221; css=&#8221;.vc_custom_1594734810976{margin-top: 30px !important;}&#8221;][\/vc_column][\/vc_row]<\/p>\n<\/div>","protected":false},"excerpt":{"rendered":"<p>[vc_row row_type=&#8221;row&#8221; use_row_as_full_screen_section=&#8221;no&#8221; type=&#8221;grid&#8221; angled_section=&#8221;no&#8221; text_align=&#8221;left&#8221; background_image_as_pattern=&#8221;without_pattern&#8221; css_animation=&#8221;&#8221; z_index=&#8221;&#8221;][vc_column][vc_column_text] Hotel Playa Arrecife Lanzarote &#8211; La Citt\u00e0 di Arrecife e Playa del Reducto. [\/vc_column_text][layerslider_vc id=&#8221;2&#8243;][\/vc_column][\/vc_row][vc_row row_type=&#8221;row&#8221; use_row_as_full_screen_section=&#8221;no&#8221; type=&#8221;grid&#8221; angled_section=&#8221;no&#8221; text_align=&#8221;left&#8221; background_image_as_pattern=&#8221;without_pattern&#8221; css_animation=&#8221;&#8221; z_index=&#8221;&#8221;][vc_column width=&#8221;1\/2&#8243;][vc_column_text css=&#8221;.vc_custom_1460141736908{margin-top: 30px !important;}&#8221;] Lanzarote Lanzarote \u00e8 una delle isole pi\u00f9 antiche e&#8230;<\/p>\n","protected":false},"author":1,"featured_media":0,"parent":0,"menu_order":0,"comment_status":"closed","ping_status":"closed","template":"full_width.php","meta":{"ngg_post_thumbnail":0,"footnotes":""},"class_list":["post-23","page","type-page","status-publish","hentry"],"yoast_head":"<!-- This site is optimized with the Yoast SEO plugin v27.4 - https:\/\/yoast.com\/product\/yoast-seo-wordpress\/ -->\n<title>Lanzarote - (Espa\u00f1ol) Hotel Lancelot<\/title>\n<meta name=\"robots\" content=\"index, follow, max-snippet:-1, max-image-preview:large, max-video-preview:-1\" \/>\n<link rel=\"canonical\" href=\"https:\/\/hotellancelot.com\/hotel-playa-arrecife-lanzarote-la-ciudad-de-arrecife-y-la-playa-del-reducto\/\" \/>\n<meta property=\"og:locale\" content=\"it_IT\" \/>\n<meta property=\"og:type\" content=\"article\" \/>\n<meta property=\"og:title\" content=\"Lanzarote - (Espa\u00f1ol) Hotel Lancelot\" \/>\n<meta property=\"og:description\" content=\"[vc_row row_type=&#8221;row&#8221; use_row_as_full_screen_section=&#8221;no&#8221; type=&#8221;grid&#8221; angled_section=&#8221;no&#8221; text_align=&#8221;left&#8221; background_image_as_pattern=&#8221;without_pattern&#8221; css_animation=&#8221;&#8221; z_index=&#8221;&#8221;][vc_column][vc_column_text] Hotel Playa Arrecife Lanzarote &#8211; La Citt\u00e0 di Arrecife e Playa del Reducto. [\/vc_column_text][layerslider_vc id=&#8221;2&#8243;][\/vc_column][\/vc_row][vc_row row_type=&#8221;row&#8221; use_row_as_full_screen_section=&#8221;no&#8221; type=&#8221;grid&#8221; angled_section=&#8221;no&#8221; text_align=&#8221;left&#8221; background_image_as_pattern=&#8221;without_pattern&#8221; css_animation=&#8221;&#8221; z_index=&#8221;&#8221;][vc_column width=&#8221;1\/2&#8243;][vc_column_text css=&#8221;.vc_custom_1460141736908{margin-top: 30px !important;}&#8221;] Lanzarote Lanzarote \u00e8 una delle isole pi\u00f9 antiche e...\" \/>\n<meta property=\"og:url\" content=\"https:\/\/hotellancelot.com\/hotel-playa-arrecife-lanzarote-la-ciudad-de-arrecife-y-la-playa-del-reducto\/\" \/>\n<meta property=\"og:site_name\" content=\"(Espa\u00f1ol) Hotel Lancelot\" \/>\n<meta property=\"article:modified_time\" content=\"2020-08-21T08:57:38+00:00\" \/>\n<meta name=\"twitter:card\" content=\"summary_large_image\" \/>\n<meta name=\"twitter:label1\" content=\"Tempo di lettura stimato\" \/>\n\t<meta name=\"twitter:data1\" content=\"4 minuti\" \/>\n<script type=\"application\/ld+json\" class=\"yoast-schema-graph\">{\"@context\":\"https:\\\/\\\/schema.org\",\"@graph\":[{\"@type\":\"WebPage\",\"@id\":\"https:\\\/\\\/hotellancelot.com\\\/hotel-playa-arrecife-lanzarote-la-ciudad-de-arrecife-y-la-playa-del-reducto\\\/\",\"url\":\"https:\\\/\\\/hotellancelot.com\\\/hotel-playa-arrecife-lanzarote-la-ciudad-de-arrecife-y-la-playa-del-reducto\\\/\",\"name\":\"Lanzarote - (Espa\u00f1ol) Hotel Lancelot\",\"isPartOf\":{\"@id\":\"https:\\\/\\\/hotellancelot.com\\\/#website\"},\"datePublished\":\"2016-03-17T16:51:35+00:00\",\"dateModified\":\"2020-08-21T08:57:38+00:00\",\"breadcrumb\":{\"@id\":\"https:\\\/\\\/hotellancelot.com\\\/hotel-playa-arrecife-lanzarote-la-ciudad-de-arrecife-y-la-playa-del-reducto\\\/#breadcrumb\"},\"inLanguage\":\"it-IT\",\"potentialAction\":[{\"@type\":\"ReadAction\",\"target\":[\"https:\\\/\\\/hotellancelot.com\\\/hotel-playa-arrecife-lanzarote-la-ciudad-de-arrecife-y-la-playa-del-reducto\\\/\"]}]},{\"@type\":\"BreadcrumbList\",\"@id\":\"https:\\\/\\\/hotellancelot.com\\\/hotel-playa-arrecife-lanzarote-la-ciudad-de-arrecife-y-la-playa-del-reducto\\\/#breadcrumb\",\"itemListElement\":[{\"@type\":\"ListItem\",\"position\":1,\"name\":\"Portada\",\"item\":\"https:\\\/\\\/hotellancelot.com\\\/\"},{\"@type\":\"ListItem\",\"position\":2,\"name\":\"Lanzarote\"}]},{\"@type\":\"WebSite\",\"@id\":\"https:\\\/\\\/hotellancelot.com\\\/#website\",\"url\":\"https:\\\/\\\/hotellancelot.com\\\/\",\"name\":\"(Espa\u00f1ol) Hotel Lancelot\",\"description\":\"(Espa\u00f1ol) Los mejores recuerdos comienzan aqu\u00ed\",\"potentialAction\":[{\"@type\":\"SearchAction\",\"target\":{\"@type\":\"EntryPoint\",\"urlTemplate\":\"https:\\\/\\\/hotellancelot.com\\\/?s={search_term_string}\"},\"query-input\":{\"@type\":\"PropertyValueSpecification\",\"valueRequired\":true,\"valueName\":\"search_term_string\"}}],\"inLanguage\":\"it-IT\"}]}<\/script>\n<!-- \/ Yoast SEO plugin. -->","yoast_head_json":{"title":"Lanzarote - (Espa\u00f1ol) Hotel Lancelot","robots":{"index":"index","follow":"follow","max-snippet":"max-snippet:-1","max-image-preview":"max-image-preview:large","max-video-preview":"max-video-preview:-1"},"canonical":"https:\/\/hotellancelot.com\/hotel-playa-arrecife-lanzarote-la-ciudad-de-arrecife-y-la-playa-del-reducto\/","og_locale":"it_IT","og_type":"article","og_title":"Lanzarote - (Espa\u00f1ol) Hotel Lancelot","og_description":"[vc_row row_type=&#8221;row&#8221; use_row_as_full_screen_section=&#8221;no&#8221; type=&#8221;grid&#8221; angled_section=&#8221;no&#8221; text_align=&#8221;left&#8221; background_image_as_pattern=&#8221;without_pattern&#8221; css_animation=&#8221;&#8221; z_index=&#8221;&#8221;][vc_column][vc_column_text] Hotel Playa Arrecife Lanzarote &#8211; La Citt\u00e0 di Arrecife e Playa del Reducto. [\/vc_column_text][layerslider_vc id=&#8221;2&#8243;][\/vc_column][\/vc_row][vc_row row_type=&#8221;row&#8221; use_row_as_full_screen_section=&#8221;no&#8221; type=&#8221;grid&#8221; angled_section=&#8221;no&#8221; text_align=&#8221;left&#8221; background_image_as_pattern=&#8221;without_pattern&#8221; css_animation=&#8221;&#8221; z_index=&#8221;&#8221;][vc_column width=&#8221;1\/2&#8243;][vc_column_text css=&#8221;.vc_custom_1460141736908{margin-top: 30px !important;}&#8221;] Lanzarote Lanzarote \u00e8 una delle isole pi\u00f9 antiche e...","og_url":"https:\/\/hotellancelot.com\/hotel-playa-arrecife-lanzarote-la-ciudad-de-arrecife-y-la-playa-del-reducto\/","og_site_name":"(Espa\u00f1ol) Hotel Lancelot","article_modified_time":"2020-08-21T08:57:38+00:00","twitter_card":"summary_large_image","twitter_misc":{"Tempo di lettura stimato":"4 minuti"},"schema":{"@context":"https:\/\/schema.org","@graph":[{"@type":"WebPage","@id":"https:\/\/hotellancelot.com\/hotel-playa-arrecife-lanzarote-la-ciudad-de-arrecife-y-la-playa-del-reducto\/","url":"https:\/\/hotellancelot.com\/hotel-playa-arrecife-lanzarote-la-ciudad-de-arrecife-y-la-playa-del-reducto\/","name":"Lanzarote - (Espa\u00f1ol) Hotel Lancelot","isPartOf":{"@id":"https:\/\/hotellancelot.com\/#website"},"datePublished":"2016-03-17T16:51:35+00:00","dateModified":"2020-08-21T08:57:38+00:00","breadcrumb":{"@id":"https:\/\/hotellancelot.com\/hotel-playa-arrecife-lanzarote-la-ciudad-de-arrecife-y-la-playa-del-reducto\/#breadcrumb"},"inLanguage":"it-IT","potentialAction":[{"@type":"ReadAction","target":["https:\/\/hotellancelot.com\/hotel-playa-arrecife-lanzarote-la-ciudad-de-arrecife-y-la-playa-del-reducto\/"]}]},{"@type":"BreadcrumbList","@id":"https:\/\/hotellancelot.com\/hotel-playa-arrecife-lanzarote-la-ciudad-de-arrecife-y-la-playa-del-reducto\/#breadcrumb","itemListElement":[{"@type":"ListItem","position":1,"name":"Portada","item":"https:\/\/hotellancelot.com\/"},{"@type":"ListItem","position":2,"name":"Lanzarote"}]},{"@type":"WebSite","@id":"https:\/\/hotellancelot.com\/#website","url":"https:\/\/hotellancelot.com\/","name":"(Espa\u00f1ol) Hotel Lancelot","description":"(Espa\u00f1ol) Los mejores recuerdos comienzan aqu\u00ed","potentialAction":[{"@type":"SearchAction","target":{"@type":"EntryPoint","urlTemplate":"https:\/\/hotellancelot.com\/?s={search_term_string}"},"query-input":{"@type":"PropertyValueSpecification","valueRequired":true,"valueName":"search_term_string"}}],"inLanguage":"it-IT"}]}},"_links":{"self":[{"href":"https:\/\/hotellancelot.com\/it\/wp-json\/wp\/v2\/pages\/23","targetHints":{"allow":["GET"]}}],"collection":[{"href":"https:\/\/hotellancelot.com\/it\/wp-json\/wp\/v2\/pages"}],"about":[{"href":"https:\/\/hotellancelot.com\/it\/wp-json\/wp\/v2\/types\/page"}],"author":[{"embeddable":true,"href":"https:\/\/hotellancelot.com\/it\/wp-json\/wp\/v2\/users\/1"}],"replies":[{"embeddable":true,"href":"https:\/\/hotellancelot.com\/it\/wp-json\/wp\/v2\/comments?post=23"}],"version-history":[{"count":32,"href":"https:\/\/hotellancelot.com\/it\/wp-json\/wp\/v2\/pages\/23\/revisions"}],"predecessor-version":[{"id":1123,"href":"https:\/\/hotellancelot.com\/it\/wp-json\/wp\/v2\/pages\/23\/revisions\/1123"}],"wp:attachment":[{"href":"https:\/\/hotellancelot.com\/it\/wp-json\/wp\/v2\/media?parent=23"}],"curies":[{"name":"wp","href":"https:\/\/api.w.org\/{rel}","templated":true}]}}