{"id":230,"date":"2016-03-21T16:55:11","date_gmt":"2016-03-21T16:55:11","guid":{"rendered":"http:\/\/hotellancelot.lztic.com\/?page_id=230"},"modified":"2018-12-14T17:24:38","modified_gmt":"2018-12-14T17:24:38","slug":"aviso-legal","status":"publish","type":"page","link":"https:\/\/hotellancelot.com\/it\/aviso-legal\/","title":{"rendered":"Aviso Legal"},"content":{"rendered":"<h3>1. Datos de la empresa<\/h3>\n<p>En cumplimiento del art\u00edculo 10 de la Ley 34\/2002, de 11 de julio, de Servicios de la Sociedad de la Informaci\u00f3n y Comercio Electr\u00f3nico, a continuaci\u00f3n se exponen los datos identificativos de la empresa:<\/p>\n<ul>\n<li>Denominaci\u00f3n Social: <strong>Juan Rosa e Hijos S.A. &#8211; Hotel Lancelot<\/strong><\/li>\n<li>NIF \/ CIF: <strong>A-35221621<\/strong><\/li>\n<\/ul>\n<p>&nbsp;<\/p>\n<h3>2. Propiedad intelectual<\/h3>\n<p>El c\u00f3digo fuente, los dise\u00f1os gr\u00e1ficos, las im\u00e1genes, las fotograf\u00edas, los sonidos, las animaciones, el software, los textos, as\u00ed como la informaci\u00f3n y los contenidos que se recogen en el presente sitio web est\u00e1n protegidos por la legislaci\u00f3n espa\u00f1ola sobre los derechos de propiedad intelectual e industrial a favor de Juan Rosa e Hijos S.A. y no se permite la reproducci\u00f3n y\/o publicaci\u00f3n, total o parcial, del sitio web, ni su tratamiento inform\u00e1tico, su distribuci\u00f3n, su difusi\u00f3n, ni su modificaci\u00f3n, transformaci\u00f3n o descompilaci\u00f3n, ni dem\u00e1s derechos reconocidos legalmente a su titular, sin el permiso previo y por escrito del mismo, Juan Rosa e Hijos S.A. El usuario, \u00fanica y exclusivamente, puede utilizar el material que aparezca en este sitio web para su uso personal y privado, quedando prohibido su uso con fines comerciales o para incurrir en actividades il\u00edcitas. Todos los derechos derivados de la propiedad intelectual est\u00e1n expresamente reservados porJuan Rosa e Hijos S.A. velar\u00e1 por el cumplimiento de las anteriores condiciones como por la debida utilizaci\u00f3n de los contenidos presentados en sus p\u00e1ginas web, ejercitando todas las acciones civiles y penales que le correspondan en el caso de infracci\u00f3n o incumplimiento de estos derechos por parte del usuario.<\/p>\n<p>&nbsp;<\/p>\n<h3>3. Varios<\/h3>\n<ul>\n<li>Juan Rosa e Hijos S.A. podr\u00e1 modificar, sin previo aviso, la informaci\u00f3n contenida en su sitio web, as\u00ed como su configuraci\u00f3n y presentaci\u00f3n.<\/li>\n<li>Juan Rosa e Hijos S.A. se compromete a trav\u00e9s de este medio a NO REALIZAR PUBLICIDAD ENGA\u00d1OSA. A estos efectos, por lo tanto, no ser\u00e1n considerados como publicidad enga\u00f1osa los errores formales o num\u00e9ricos que puedan encontrarse a lo largo del contenido de las distintas secciones de la web de Juan Rosa e Hijos S.A., producidos como consecuencia de un mantenimiento y\/o actualizaci\u00f3n incompleta o defectuosa de la informaci\u00f3n contenida es estas secciones. Juan Rosa e Hijos S.A., como consecuencia de lo dispuesto en este apartado, se compromete a corregirlo tan pronto como tenga conocimiento de dichos errores.<\/li>\n<li>Juan Rosa e Hijos S.A. se compromete a NO REMITIR COMUNICACIONES COMERCIALES SIN IDENTIFICARLAS COMO TALES, conforme a lo dispuesto en la Ley 34\/2002 de Servicios de la Sociedad de la Informaci\u00f3n y de comercio electr\u00f3nico. A estos efectos no ser\u00e1 considerado como comunicaci\u00f3n comercial toda la informaci\u00f3n que se env\u00ede A LOS CLIENTES de Hotel Lancelot siempre que tenga por finalidad el mantenimiento de la relaci\u00f3n contractual existente entre cliente y Juan Rosa e Hijos S.A., as\u00ed como el desempe\u00f1o de las tareas de informaci\u00f3n, formaci\u00f3n y otras actividades propias del servicio que el cliente tiene contratado con la empresa.<\/li>\n<li>Juan Rosa e Hijos S.A. no se hace responsable del incumplimiento de cualquier norma aplicable en que pueda incurrir el usuario en su acceso al sitio web el presente sitio web y\/o en el uso de las informaciones contenidas en el mismo.<\/li>\n<li>Juan Rosa e Hijos S.A. no ser\u00e1 responsable de los da\u00f1os y perjuicios producidos o que puedan producirse, cualquiera que sea su naturaleza, que se deriven del uso de la informaci\u00f3n, de las materias contenidas en este web site y de los programas que incorpora. Los enlaces (Links) e hipertexto que posibiliten, a trav\u00e9s del sitio web el presente sitio web, acceder al usuario a prestaciones y servicios ofrecidos por terceros, no pertenecen ni se encuentran bajo el control de Juan Rosa e Hijos S.A.; dicha entidad no se hace responsable ni de la informaci\u00f3n contenida en los mismos ni de cualesquiera efectos que pudieran derivarse de dicha informaci\u00f3n.<\/li>\n<li>Juan Rosa e Hijos S.A. no se hace responsable del uso ileg\u00edtimo que terceras personas puedan hacer de los nombres de marca, nombres de producto, marcas comerciales que, no siendo propiedad de dicha entidad, aparezcan en el presente sitio web. Tampoco se responsabiliza de la integridad, veracidad y licitud del contenido de los enlaces a las webs a las que pueda accederse desde el presente sitio web.<\/li>\n<li>En definitiva, el Usuario es el \u00fanico responsable del uso que realice de los servicios, contenidos, enlaces (links) e hipertexto incluidos en el sitio web el presente sitio web.<\/li>\n<\/ul>\n<p>&nbsp;<\/p>\n","protected":false},"excerpt":{"rendered":"<p>1. Datos de la empresa En cumplimiento del art\u00edculo 10 de la Ley 34\/2002, de 11 de julio, de Servicios de la Sociedad de la Informaci\u00f3n y Comercio Electr\u00f3nico, a continuaci\u00f3n se exponen los datos identificativos de la empresa: Denominaci\u00f3n Social: Juan Rosa e Hijos&#8230;<\/p>\n","protected":false},"author":1,"featured_media":0,"parent":0,"menu_order":0,"comment_status":"closed","ping_status":"closed","template":"","meta":{"ngg_post_thumbnail":0,"footnotes":""},"class_list":["post-230","page","type-page","status-publish","hentry"],"yoast_head":"<!-- This site is optimized with the Yoast SEO plugin v27.3 - https:\/\/yoast.com\/product\/yoast-seo-wordpress\/ -->\n<title>Aviso Legal - Hotel Lancelot<\/title>\n<meta name=\"robots\" content=\"index, follow, max-snippet:-1, max-image-preview:large, max-video-preview:-1\" \/>\n<link rel=\"canonical\" href=\"https:\/\/hotellancelot.com\/aviso-legal\/\" \/>\n<meta property=\"og:locale\" content=\"it_IT\" \/>\n<meta property=\"og:type\" content=\"article\" \/>\n<meta property=\"og:title\" content=\"Aviso Legal - Hotel Lancelot\" \/>\n<meta property=\"og:description\" content=\"1. Datos de la empresa En cumplimiento del art\u00edculo 10 de la Ley 34\/2002, de 11 de julio, de Servicios de la Sociedad de la Informaci\u00f3n y Comercio Electr\u00f3nico, a continuaci\u00f3n se exponen los datos identificativos de la empresa: Denominaci\u00f3n Social: Juan Rosa e Hijos...\" \/>\n<meta property=\"og:url\" content=\"https:\/\/hotellancelot.com\/aviso-legal\/\" \/>\n<meta property=\"og:site_name\" content=\"(Espa\u00f1ol) Hotel Lancelot\" \/>\n<meta property=\"article:modified_time\" content=\"2018-12-14T17:24:38+00:00\" \/>\n<meta name=\"twitter:card\" content=\"summary_large_image\" \/>\n<meta name=\"twitter:label1\" content=\"Tempo di lettura stimato\" \/>\n\t<meta name=\"twitter:data1\" content=\"4 minuti\" \/>\n<script type=\"application\/ld+json\" class=\"yoast-schema-graph\">{\"@context\":\"https:\\\/\\\/schema.org\",\"@graph\":[{\"@type\":\"WebPage\",\"@id\":\"https:\\\/\\\/hotellancelot.com\\\/aviso-legal\\\/\",\"url\":\"https:\\\/\\\/hotellancelot.com\\\/aviso-legal\\\/\",\"name\":\"Aviso Legal - Hotel Lancelot\",\"isPartOf\":{\"@id\":\"https:\\\/\\\/hotellancelot.com\\\/#website\"},\"datePublished\":\"2016-03-21T16:55:11+00:00\",\"dateModified\":\"2018-12-14T17:24:38+00:00\",\"breadcrumb\":{\"@id\":\"https:\\\/\\\/hotellancelot.com\\\/aviso-legal\\\/#breadcrumb\"},\"inLanguage\":\"it-IT\",\"potentialAction\":[{\"@type\":\"ReadAction\",\"target\":[\"https:\\\/\\\/hotellancelot.com\\\/aviso-legal\\\/\"]}]},{\"@type\":\"BreadcrumbList\",\"@id\":\"https:\\\/\\\/hotellancelot.com\\\/aviso-legal\\\/#breadcrumb\",\"itemListElement\":[{\"@type\":\"ListItem\",\"position\":1,\"name\":\"Portada\",\"item\":\"https:\\\/\\\/hotellancelot.com\\\/\"},{\"@type\":\"ListItem\",\"position\":2,\"name\":\"Aviso Legal\"}]},{\"@type\":\"WebSite\",\"@id\":\"https:\\\/\\\/hotellancelot.com\\\/#website\",\"url\":\"https:\\\/\\\/hotellancelot.com\\\/\",\"name\":\"(Espa\u00f1ol) Hotel Lancelot\",\"description\":\"(Espa\u00f1ol) Los mejores recuerdos comienzan aqu\u00ed\",\"potentialAction\":[{\"@type\":\"SearchAction\",\"target\":{\"@type\":\"EntryPoint\",\"urlTemplate\":\"https:\\\/\\\/hotellancelot.com\\\/?s={search_term_string}\"},\"query-input\":{\"@type\":\"PropertyValueSpecification\",\"valueRequired\":true,\"valueName\":\"search_term_string\"}}],\"inLanguage\":\"it-IT\"}]}<\/script>\n<!-- \/ Yoast SEO plugin. -->","yoast_head_json":{"title":"Aviso Legal - Hotel Lancelot","robots":{"index":"index","follow":"follow","max-snippet":"max-snippet:-1","max-image-preview":"max-image-preview:large","max-video-preview":"max-video-preview:-1"},"canonical":"https:\/\/hotellancelot.com\/aviso-legal\/","og_locale":"it_IT","og_type":"article","og_title":"Aviso Legal - Hotel Lancelot","og_description":"1. Datos de la empresa En cumplimiento del art\u00edculo 10 de la Ley 34\/2002, de 11 de julio, de Servicios de la Sociedad de la Informaci\u00f3n y Comercio Electr\u00f3nico, a continuaci\u00f3n se exponen los datos identificativos de la empresa: Denominaci\u00f3n Social: Juan Rosa e Hijos...","og_url":"https:\/\/hotellancelot.com\/aviso-legal\/","og_site_name":"(Espa\u00f1ol) Hotel Lancelot","article_modified_time":"2018-12-14T17:24:38+00:00","twitter_card":"summary_large_image","twitter_misc":{"Tempo di lettura stimato":"4 minuti"},"schema":{"@context":"https:\/\/schema.org","@graph":[{"@type":"WebPage","@id":"https:\/\/hotellancelot.com\/aviso-legal\/","url":"https:\/\/hotellancelot.com\/aviso-legal\/","name":"Aviso Legal - Hotel Lancelot","isPartOf":{"@id":"https:\/\/hotellancelot.com\/#website"},"datePublished":"2016-03-21T16:55:11+00:00","dateModified":"2018-12-14T17:24:38+00:00","breadcrumb":{"@id":"https:\/\/hotellancelot.com\/aviso-legal\/#breadcrumb"},"inLanguage":"it-IT","potentialAction":[{"@type":"ReadAction","target":["https:\/\/hotellancelot.com\/aviso-legal\/"]}]},{"@type":"BreadcrumbList","@id":"https:\/\/hotellancelot.com\/aviso-legal\/#breadcrumb","itemListElement":[{"@type":"ListItem","position":1,"name":"Portada","item":"https:\/\/hotellancelot.com\/"},{"@type":"ListItem","position":2,"name":"Aviso Legal"}]},{"@type":"WebSite","@id":"https:\/\/hotellancelot.com\/#website","url":"https:\/\/hotellancelot.com\/","name":"(Espa\u00f1ol) Hotel Lancelot","description":"(Espa\u00f1ol) Los mejores recuerdos comienzan aqu\u00ed","potentialAction":[{"@type":"SearchAction","target":{"@type":"EntryPoint","urlTemplate":"https:\/\/hotellancelot.com\/?s={search_term_string}"},"query-input":{"@type":"PropertyValueSpecification","valueRequired":true,"valueName":"search_term_string"}}],"inLanguage":"it-IT"}]}},"_links":{"self":[{"href":"https:\/\/hotellancelot.com\/it\/wp-json\/wp\/v2\/pages\/230","targetHints":{"allow":["GET"]}}],"collection":[{"href":"https:\/\/hotellancelot.com\/it\/wp-json\/wp\/v2\/pages"}],"about":[{"href":"https:\/\/hotellancelot.com\/it\/wp-json\/wp\/v2\/types\/page"}],"author":[{"embeddable":true,"href":"https:\/\/hotellancelot.com\/it\/wp-json\/wp\/v2\/users\/1"}],"replies":[{"embeddable":true,"href":"https:\/\/hotellancelot.com\/it\/wp-json\/wp\/v2\/comments?post=230"}],"version-history":[{"count":5,"href":"https:\/\/hotellancelot.com\/it\/wp-json\/wp\/v2\/pages\/230\/revisions"}],"predecessor-version":[{"id":807,"href":"https:\/\/hotellancelot.com\/it\/wp-json\/wp\/v2\/pages\/230\/revisions\/807"}],"wp:attachment":[{"href":"https:\/\/hotellancelot.com\/it\/wp-json\/wp\/v2\/media?parent=230"}],"curies":[{"name":"wp","href":"https:\/\/api.w.org\/{rel}","templated":true}]}}