{"id":57,"date":"2016-03-17T17:15:18","date_gmt":"2016-03-17T17:15:18","guid":{"rendered":"http:\/\/hotellancelot.lztic.com\/?page_id=57"},"modified":"2025-07-16T11:10:06","modified_gmt":"2025-07-16T11:10:06","slug":"inicio","status":"publish","type":"page","link":"https:\/\/hotellancelot.com\/it\/","title":{"rendered":"Homepage"},"content":{"rendered":"<div class=\"wpb-content-wrapper\"><p>[vc_row css_animation=&#8221;&#8221; row_type=&#8221;row&#8221; use_row_as_full_screen_section=&#8221;no&#8221; type=&#8221;grid&#8221; angled_section=&#8221;no&#8221; text_align=&#8221;left&#8221; background_image_as_pattern=&#8221;without_pattern&#8221; css=&#8221;.vc_custom_1597831457020{margin-bottom: 50px !important;background-color: #1e73be !important;}&#8221; z_index=&#8221;&#8221;][vc_column width=&#8221;2\/3&#8243;]<div class=\"call_to_action with_icon\" style=\"background-color: #1e73be;\"><div class=\"two_columns_75_25 clearfix\"><div class=\"text_wrapper column1\"><div class=\"call_to_action_icon_holder\"><div class=\"call_to_action_icon\"><div class=\"call_to_action_icon_inner\"><i class='fa fa-arrow-circle-o-right pull-left . fa-2x'><\/i><\/div><\/div><\/div><div class=\"call_to_action_text  font_size_inherit font_weight_inherit\" style=\"font-size:18px;font-weight: 300;\">Controlla le nostre offerte:<\/div><\/div><div class=\"button_wrapper column2\"><a itemprop=\"url\" href=\"https:\/\/www.witbooking.com\/v6\/select\/hotellancelot.com\/it\/reservationsv6\/step1\" class=\"qbutton white large\" target=\"_blank\" style=\"color: #ffffff;background-color:#f29b37;\" data-hover-background-color=#dd8d16 data-hover-border-color=#eaba35 data-hover-color=#000000>VEDI LE OFFERTE<\/a><\/div><\/div><\/div>[\/vc_column][vc_column width=&#8221;1\/3&#8243; css=&#8221;.vc_custom_1629798939615{padding-top: 20px !important;}&#8221;][\/vc_column][\/vc_row][vc_row css_animation=&#8221;&#8221; row_type=&#8221;row&#8221; use_row_as_full_screen_section=&#8221;no&#8221; type=&#8221;grid&#8221; angled_section=&#8221;no&#8221; text_align=&#8221;left&#8221; background_image_as_pattern=&#8221;without_pattern&#8221;][vc_column width=&#8221;1\/4&#8243; css=&#8221;.vc_custom_1559894871812{padding-right: 50px !important;}&#8221;][vc_single_image image=&#8221;734&#8243; img_size=&#8221;full&#8221; alignment=&#8221;center&#8221; qode_css_animation=&#8221;&#8221; css=&#8221;.vc_custom_1559894862092{margin-top: 0px !important;}&#8221;][vc_single_image image=&#8221;487&#8243; img_size=&#8221;large&#8221; alignment=&#8221;center&#8221; qode_css_animation=&#8221;element_from_fade&#8221; qode_hover_animation=&#8221;zoom_in&#8221; css=&#8221;.vc_custom_1559895000599{margin-top: 40px !important;}&#8221;][\/vc_column][vc_column width=&#8221;3\/4&#8243;][vc_column_text css=&#8221;.vc_custom_1671789422508{margin-bottom: 30px !important;}&#8221;]<strong> Benvenuti all\u2019 Hotel Lancelot<\/strong>, situato nel centro storico della citt\u00e0 di Arrecife, capitale dell\u2019Isola di Lanzarote.<\/p>\n<p>&nbsp;<\/p>\n<h4><span style=\"color: #1e73be;\"><strong> Camere con vista mare ad un prezzo molto speciale, esclusivamente sulla nostra pagina web! <\/strong><\/span><\/h4>\n<p>&nbsp;<\/p>\n<p>L\u2019 hotel \u00e8 situato nella playa del Reducto ed a soli 6 km dall\u2019aeroporto. Offriamo i migliori servizi per rendere le vostre vacanze o visite d\u2019affari un successo.<br \/>\n&nbsp;<\/p>\n<p>Cordiali saluti.[\/vc_column_text][vc_column_text css=&#8221;.vc_custom_1622797635310{margin-top: 90px !important;}&#8221;]<a href=\"https:\/\/www.calidadendestino.es\/\" target=\"_blank\" rel=\"attachment wp-att-548 noopener noreferrer\"><img loading=\"lazy\" decoding=\"async\" class=\"size-medium wp-image-548 alignleft\" src=\"https:\/\/www.hotellancelot.com\/wp-content\/uploads\/2016\/03\/compromiso-calidad-turistica300-300x76.jpg\" alt=\"\" width=\"300\" height=\"76\"><\/a>[\/vc_column_text][\/vc_column][\/vc_row][vc_row css_animation=&#8221;&#8221; row_type=&#8221;row&#8221; use_row_as_full_screen_section=&#8221;no&#8221; type=&#8221;full_width&#8221; angled_section=&#8221;no&#8221; text_align=&#8221;left&#8221; background_image_as_pattern=&#8221;without_pattern&#8221;][vc_column][vc_empty_space height=&#8221;50px&#8221;][\/vc_column][\/vc_row][vc_row css_animation=&#8221;&#8221; row_type=&#8221;row&#8221; use_row_as_full_screen_section=&#8221;yes&#8221; type=&#8221;grid&#8221; angled_section=&#8221;no&#8221; text_align=&#8221;left&#8221; background_image_as_pattern=&#8221;without_pattern&#8221; css=&#8221;.vc_custom_1559894830066{margin-top: 60px !important;}&#8221; z_index=&#8221;&#8221;][vc_column]\n<div class='latest_post_holder boxes three_columns one_row' >\n    <ul>\n    \n        <li class=\"clearfix\">\n            <div class=\"boxes_image\">\n                                <a itemprop=\"url\" href=\"https:\/\/hotellancelot.com\/it\/visitas-recomendadas-para-tus-vacaciones-en-arrecife-lanzarote\/\"><img loading=\"lazy\" decoding=\"async\" width=\"539\" height=\"303\" src=\"https:\/\/hotellancelot.com\/wp-content\/uploads\/2018\/03\/miac-539x303.jpg\" class=\"attachment-latest_post_boxes size-latest_post_boxes wp-post-image\" alt=\"\" \/><\/a>\n            <\/div>\n            <div class=\"latest_post\"  >\n                <div class=\"latest_post_text\">\n                    <div class=\"latest_post_inner\">\n                        <div class=\"latest_post_text_inner\">\n                            <h5 itemprop=\"name\" class=\"latest_post_title entry_title\"><a itemprop=\"url\" href=\"https:\/\/hotellancelot.com\/it\/visitas-recomendadas-para-tus-vacaciones-en-arrecife-lanzarote\/\">Visite consigliate per le vostre vacanze a Arrecife (Lanzarote)<\/a><\/h5>\n                            <p class=\"excerpt\">La scena culturale di Arrecife, e per estensione quella dell&#8217;intera isola di Lanzarote, \u00e8 riuscita ad attrarre un turismo di qualit\u00e0 che cerca molto di pi\u00f9 del sole e della spiaggia. Ecco alcune delle attivit\u00e0 culturali che si possono trovare in citt\u00e0 e nel resto......<\/p>\n                            <span class=\"post_infos\">\n                                                                                                \n                                \n                                                            <\/span>\n                        <\/div>\n                    <\/div>\n                <\/div>\n            <\/div>\n        <\/li>\n    \n        <li class=\"clearfix\">\n            <div class=\"boxes_image\">\n                                <a itemprop=\"url\" href=\"https:\/\/hotellancelot.com\/it\/actividades-con-ninos-en-lanzarote\/\"><img loading=\"lazy\" decoding=\"async\" width=\"539\" height=\"303\" src=\"https:\/\/hotellancelot.com\/wp-content\/uploads\/2017\/08\/verano1-539x303.jpg\" class=\"attachment-latest_post_boxes size-latest_post_boxes wp-post-image\" alt=\"\" \/><\/a>\n            <\/div>\n            <div class=\"latest_post\"  >\n                <div class=\"latest_post_text\">\n                    <div class=\"latest_post_inner\">\n                        <div class=\"latest_post_text_inner\">\n                            <h5 itemprop=\"name\" class=\"latest_post_title entry_title\"><a itemprop=\"url\" href=\"https:\/\/hotellancelot.com\/it\/actividades-con-ninos-en-lanzarote\/\">Attivit\u00e0 con i bambini a Lanzarote<\/a><\/h5>\n                            <p class=\"excerpt\">Attivit\u00e0 con i bambini a LanzaroteIn alcune destinazioni \u00e8 molto difficile coniugare vacanze e bambini, ma a Lanzarote non sar\u00e0 un problema, perch\u00e9 possiamo trovare una serie di programmi per i pi\u00f9 piccoli della famiglia e per gli adulti. In tutta l&#8217;isola troviamo un&#8217;area di......<\/p>\n                            <span class=\"post_infos\">\n                                                                                                \n                                \n                                                            <\/span>\n                        <\/div>\n                    <\/div>\n                <\/div>\n            <\/div>\n        <\/li>\n        <\/ul>\n<\/div>[vc_empty_space height=&#8221;80px&#8221;][\/vc_column][\/vc_row][vc_row css_animation=&#8221;&#8221; row_type=&#8221;row&#8221; use_row_as_full_screen_section=&#8221;no&#8221; type=&#8221;grid&#8221; angled_section=&#8221;no&#8221; text_align=&#8221;left&#8221; background_image_as_pattern=&#8221;without_pattern&#8221; z_index=&#8221;&#8221;][vc_column el_class=&#8221;awards-imgs&#8221;][vc_single_image image=&#8221;1387&#8243; img_size=&#8221;155&#215;155&#8243; alignment=&#8221;center&#8221; onclick=&#8221;custom_link&#8221; img_link_target=&#8221;_blank&#8221; qode_css_animation=&#8221;&#8221; css=&#8221;.vc_custom_1685347480053{margin-top: 10px !important;margin-bottom: 10px !important;margin-left: 5px !important;}&#8221;][vc_single_image image=&#8221;523&#8243; img_size=&#8221;full&#8221; alignment=&#8221;center&#8221; onclick=&#8221;custom_link&#8221; img_link_target=&#8221;_blank&#8221; qode_css_animation=&#8221;&#8221; css=&#8221;.vc_custom_1563906334561{margin-top: 10px !important;margin-bottom: 10px !important;margin-left: 5px !important;}&#8221;][vc_single_image image=&#8221;970&#8243; img_size=&#8221;154&#215;154&#8243; alignment=&#8221;center&#8221; onclick=&#8221;custom_link&#8221; img_link_target=&#8221;_blank&#8221; qode_css_animation=&#8221;&#8221; css=&#8221;.vc_custom_1579770726588{margin-top: 10px !important;margin-bottom: 10px !important;margin-left: 5px !important;}&#8221;][vc_single_image image=&#8221;964&#8243; img_size=&#8221;154&#215;154&#8243; alignment=&#8221;center&#8221; onclick=&#8221;custom_link&#8221; img_link_target=&#8221;_blank&#8221; qode_css_animation=&#8221;&#8221; css=&#8221;.vc_custom_1563906275626{margin-top: 10px !important;margin-bottom: 10px !important;margin-left: 5px !important;}&#8221;][vc_single_image image=&#8221;963&#8243; img_size=&#8221;108&#215;154&#8243; alignment=&#8221;center&#8221; onclick=&#8221;custom_link&#8221; img_link_target=&#8221;_blank&#8221; qode_css_animation=&#8221;&#8221; css=&#8221;.vc_custom_1563906269652{margin-top: 10px !important;margin-bottom: 10px !important;margin-left: 5px !important;}&#8221;][vc_single_image image=&#8221;290&#8243; img_size=&#8221;154&#215;90&#8243; alignment=&#8221;center&#8221; onclick=&#8221;custom_link&#8221; img_link_target=&#8221;_blank&#8221; qode_css_animation=&#8221;&#8221; css=&#8221;.vc_custom_1563906261395{margin-top: 10px !important;margin-bottom: 10px !important;margin-left: 5px !important;}&#8221;][vc_single_image image=&#8221;1412&#8243; img_size=&#8221;150&#215;150&#8243; alignment=&#8221;center&#8221; onclick=&#8221;custom_link&#8221; img_link_target=&#8221;_blank&#8221; qode_css_animation=&#8221;&#8221; css=&#8221;.vc_custom_1715336263458{margin-top: 10px !important;margin-bottom: 10px !important;margin-left: 5px !important;}&#8221; link=&#8221;https:\/\/www.kayak.es\/Arrecife-Hotels-Hotel-Lancelot.162011.ksp&#8221;][\/vc_column][\/vc_row][vc_row css_animation=&#8221;&#8221; row_type=&#8221;row&#8221; use_row_as_full_screen_section=&#8221;no&#8221; type=&#8221;full_width&#8221; angled_section=&#8221;no&#8221; text_align=&#8221;left&#8221; background_image_as_pattern=&#8221;without_pattern&#8221;][vc_column][vc_empty_space height=&#8221;20px&#8221;][\/vc_column][\/vc_row]<\/p>\n<\/div>","protected":false},"excerpt":{"rendered":"<p>[vc_row css_animation=&#8221;&#8221; row_type=&#8221;row&#8221; use_row_as_full_screen_section=&#8221;no&#8221; type=&#8221;grid&#8221; angled_section=&#8221;no&#8221; text_align=&#8221;left&#8221; background_image_as_pattern=&#8221;without_pattern&#8221; css=&#8221;.vc_custom_1597831457020{margin-bottom: 50px !important;background-color: #1e73be !important;}&#8221; z_index=&#8221;&#8221;][vc_column width=&#8221;2\/3&#8243;][\/vc_column][vc_column width=&#8221;1\/3&#8243; css=&#8221;.vc_custom_1629798939615{padding-top: 20px !important;}&#8221;][\/vc_column][\/vc_row][vc_row css_animation=&#8221;&#8221; row_type=&#8221;row&#8221; use_row_as_full_screen_section=&#8221;no&#8221; type=&#8221;grid&#8221; angled_section=&#8221;no&#8221; text_align=&#8221;left&#8221; background_image_as_pattern=&#8221;without_pattern&#8221;][vc_column width=&#8221;1\/4&#8243; css=&#8221;.vc_custom_1559894871812{padding-right: 50px !important;}&#8221;][vc_single_image image=&#8221;734&#8243; img_size=&#8221;full&#8221; alignment=&#8221;center&#8221; qode_css_animation=&#8221;&#8221; css=&#8221;.vc_custom_1559894862092{margin-top: 0px !important;}&#8221;][vc_single_image image=&#8221;487&#8243; img_size=&#8221;large&#8221; alignment=&#8221;center&#8221; qode_css_animation=&#8221;element_from_fade&#8221; qode_hover_animation=&#8221;zoom_in&#8221; css=&#8221;.vc_custom_1559895000599{margin-top: 40px !important;}&#8221;][\/vc_column][vc_column&#8230;<\/p>\n","protected":false},"author":1,"featured_media":0,"parent":0,"menu_order":0,"comment_status":"closed","ping_status":"closed","template":"full_width.php","meta":{"ngg_post_thumbnail":0,"footnotes":""},"class_list":["post-57","page","type-page","status-publish","hentry"],"yoast_head":"<!-- This site is optimized with the Yoast SEO plugin v27.3 - https:\/\/yoast.com\/product\/yoast-seo-wordpress\/ -->\n<title>Sito ufficiale dell&#039;Hotel Lancelot - Arrecife de Lanzarote<\/title>\n<meta name=\"description\" content=\"{:es}El Hotel Lancelot est\u00e1 situado en la principal Avenida de Arrecife, capital de la isla de Lanzarote, frente a la Playa del Reducto. Disponemos de varios tipos de habitaciones con vistas al mar a un precio muy especial... {:en}The Hotel Lancelot is located on the main Avenida de Arrecife, capital of the island of Lanzarote, in front of the Playa del Reducto. We have several types of rooms with sea views at a very special price ...{:de}Das Hotel Lancelot befindet sich an der Hauptstra\u00dfe Avenida de Arrecife, der Hauptstadt der Insel Lanzarote, gegen\u00fcber der Playa del Reducto. Wir haben verschiedene Arten von Zimmern mit Meerblick zu einem sehr speziellen Preis ...{:}\" \/>\n<meta name=\"robots\" content=\"index, follow, max-snippet:-1, max-image-preview:large, max-video-preview:-1\" \/>\n<link rel=\"canonical\" href=\"https:\/\/hotellancelot.com\/\" \/>\n<meta property=\"og:locale\" content=\"it_IT\" \/>\n<meta property=\"og:type\" content=\"article\" \/>\n<meta property=\"og:title\" content=\"[:es]Hotel Lancelot - Lanzarote. Los mejores recuerdos comienzan aqu\u00ed[:en]Official Website of Hotel Lancelot - Arrecife - Lanzarote[:de]Offizielle Website von Hotel Lancelot - Arrecife - Lanzarote[:][:it]Sito ufficiale dell&#039;Hotel Lancelot - Arrecife de Lanzarote [:]\" \/>\n<meta property=\"og:description\" content=\"{:es}El Hotel Lancelot est\u00e1 situado en la principal Avenida de Arrecife, capital de la isla de Lanzarote, frente a la Playa del Reducto. Disponemos de varios tipos de habitaciones con vistas al mar a un precio muy especial... {:en}The Hotel Lancelot is located on the main Avenida de Arrecife, capital of the island of Lanzarote, in front of the Playa del Reducto. We have several types of rooms with sea views at a very special price ...{:de}Das Hotel Lancelot befindet sich an der Hauptstra\u00dfe Avenida de Arrecife, der Hauptstadt der Insel Lanzarote, gegen\u00fcber der Playa del Reducto. Wir haben verschiedene Arten von Zimmern mit Meerblick zu einem sehr speziellen Preis ...{:}\" \/>\n<meta property=\"og:url\" content=\"https:\/\/hotellancelot.com\/\" \/>\n<meta property=\"og:site_name\" content=\"(Espa\u00f1ol) Hotel Lancelot\" \/>\n<meta property=\"article:modified_time\" content=\"2025-07-16T11:10:06+00:00\" \/>\n<meta property=\"og:image\" content=\"https:\/\/www.hotellancelot.com\/wp-content\/uploads\/2016\/03\/compromiso-calidad-turistica300-300x76.jpg\" \/>\n<meta name=\"twitter:card\" content=\"summary_large_image\" \/>\n<meta name=\"twitter:label1\" content=\"Tempo di lettura stimato\" \/>\n\t<meta name=\"twitter:data1\" content=\"4 minuti\" \/>\n<script type=\"application\/ld+json\" class=\"yoast-schema-graph\">{\"@context\":\"https:\\\/\\\/schema.org\",\"@graph\":[{\"@type\":\"WebPage\",\"@id\":\"https:\\\/\\\/hotellancelot.com\\\/\",\"url\":\"https:\\\/\\\/hotellancelot.com\\\/\",\"name\":\"[:es]Hotel Lancelot - Lanzarote. Los mejores recuerdos comienzan aqu\u00ed[:en]Official Website of Hotel Lancelot - Arrecife - Lanzarote[:de]Offizielle Website von Hotel Lancelot - Arrecife - Lanzarote[:][:it]Sito ufficiale dell'Hotel Lancelot - Arrecife de Lanzarote [:]\",\"isPartOf\":{\"@id\":\"https:\\\/\\\/hotellancelot.com\\\/#website\"},\"primaryImageOfPage\":{\"@id\":\"https:\\\/\\\/hotellancelot.com\\\/#primaryimage\"},\"image\":{\"@id\":\"https:\\\/\\\/hotellancelot.com\\\/#primaryimage\"},\"thumbnailUrl\":\"https:\\\/\\\/www.hotellancelot.com\\\/wp-content\\\/uploads\\\/2016\\\/03\\\/compromiso-calidad-turistica300-300x76.jpg\",\"datePublished\":\"2016-03-17T17:15:18+00:00\",\"dateModified\":\"2025-07-16T11:10:06+00:00\",\"description\":\"{:es}El Hotel Lancelot est\u00e1 situado en la principal Avenida de Arrecife, capital de la isla de Lanzarote, frente a la Playa del Reducto. Disponemos de varios tipos de habitaciones con vistas al mar a un precio muy especial... {:en}The Hotel Lancelot is located on the main Avenida de Arrecife, capital of the island of Lanzarote, in front of the Playa del Reducto. We have several types of rooms with sea views at a very special price ...{:de}Das Hotel Lancelot befindet sich an der Hauptstra\u00dfe Avenida de Arrecife, der Hauptstadt der Insel Lanzarote, gegen\u00fcber der Playa del Reducto. Wir haben verschiedene Arten von Zimmern mit Meerblick zu einem sehr speziellen Preis ...{:}\",\"breadcrumb\":{\"@id\":\"https:\\\/\\\/hotellancelot.com\\\/#breadcrumb\"},\"inLanguage\":\"it-IT\",\"potentialAction\":[{\"@type\":\"ReadAction\",\"target\":[\"https:\\\/\\\/hotellancelot.com\\\/\"]}]},{\"@type\":\"ImageObject\",\"inLanguage\":\"it-IT\",\"@id\":\"https:\\\/\\\/hotellancelot.com\\\/#primaryimage\",\"url\":\"https:\\\/\\\/www.hotellancelot.com\\\/wp-content\\\/uploads\\\/2016\\\/03\\\/compromiso-calidad-turistica300-300x76.jpg\",\"contentUrl\":\"https:\\\/\\\/www.hotellancelot.com\\\/wp-content\\\/uploads\\\/2016\\\/03\\\/compromiso-calidad-turistica300-300x76.jpg\"},{\"@type\":\"BreadcrumbList\",\"@id\":\"https:\\\/\\\/hotellancelot.com\\\/#breadcrumb\",\"itemListElement\":[{\"@type\":\"ListItem\",\"position\":1,\"name\":\"Portada\",\"item\":\"https:\\\/\\\/hotellancelot.com\\\/\"},{\"@type\":\"ListItem\",\"position\":2,\"name\":\"Home\"}]},{\"@type\":\"WebSite\",\"@id\":\"https:\\\/\\\/hotellancelot.com\\\/#website\",\"url\":\"https:\\\/\\\/hotellancelot.com\\\/\",\"name\":\"(Espa\u00f1ol) Hotel Lancelot\",\"description\":\"(Espa\u00f1ol) Los mejores recuerdos comienzan aqu\u00ed\",\"potentialAction\":[{\"@type\":\"SearchAction\",\"target\":{\"@type\":\"EntryPoint\",\"urlTemplate\":\"https:\\\/\\\/hotellancelot.com\\\/?s={search_term_string}\"},\"query-input\":{\"@type\":\"PropertyValueSpecification\",\"valueRequired\":true,\"valueName\":\"search_term_string\"}}],\"inLanguage\":\"it-IT\"}]}<\/script>\n<!-- \/ Yoast SEO plugin. -->","yoast_head_json":{"title":"[:es]Hotel Lancelot - Lanzarote. Los mejores recuerdos comienzan aqu\u00ed[:en]Official Website of Hotel Lancelot - Arrecife - Lanzarote[:de]Offizielle Website von Hotel Lancelot - Arrecife - Lanzarote[:][:it]Sito ufficiale dell'Hotel Lancelot - Arrecife de Lanzarote [:]","description":"{:es}El Hotel Lancelot est\u00e1 situado en la principal Avenida de Arrecife, capital de la isla de Lanzarote, frente a la Playa del Reducto. Disponemos de varios tipos de habitaciones con vistas al mar a un precio muy especial... {:en}The Hotel Lancelot is located on the main Avenida de Arrecife, capital of the island of Lanzarote, in front of the Playa del Reducto. We have several types of rooms with sea views at a very special price ...{:de}Das Hotel Lancelot befindet sich an der Hauptstra\u00dfe Avenida de Arrecife, der Hauptstadt der Insel Lanzarote, gegen\u00fcber der Playa del Reducto. Wir haben verschiedene Arten von Zimmern mit Meerblick zu einem sehr speziellen Preis ...{:}","robots":{"index":"index","follow":"follow","max-snippet":"max-snippet:-1","max-image-preview":"max-image-preview:large","max-video-preview":"max-video-preview:-1"},"canonical":"https:\/\/hotellancelot.com\/","og_locale":"it_IT","og_type":"article","og_title":"[:es]Hotel Lancelot - Lanzarote. Los mejores recuerdos comienzan aqu\u00ed[:en]Official Website of Hotel Lancelot - Arrecife - Lanzarote[:de]Offizielle Website von Hotel Lancelot - Arrecife - Lanzarote[:][:it]Sito ufficiale dell'Hotel Lancelot - Arrecife de Lanzarote [:]","og_description":"{:es}El Hotel Lancelot est\u00e1 situado en la principal Avenida de Arrecife, capital de la isla de Lanzarote, frente a la Playa del Reducto. Disponemos de varios tipos de habitaciones con vistas al mar a un precio muy especial... {:en}The Hotel Lancelot is located on the main Avenida de Arrecife, capital of the island of Lanzarote, in front of the Playa del Reducto. We have several types of rooms with sea views at a very special price ...{:de}Das Hotel Lancelot befindet sich an der Hauptstra\u00dfe Avenida de Arrecife, der Hauptstadt der Insel Lanzarote, gegen\u00fcber der Playa del Reducto. Wir haben verschiedene Arten von Zimmern mit Meerblick zu einem sehr speziellen Preis ...{:}","og_url":"https:\/\/hotellancelot.com\/","og_site_name":"(Espa\u00f1ol) Hotel Lancelot","article_modified_time":"2025-07-16T11:10:06+00:00","og_image":[{"url":"https:\/\/www.hotellancelot.com\/wp-content\/uploads\/2016\/03\/compromiso-calidad-turistica300-300x76.jpg","type":"","width":"","height":""}],"twitter_card":"summary_large_image","twitter_misc":{"Tempo di lettura stimato":"4 minuti"},"schema":{"@context":"https:\/\/schema.org","@graph":[{"@type":"WebPage","@id":"https:\/\/hotellancelot.com\/","url":"https:\/\/hotellancelot.com\/","name":"[:es]Hotel Lancelot - Lanzarote. Los mejores recuerdos comienzan aqu\u00ed[:en]Official Website of Hotel Lancelot - Arrecife - Lanzarote[:de]Offizielle Website von Hotel Lancelot - Arrecife - Lanzarote[:][:it]Sito ufficiale dell'Hotel Lancelot - Arrecife de Lanzarote [:]","isPartOf":{"@id":"https:\/\/hotellancelot.com\/#website"},"primaryImageOfPage":{"@id":"https:\/\/hotellancelot.com\/#primaryimage"},"image":{"@id":"https:\/\/hotellancelot.com\/#primaryimage"},"thumbnailUrl":"https:\/\/www.hotellancelot.com\/wp-content\/uploads\/2016\/03\/compromiso-calidad-turistica300-300x76.jpg","datePublished":"2016-03-17T17:15:18+00:00","dateModified":"2025-07-16T11:10:06+00:00","description":"{:es}El Hotel Lancelot est\u00e1 situado en la principal Avenida de Arrecife, capital de la isla de Lanzarote, frente a la Playa del Reducto. Disponemos de varios tipos de habitaciones con vistas al mar a un precio muy especial... {:en}The Hotel Lancelot is located on the main Avenida de Arrecife, capital of the island of Lanzarote, in front of the Playa del Reducto. We have several types of rooms with sea views at a very special price ...{:de}Das Hotel Lancelot befindet sich an der Hauptstra\u00dfe Avenida de Arrecife, der Hauptstadt der Insel Lanzarote, gegen\u00fcber der Playa del Reducto. Wir haben verschiedene Arten von Zimmern mit Meerblick zu einem sehr speziellen Preis ...{:}","breadcrumb":{"@id":"https:\/\/hotellancelot.com\/#breadcrumb"},"inLanguage":"it-IT","potentialAction":[{"@type":"ReadAction","target":["https:\/\/hotellancelot.com\/"]}]},{"@type":"ImageObject","inLanguage":"it-IT","@id":"https:\/\/hotellancelot.com\/#primaryimage","url":"https:\/\/www.hotellancelot.com\/wp-content\/uploads\/2016\/03\/compromiso-calidad-turistica300-300x76.jpg","contentUrl":"https:\/\/www.hotellancelot.com\/wp-content\/uploads\/2016\/03\/compromiso-calidad-turistica300-300x76.jpg"},{"@type":"BreadcrumbList","@id":"https:\/\/hotellancelot.com\/#breadcrumb","itemListElement":[{"@type":"ListItem","position":1,"name":"Portada","item":"https:\/\/hotellancelot.com\/"},{"@type":"ListItem","position":2,"name":"Home"}]},{"@type":"WebSite","@id":"https:\/\/hotellancelot.com\/#website","url":"https:\/\/hotellancelot.com\/","name":"(Espa\u00f1ol) Hotel Lancelot","description":"(Espa\u00f1ol) Los mejores recuerdos comienzan aqu\u00ed","potentialAction":[{"@type":"SearchAction","target":{"@type":"EntryPoint","urlTemplate":"https:\/\/hotellancelot.com\/?s={search_term_string}"},"query-input":{"@type":"PropertyValueSpecification","valueRequired":true,"valueName":"search_term_string"}}],"inLanguage":"it-IT"}]}},"_links":{"self":[{"href":"https:\/\/hotellancelot.com\/it\/wp-json\/wp\/v2\/pages\/57","targetHints":{"allow":["GET"]}}],"collection":[{"href":"https:\/\/hotellancelot.com\/it\/wp-json\/wp\/v2\/pages"}],"about":[{"href":"https:\/\/hotellancelot.com\/it\/wp-json\/wp\/v2\/types\/page"}],"author":[{"embeddable":true,"href":"https:\/\/hotellancelot.com\/it\/wp-json\/wp\/v2\/users\/1"}],"replies":[{"embeddable":true,"href":"https:\/\/hotellancelot.com\/it\/wp-json\/wp\/v2\/comments?post=57"}],"version-history":[{"count":162,"href":"https:\/\/hotellancelot.com\/it\/wp-json\/wp\/v2\/pages\/57\/revisions"}],"predecessor-version":[{"id":1440,"href":"https:\/\/hotellancelot.com\/it\/wp-json\/wp\/v2\/pages\/57\/revisions\/1440"}],"wp:attachment":[{"href":"https:\/\/hotellancelot.com\/it\/wp-json\/wp\/v2\/media?parent=57"}],"curies":[{"name":"wp","href":"https:\/\/api.w.org\/{rel}","templated":true}]}}