{"id":6,"date":"2016-03-17T16:32:40","date_gmt":"2016-03-17T16:32:40","guid":{"rendered":"http:\/\/hotellancelot.lztic.com\/?page_id=6"},"modified":"2020-04-17T09:17:30","modified_gmt":"2020-04-17T09:17:30","slug":"hoteles-en-arrecife-lanzarote-el-hotel","status":"publish","type":"page","link":"https:\/\/hotellancelot.com\/it\/hoteles-en-arrecife-lanzarote-el-hotel\/","title":{"rendered":"Hotel"},"content":{"rendered":"<div class=\"wpb-content-wrapper\"><p>[vc_row row_type=&#8221;row&#8221; use_row_as_full_screen_section=&#8221;no&#8221; type=&#8221;full_width&#8221; angled_section=&#8221;no&#8221; text_align=&#8221;left&#8221; background_image_as_pattern=&#8221;without_pattern&#8221; css_animation=&#8221;&#8221;][vc_column][layerslider_vc id=&#8221;3&#8243;][\/vc_column][\/vc_row][vc_row row_type=&#8221;row&#8221; use_row_as_full_screen_section=&#8221;no&#8221; type=&#8221;full_width&#8221; angled_section=&#8221;no&#8221; text_align=&#8221;left&#8221; background_image_as_pattern=&#8221;without_pattern&#8221; css_animation=&#8221;&#8221;][vc_column width=&#8221;1\/2&#8243;][vc_column_text css=&#8221;.vc_custom_1460484801732{margin-top: 40px !important;}&#8221;]<strong>L\u2019Hotel Lancelot \u00e8 uno degli alberghi situati a Arrecife, Lanzarote. La struttura possiede 110 camere, delle quali 33 sono singole, 77 doppie e 2 Suites. <\/p>\n<p>L\u2019hotel dispone di piscina, solarium, palestra ma anche di un ristorante e di una caffetteria con una splendida vista sulla citt\u00e0.<\/strong><br \/>\n[\/vc_column_text][vc_column_text css=&#8221;.vc_custom_1460485470612{margin-top: 20px !important;margin-bottom: 20px !important;padding-top: 20px !important;padding-right: 20px !important;padding-bottom: 20px !important;padding-left: 20px !important;background-color: #1e73be !important;}&#8221;]<\/p>\n<h3><span style=\"color: #ffffff;\"><strong>Arrivo\/(CHECK-IN): A partire dalle ore 14:00.<\/strong><\/span><br \/>\n<span style=\"color: #ffffff;\"><strong>Partenza\/(CHECK-OUT): Fino alle ore 12:00<\/strong><\/span><\/h3>\n<p>[\/vc_column_text][vc_column_text css=&#8221;.vc_custom_1460485143428{margin-top: 20px !important;margin-bottom: 20px !important;padding-top: 10px !important;padding-bottom: 10px !important;padding-left: 20px !important;background-color: #e2e2e2 !important;}&#8221;]<em>L\u2019hotel riserva il diritto di verificare la validit\u00e0 delle carte di credito prima della data di arrivo.<\/em><br \/>\n<span style=\"color: #999999;\"><em>L&#8217;hotel si riserva il diritto di verificare la validit\u00e0 delle carte di credito prima della data di arrivo.<\/em><\/span>[\/vc_column_text][vc_single_image image=&#8221;282&#8243; img_size=&#8221;full&#8221; qode_css_animation=&#8221;&#8221; css=&#8221;.vc_custom_1561104488012{margin-top: 30px !important;margin-bottom: 30px !important;}&#8221;][\/vc_column][vc_column width=&#8221;1\/2&#8243; css=&#8221;.vc_custom_1460485173445{margin-top: 30px !important;margin-bottom: 30px !important;}&#8221;]<div class='service_table_holder'><ul class='service_table_inner'><li class='service_table_title_holder background_color_type' style=''><div class='service_table_title_inner'><div class='service_table_title_inner2'><h2 class='service_title' style='color: #1e73be;'>I Nostri Servizi<\/h2><i class=\"qode_icon_font_awesome fa fa-star fa-3x\" style=\"color: #1e73be !important;\" ><\/i><\/div><\/div><\/li><li class='service_table_content' style=''><\/p>\n<ul>\n<li>Free Internet Wi-Fi disponibile in tutto l&#8217;hotel<\/li>\n<li>Servizio lavanderia<\/li>\n<li>Deposito bagagli<\/li>\n<li>Invio\/ricezione di fax\/mail<\/li>\n<li>Giornali nazionali<\/li>\n<li>Ristorante<\/li>\n<li>Lobby bar<\/li>\n<li>Parcheggio<\/li>\n<li>Noleggio di auto\/ Escursioni<\/li>\n<li>Colazione a buffet<\/li>\n<li>Snack-bar<\/li>\n<li>Minibar a pagamento<\/li>\n<\/ul>\n<p><\/li><\/ul><\/div>[\/vc_column][\/vc_row]<\/p>\n<\/div>","protected":false},"excerpt":{"rendered":"<p>[vc_row row_type=&#8221;row&#8221; use_row_as_full_screen_section=&#8221;no&#8221; type=&#8221;full_width&#8221; angled_section=&#8221;no&#8221; text_align=&#8221;left&#8221; background_image_as_pattern=&#8221;without_pattern&#8221; css_animation=&#8221;&#8221;][vc_column][layerslider_vc id=&#8221;3&#8243;][\/vc_column][\/vc_row][vc_row row_type=&#8221;row&#8221; use_row_as_full_screen_section=&#8221;no&#8221; type=&#8221;full_width&#8221; angled_section=&#8221;no&#8221; text_align=&#8221;left&#8221; background_image_as_pattern=&#8221;without_pattern&#8221; css_animation=&#8221;&#8221;][vc_column width=&#8221;1\/2&#8243;][vc_column_text css=&#8221;.vc_custom_1460484801732{margin-top: 40px !important;}&#8221;]L\u2019Hotel Lancelot \u00e8 uno degli alberghi situati a Arrecife, Lanzarote. La struttura possiede 110 camere, delle quali 33 sono singole, 77 doppie e 2 Suites. L\u2019hotel&#8230;<\/p>\n","protected":false},"author":1,"featured_media":0,"parent":0,"menu_order":0,"comment_status":"closed","ping_status":"closed","template":"","meta":{"ngg_post_thumbnail":0,"footnotes":""},"class_list":["post-6","page","type-page","status-publish","hentry"],"yoast_head":"<!-- This site is optimized with the Yoast SEO plugin v27.3 - https:\/\/yoast.com\/product\/yoast-seo-wordpress\/ -->\n<title>El Hotel - Hoteles en Arrecife - Lanzarote<\/title>\n<meta name=\"robots\" content=\"index, follow, max-snippet:-1, max-image-preview:large, max-video-preview:-1\" \/>\n<link rel=\"canonical\" href=\"https:\/\/hotellancelot.com\/hoteles-en-arrecife-lanzarote-el-hotel\/\" \/>\n<meta property=\"og:locale\" content=\"it_IT\" \/>\n<meta property=\"og:type\" content=\"article\" \/>\n<meta property=\"og:title\" content=\"El Hotel - Hoteles en Arrecife - Lanzarote\" \/>\n<meta property=\"og:description\" content=\"[vc_row row_type=&#8221;row&#8221; use_row_as_full_screen_section=&#8221;no&#8221; type=&#8221;full_width&#8221; angled_section=&#8221;no&#8221; text_align=&#8221;left&#8221; background_image_as_pattern=&#8221;without_pattern&#8221; css_animation=&#8221;&#8221;][vc_column][layerslider_vc id=&#8221;3&#8243;][\/vc_column][\/vc_row][vc_row row_type=&#8221;row&#8221; use_row_as_full_screen_section=&#8221;no&#8221; type=&#8221;full_width&#8221; angled_section=&#8221;no&#8221; text_align=&#8221;left&#8221; background_image_as_pattern=&#8221;without_pattern&#8221; css_animation=&#8221;&#8221;][vc_column width=&#8221;1\/2&#8243;][vc_column_text css=&#8221;.vc_custom_1460484801732{margin-top: 40px !important;}&#8221;]L\u2019Hotel Lancelot \u00e8 uno degli alberghi situati a Arrecife, Lanzarote. La struttura possiede 110 camere, delle quali 33 sono singole, 77 doppie e 2 Suites. L\u2019hotel...\" \/>\n<meta property=\"og:url\" content=\"https:\/\/hotellancelot.com\/hoteles-en-arrecife-lanzarote-el-hotel\/\" \/>\n<meta property=\"og:site_name\" content=\"(Espa\u00f1ol) Hotel Lancelot\" \/>\n<meta property=\"article:modified_time\" content=\"2020-04-17T09:17:30+00:00\" \/>\n<meta name=\"twitter:card\" content=\"summary_large_image\" \/>\n<meta name=\"twitter:label1\" content=\"Tempo di lettura stimato\" \/>\n\t<meta name=\"twitter:data1\" content=\"2 minuti\" \/>\n<script type=\"application\/ld+json\" class=\"yoast-schema-graph\">{\"@context\":\"https:\\\/\\\/schema.org\",\"@graph\":[{\"@type\":\"WebPage\",\"@id\":\"https:\\\/\\\/hotellancelot.com\\\/hoteles-en-arrecife-lanzarote-el-hotel\\\/\",\"url\":\"https:\\\/\\\/hotellancelot.com\\\/hoteles-en-arrecife-lanzarote-el-hotel\\\/\",\"name\":\"El Hotel - Hoteles en Arrecife - Lanzarote\",\"isPartOf\":{\"@id\":\"https:\\\/\\\/hotellancelot.com\\\/#website\"},\"datePublished\":\"2016-03-17T16:32:40+00:00\",\"dateModified\":\"2020-04-17T09:17:30+00:00\",\"breadcrumb\":{\"@id\":\"https:\\\/\\\/hotellancelot.com\\\/hoteles-en-arrecife-lanzarote-el-hotel\\\/#breadcrumb\"},\"inLanguage\":\"it-IT\",\"potentialAction\":[{\"@type\":\"ReadAction\",\"target\":[\"https:\\\/\\\/hotellancelot.com\\\/hoteles-en-arrecife-lanzarote-el-hotel\\\/\"]}]},{\"@type\":\"BreadcrumbList\",\"@id\":\"https:\\\/\\\/hotellancelot.com\\\/hoteles-en-arrecife-lanzarote-el-hotel\\\/#breadcrumb\",\"itemListElement\":[{\"@type\":\"ListItem\",\"position\":1,\"name\":\"Portada\",\"item\":\"https:\\\/\\\/hotellancelot.com\\\/\"},{\"@type\":\"ListItem\",\"position\":2,\"name\":\"Hoteles en Arrecife Lanzarote &#8211; El Hotel\"}]},{\"@type\":\"WebSite\",\"@id\":\"https:\\\/\\\/hotellancelot.com\\\/#website\",\"url\":\"https:\\\/\\\/hotellancelot.com\\\/\",\"name\":\"(Espa\u00f1ol) Hotel Lancelot\",\"description\":\"(Espa\u00f1ol) Los mejores recuerdos comienzan aqu\u00ed\",\"potentialAction\":[{\"@type\":\"SearchAction\",\"target\":{\"@type\":\"EntryPoint\",\"urlTemplate\":\"https:\\\/\\\/hotellancelot.com\\\/?s={search_term_string}\"},\"query-input\":{\"@type\":\"PropertyValueSpecification\",\"valueRequired\":true,\"valueName\":\"search_term_string\"}}],\"inLanguage\":\"it-IT\"}]}<\/script>\n<!-- \/ Yoast SEO plugin. -->","yoast_head_json":{"title":"El Hotel - Hoteles en Arrecife - Lanzarote","robots":{"index":"index","follow":"follow","max-snippet":"max-snippet:-1","max-image-preview":"max-image-preview:large","max-video-preview":"max-video-preview:-1"},"canonical":"https:\/\/hotellancelot.com\/hoteles-en-arrecife-lanzarote-el-hotel\/","og_locale":"it_IT","og_type":"article","og_title":"El Hotel - Hoteles en Arrecife - Lanzarote","og_description":"[vc_row row_type=&#8221;row&#8221; use_row_as_full_screen_section=&#8221;no&#8221; type=&#8221;full_width&#8221; angled_section=&#8221;no&#8221; text_align=&#8221;left&#8221; background_image_as_pattern=&#8221;without_pattern&#8221; css_animation=&#8221;&#8221;][vc_column][layerslider_vc id=&#8221;3&#8243;][\/vc_column][\/vc_row][vc_row row_type=&#8221;row&#8221; use_row_as_full_screen_section=&#8221;no&#8221; type=&#8221;full_width&#8221; angled_section=&#8221;no&#8221; text_align=&#8221;left&#8221; background_image_as_pattern=&#8221;without_pattern&#8221; css_animation=&#8221;&#8221;][vc_column width=&#8221;1\/2&#8243;][vc_column_text css=&#8221;.vc_custom_1460484801732{margin-top: 40px !important;}&#8221;]L\u2019Hotel Lancelot \u00e8 uno degli alberghi situati a Arrecife, Lanzarote. La struttura possiede 110 camere, delle quali 33 sono singole, 77 doppie e 2 Suites. L\u2019hotel...","og_url":"https:\/\/hotellancelot.com\/hoteles-en-arrecife-lanzarote-el-hotel\/","og_site_name":"(Espa\u00f1ol) Hotel Lancelot","article_modified_time":"2020-04-17T09:17:30+00:00","twitter_card":"summary_large_image","twitter_misc":{"Tempo di lettura stimato":"2 minuti"},"schema":{"@context":"https:\/\/schema.org","@graph":[{"@type":"WebPage","@id":"https:\/\/hotellancelot.com\/hoteles-en-arrecife-lanzarote-el-hotel\/","url":"https:\/\/hotellancelot.com\/hoteles-en-arrecife-lanzarote-el-hotel\/","name":"El Hotel - Hoteles en Arrecife - Lanzarote","isPartOf":{"@id":"https:\/\/hotellancelot.com\/#website"},"datePublished":"2016-03-17T16:32:40+00:00","dateModified":"2020-04-17T09:17:30+00:00","breadcrumb":{"@id":"https:\/\/hotellancelot.com\/hoteles-en-arrecife-lanzarote-el-hotel\/#breadcrumb"},"inLanguage":"it-IT","potentialAction":[{"@type":"ReadAction","target":["https:\/\/hotellancelot.com\/hoteles-en-arrecife-lanzarote-el-hotel\/"]}]},{"@type":"BreadcrumbList","@id":"https:\/\/hotellancelot.com\/hoteles-en-arrecife-lanzarote-el-hotel\/#breadcrumb","itemListElement":[{"@type":"ListItem","position":1,"name":"Portada","item":"https:\/\/hotellancelot.com\/"},{"@type":"ListItem","position":2,"name":"Hoteles en Arrecife Lanzarote &#8211; El Hotel"}]},{"@type":"WebSite","@id":"https:\/\/hotellancelot.com\/#website","url":"https:\/\/hotellancelot.com\/","name":"(Espa\u00f1ol) Hotel Lancelot","description":"(Espa\u00f1ol) Los mejores recuerdos comienzan aqu\u00ed","potentialAction":[{"@type":"SearchAction","target":{"@type":"EntryPoint","urlTemplate":"https:\/\/hotellancelot.com\/?s={search_term_string}"},"query-input":{"@type":"PropertyValueSpecification","valueRequired":true,"valueName":"search_term_string"}}],"inLanguage":"it-IT"}]}},"_links":{"self":[{"href":"https:\/\/hotellancelot.com\/it\/wp-json\/wp\/v2\/pages\/6","targetHints":{"allow":["GET"]}}],"collection":[{"href":"https:\/\/hotellancelot.com\/it\/wp-json\/wp\/v2\/pages"}],"about":[{"href":"https:\/\/hotellancelot.com\/it\/wp-json\/wp\/v2\/types\/page"}],"author":[{"embeddable":true,"href":"https:\/\/hotellancelot.com\/it\/wp-json\/wp\/v2\/users\/1"}],"replies":[{"embeddable":true,"href":"https:\/\/hotellancelot.com\/it\/wp-json\/wp\/v2\/comments?post=6"}],"version-history":[{"count":8,"href":"https:\/\/hotellancelot.com\/it\/wp-json\/wp\/v2\/pages\/6\/revisions"}],"predecessor-version":[{"id":981,"href":"https:\/\/hotellancelot.com\/it\/wp-json\/wp\/v2\/pages\/6\/revisions\/981"}],"wp:attachment":[{"href":"https:\/\/hotellancelot.com\/it\/wp-json\/wp\/v2\/media?parent=6"}],"curies":[{"name":"wp","href":"https:\/\/api.w.org\/{rel}","templated":true}]}}