{"id":9,"date":"2016-03-17T16:35:30","date_gmt":"2016-03-17T16:35:30","guid":{"rendered":"http:\/\/hotellancelot.lztic.com\/?page_id=9"},"modified":"2023-02-13T08:51:04","modified_gmt":"2023-02-13T08:51:04","slug":"habitaciones","status":"publish","type":"page","link":"https:\/\/hotellancelot.com\/it\/habitaciones\/","title":{"rendered":"Camere"},"content":{"rendered":"<div class=\"wpb-content-wrapper\"><p>[vc_row css_animation=&#8221;&#8221; row_type=&#8221;row&#8221; use_row_as_full_screen_section=&#8221;no&#8221; type=&#8221;full_width&#8221; angled_section=&#8221;no&#8221; text_align=&#8221;left&#8221; background_image_as_pattern=&#8221;without_pattern&#8221;][vc_column][layerslider_vc id=&#8221;4&#8243;][\/vc_column][\/vc_row][vc_row css_animation=&#8221;&#8221; row_type=&#8221;row&#8221; use_row_as_full_screen_section=&#8221;no&#8221; type=&#8221;full_width&#8221; angled_section=&#8221;no&#8221; text_align=&#8221;left&#8221; background_image_as_pattern=&#8221;without_pattern&#8221;][vc_column width=&#8221;1\/2&#8243;][vc_column_text css=&#8221;.vc_custom_1460488564024{margin-top: 30px !important;margin-bottom: 30px !important;}&#8221;]<strong>Tutte le camere dell\u2019hotel sono spaziose e decorate in stile moderno.<\/strong><\/p>\n<p><strong>Sono dotate di televisori e connessione Wi-Fi.<\/strong>[\/vc_column_text][vc_column_text]<br \/>\n<strong>I bambini al di sotto dei due anni in culla sono gratis.<\/strong><br \/>\nNumero massimo di lettini nella stanza doppia:<strong> &nbsp;1<\/strong><\/p>\n<p>[\/vc_column_text][vc_column_text css=&#8221;.vc_custom_1460488408931{margin-top: 30px !important;margin-bottom: 30px !important;padding-top: 20px !important;padding-right: 20px !important;padding-bottom: 20px !important;padding-left: 20px !important;background-color: #eaeaea !important;}&#8221;]Carte di credito accettate: American Express, Visa, Euro \/ Mastercard, Dinners Club, Red, Maestro.<br \/>\n<em>L&#8217;hotel riserva il diritto di verificare la validit\u00e0 delle carte di credito prima della data di arrivo.<\/em>[\/vc_column_text][vc_single_image image=&#8221;1110&#8243; img_size=&#8221;full&#8221; qode_css_animation=&#8221;&#8221; css=&#8221;.vc_custom_1597997364133{margin-top: 10px !important;margin-bottom: 30px !important;}&#8221;][\/vc_column][vc_column width=&#8221;1\/2&#8243; css=&#8221;.vc_custom_1597997373202{margin-top: 30px !important;margin-bottom: 30px !important;padding-bottom: 30px !important;}&#8221;]<div class='service_table_holder'><ul class='service_table_inner'><li class='service_table_title_holder background_color_type' style=''><div class='service_table_title_inner'><div class='service_table_title_inner2'><h2 class='service_title' style='color: #1e73be;'>Room Amenities<\/h2><i class=\"qode_icon_font_awesome fa fa-university fa-lg\" style=\"\" ><\/i><\/div><\/div><\/li><li class='service_table_content' style=''><\/p>\n<ul>\n<li>Telefono<\/li>\n<li>Aria condizionata<\/li>\n<li>Minibar a pagamento (su richiesta)<\/li>\n<li>Wi-Fi gratuito<\/li>\n<li>Cassetta di sicurezza<\/li>\n<li>TV satellitare con canali internazionali<\/li>\n<li>Asciugacapelli<\/li>\n<li>Gli animali non sono ammessi<\/li>\n<\/ul>\n<p><\/li><\/ul><\/div>[\/vc_column][\/vc_row][vc_row css_animation=&#8221;&#8221; row_type=&#8221;row&#8221; use_row_as_full_screen_section=&#8221;no&#8221; type=&#8221;full_width&#8221; angled_section=&#8221;no&#8221; text_align=&#8221;left&#8221; background_image_as_pattern=&#8221;without_pattern&#8221;][vc_column][vc_gallery type=&#8221;nivo&#8221; interval=&#8221;3&#8243; images=&#8221;1089,1092,1091,1374,1373&#8243; img_size=&#8221;1000&#215;680&#8243;][\/vc_column][\/vc_row]<\/p>\n<\/div>","protected":false},"excerpt":{"rendered":"<p>[vc_row css_animation=&#8221;&#8221; row_type=&#8221;row&#8221; use_row_as_full_screen_section=&#8221;no&#8221; type=&#8221;full_width&#8221; angled_section=&#8221;no&#8221; text_align=&#8221;left&#8221; background_image_as_pattern=&#8221;without_pattern&#8221;][vc_column][layerslider_vc id=&#8221;4&#8243;][\/vc_column][\/vc_row][vc_row css_animation=&#8221;&#8221; row_type=&#8221;row&#8221; use_row_as_full_screen_section=&#8221;no&#8221; type=&#8221;full_width&#8221; angled_section=&#8221;no&#8221; text_align=&#8221;left&#8221; background_image_as_pattern=&#8221;without_pattern&#8221;][vc_column width=&#8221;1\/2&#8243;][vc_column_text css=&#8221;.vc_custom_1460488564024{margin-top: 30px !important;margin-bottom: 30px !important;}&#8221;]Tutte le camere dell\u2019hotel sono spaziose e decorate in stile moderno. Sono dotate di televisori e connessione Wi-Fi.[\/vc_column_text][vc_column_text] I bambini al di sotto dei&#8230;<\/p>\n","protected":false},"author":1,"featured_media":0,"parent":0,"menu_order":0,"comment_status":"closed","ping_status":"closed","template":"","meta":{"ngg_post_thumbnail":0,"footnotes":""},"class_list":["post-9","page","type-page","status-publish","hentry"],"yoast_head":"<!-- This site is optimized with the Yoast SEO plugin v27.3 - https:\/\/yoast.com\/product\/yoast-seo-wordpress\/ -->\n<title>Camere - Hotel Lancelot<\/title>\n<meta name=\"robots\" content=\"index, follow, max-snippet:-1, max-image-preview:large, max-video-preview:-1\" \/>\n<link rel=\"canonical\" href=\"https:\/\/hotellancelot.com\/habitaciones\/\" \/>\n<meta property=\"og:locale\" content=\"it_IT\" \/>\n<meta property=\"og:type\" content=\"article\" \/>\n<meta property=\"og:title\" content=\"[:es]Habitaciones - Hotel Lancelot [:en]Rooms - Hotel Lancelot [:de]Zimmer - Hotel Lancelot[:it]Camere - Hotel Lancelot[:]\" \/>\n<meta property=\"og:description\" content=\"[vc_row css_animation=&#8221;&#8221; row_type=&#8221;row&#8221; use_row_as_full_screen_section=&#8221;no&#8221; type=&#8221;full_width&#8221; angled_section=&#8221;no&#8221; text_align=&#8221;left&#8221; background_image_as_pattern=&#8221;without_pattern&#8221;][vc_column][layerslider_vc id=&#8221;4&#8243;][\/vc_column][\/vc_row][vc_row css_animation=&#8221;&#8221; row_type=&#8221;row&#8221; use_row_as_full_screen_section=&#8221;no&#8221; type=&#8221;full_width&#8221; angled_section=&#8221;no&#8221; text_align=&#8221;left&#8221; background_image_as_pattern=&#8221;without_pattern&#8221;][vc_column width=&#8221;1\/2&#8243;][vc_column_text css=&#8221;.vc_custom_1460488564024{margin-top: 30px !important;margin-bottom: 30px !important;}&#8221;]Tutte le camere dell\u2019hotel sono spaziose e decorate in stile moderno. Sono dotate di televisori e connessione Wi-Fi.[\/vc_column_text][vc_column_text] I bambini al di sotto dei...\" \/>\n<meta property=\"og:url\" content=\"https:\/\/hotellancelot.com\/habitaciones\/\" \/>\n<meta property=\"og:site_name\" content=\"(Espa\u00f1ol) Hotel Lancelot\" \/>\n<meta property=\"article:modified_time\" content=\"2023-02-13T08:51:04+00:00\" \/>\n<meta name=\"twitter:card\" content=\"summary_large_image\" \/>\n<meta name=\"twitter:label1\" content=\"Tempo di lettura stimato\" \/>\n\t<meta name=\"twitter:data1\" content=\"1 minuto\" \/>\n<script type=\"application\/ld+json\" class=\"yoast-schema-graph\">{\"@context\":\"https:\\\/\\\/schema.org\",\"@graph\":[{\"@type\":\"WebPage\",\"@id\":\"https:\\\/\\\/hotellancelot.com\\\/habitaciones\\\/\",\"url\":\"https:\\\/\\\/hotellancelot.com\\\/habitaciones\\\/\",\"name\":\"[:es]Habitaciones - Hotel Lancelot [:en]Rooms - Hotel Lancelot [:de]Zimmer - Hotel Lancelot[:it]Camere - Hotel Lancelot[:]\",\"isPartOf\":{\"@id\":\"https:\\\/\\\/hotellancelot.com\\\/#website\"},\"datePublished\":\"2016-03-17T16:35:30+00:00\",\"dateModified\":\"2023-02-13T08:51:04+00:00\",\"breadcrumb\":{\"@id\":\"https:\\\/\\\/hotellancelot.com\\\/habitaciones\\\/#breadcrumb\"},\"inLanguage\":\"it-IT\",\"potentialAction\":[{\"@type\":\"ReadAction\",\"target\":[\"https:\\\/\\\/hotellancelot.com\\\/habitaciones\\\/\"]}]},{\"@type\":\"BreadcrumbList\",\"@id\":\"https:\\\/\\\/hotellancelot.com\\\/habitaciones\\\/#breadcrumb\",\"itemListElement\":[{\"@type\":\"ListItem\",\"position\":1,\"name\":\"Portada\",\"item\":\"https:\\\/\\\/hotellancelot.com\\\/\"},{\"@type\":\"ListItem\",\"position\":2,\"name\":\"Habitaciones\"}]},{\"@type\":\"WebSite\",\"@id\":\"https:\\\/\\\/hotellancelot.com\\\/#website\",\"url\":\"https:\\\/\\\/hotellancelot.com\\\/\",\"name\":\"(Espa\u00f1ol) Hotel Lancelot\",\"description\":\"(Espa\u00f1ol) Los mejores recuerdos comienzan aqu\u00ed\",\"potentialAction\":[{\"@type\":\"SearchAction\",\"target\":{\"@type\":\"EntryPoint\",\"urlTemplate\":\"https:\\\/\\\/hotellancelot.com\\\/?s={search_term_string}\"},\"query-input\":{\"@type\":\"PropertyValueSpecification\",\"valueRequired\":true,\"valueName\":\"search_term_string\"}}],\"inLanguage\":\"it-IT\"}]}<\/script>\n<!-- \/ Yoast SEO plugin. -->","yoast_head_json":{"title":"[:es]Habitaciones - Hotel Lancelot [:en]Rooms - Hotel Lancelot [:de]Zimmer - Hotel Lancelot[:it]Camere - Hotel Lancelot[:]","robots":{"index":"index","follow":"follow","max-snippet":"max-snippet:-1","max-image-preview":"max-image-preview:large","max-video-preview":"max-video-preview:-1"},"canonical":"https:\/\/hotellancelot.com\/habitaciones\/","og_locale":"it_IT","og_type":"article","og_title":"[:es]Habitaciones - Hotel Lancelot [:en]Rooms - Hotel Lancelot [:de]Zimmer - Hotel Lancelot[:it]Camere - Hotel Lancelot[:]","og_description":"[vc_row css_animation=&#8221;&#8221; row_type=&#8221;row&#8221; use_row_as_full_screen_section=&#8221;no&#8221; type=&#8221;full_width&#8221; angled_section=&#8221;no&#8221; text_align=&#8221;left&#8221; background_image_as_pattern=&#8221;without_pattern&#8221;][vc_column][layerslider_vc id=&#8221;4&#8243;][\/vc_column][\/vc_row][vc_row css_animation=&#8221;&#8221; row_type=&#8221;row&#8221; use_row_as_full_screen_section=&#8221;no&#8221; type=&#8221;full_width&#8221; angled_section=&#8221;no&#8221; text_align=&#8221;left&#8221; background_image_as_pattern=&#8221;without_pattern&#8221;][vc_column width=&#8221;1\/2&#8243;][vc_column_text css=&#8221;.vc_custom_1460488564024{margin-top: 30px !important;margin-bottom: 30px !important;}&#8221;]Tutte le camere dell\u2019hotel sono spaziose e decorate in stile moderno. Sono dotate di televisori e connessione Wi-Fi.[\/vc_column_text][vc_column_text] I bambini al di sotto dei...","og_url":"https:\/\/hotellancelot.com\/habitaciones\/","og_site_name":"(Espa\u00f1ol) Hotel Lancelot","article_modified_time":"2023-02-13T08:51:04+00:00","twitter_card":"summary_large_image","twitter_misc":{"Tempo di lettura stimato":"1 minuto"},"schema":{"@context":"https:\/\/schema.org","@graph":[{"@type":"WebPage","@id":"https:\/\/hotellancelot.com\/habitaciones\/","url":"https:\/\/hotellancelot.com\/habitaciones\/","name":"[:es]Habitaciones - Hotel Lancelot [:en]Rooms - Hotel Lancelot [:de]Zimmer - Hotel Lancelot[:it]Camere - Hotel Lancelot[:]","isPartOf":{"@id":"https:\/\/hotellancelot.com\/#website"},"datePublished":"2016-03-17T16:35:30+00:00","dateModified":"2023-02-13T08:51:04+00:00","breadcrumb":{"@id":"https:\/\/hotellancelot.com\/habitaciones\/#breadcrumb"},"inLanguage":"it-IT","potentialAction":[{"@type":"ReadAction","target":["https:\/\/hotellancelot.com\/habitaciones\/"]}]},{"@type":"BreadcrumbList","@id":"https:\/\/hotellancelot.com\/habitaciones\/#breadcrumb","itemListElement":[{"@type":"ListItem","position":1,"name":"Portada","item":"https:\/\/hotellancelot.com\/"},{"@type":"ListItem","position":2,"name":"Habitaciones"}]},{"@type":"WebSite","@id":"https:\/\/hotellancelot.com\/#website","url":"https:\/\/hotellancelot.com\/","name":"(Espa\u00f1ol) Hotel Lancelot","description":"(Espa\u00f1ol) Los mejores recuerdos comienzan aqu\u00ed","potentialAction":[{"@type":"SearchAction","target":{"@type":"EntryPoint","urlTemplate":"https:\/\/hotellancelot.com\/?s={search_term_string}"},"query-input":{"@type":"PropertyValueSpecification","valueRequired":true,"valueName":"search_term_string"}}],"inLanguage":"it-IT"}]}},"_links":{"self":[{"href":"https:\/\/hotellancelot.com\/it\/wp-json\/wp\/v2\/pages\/9","targetHints":{"allow":["GET"]}}],"collection":[{"href":"https:\/\/hotellancelot.com\/it\/wp-json\/wp\/v2\/pages"}],"about":[{"href":"https:\/\/hotellancelot.com\/it\/wp-json\/wp\/v2\/types\/page"}],"author":[{"embeddable":true,"href":"https:\/\/hotellancelot.com\/it\/wp-json\/wp\/v2\/users\/1"}],"replies":[{"embeddable":true,"href":"https:\/\/hotellancelot.com\/it\/wp-json\/wp\/v2\/comments?post=9"}],"version-history":[{"count":41,"href":"https:\/\/hotellancelot.com\/it\/wp-json\/wp\/v2\/pages\/9\/revisions"}],"predecessor-version":[{"id":1380,"href":"https:\/\/hotellancelot.com\/it\/wp-json\/wp\/v2\/pages\/9\/revisions\/1380"}],"wp:attachment":[{"href":"https:\/\/hotellancelot.com\/it\/wp-json\/wp\/v2\/media?parent=9"}],"curies":[{"name":"wp","href":"https:\/\/api.w.org\/{rel}","templated":true}]}}